{"id":361,"date":"2025-02-04T17:45:59","date_gmt":"2025-02-04T17:45:59","guid":{"rendered":"https:\/\/letsgonerd.com\/?page_id=361"},"modified":"2025-07-30T20:02:13","modified_gmt":"2025-07-30T20:02:13","slug":"about-us","status":"publish","type":"page","link":"https:\/\/letsgonerd.com\/ko\/about-us\/","title":{"rendered":"\ud68c\uc0ac \uc18c\uac1c"},"content":{"rendered":"<h2 class=\"wp-block-heading\">\uc0c8\ub85c\uc6b4 \uac83\uc744 \ubc30\uc6b0\uace0 \uad34\uc9dc \uc138\uacc4\uc5d0 \ub6f0\uc5b4\ub4e4\uace0 \uc2f6\uc73c\uc2e0\uac00\uc694?<\/h2>\n\n\n\n<p>Let&#039;s Go Nerd\uc758 \uc0ac\uba85\uc740 \uc5ec\ub7ec\ubd84\uc744 \ucd5c\uace0\uc758 \uad34\uc9dc, \uac8c\uc774\uba38, \uadf8\ub9ac\uace0 \uae30\uc220 \uc138\uacc4\uc640 \uc5f0\uacb0\ud574 \ub4dc\ub9ac\ub294 \uac83\uc785\ub2c8\ub2e4. \uc0c8\ub85c\uc6b4 \uac8c\uc784\uc744 \ud0d0\ud5d8\ud558\uace0, \ub9e4\ub825\uc801\uc778 \uc560\ub2c8\uba54\uc774\uc158\uc744 \uac10\uc0c1\ud558\uace0, \uc2dc\uc57c\ub97c \ub113\ud600\uc8fc\ub294 \uac15\uc88c\uc5d0 \ub6f0\uc5b4\ub4dc\ub294 \uac83\ub9cc\ud07c\uc774\ub098 \ud559\uc2b5\uc774 \uc7ac\ubbf8\uc788\uc744 \uc218 \uc788\ub2e4\uace0 \ubbff\uc2b5\ub2c8\ub2e4. \uc5ec\uae30\uc5d0\uc11c \uac15\uc88c, \uae30\uc220, \uad34\uc9dc \ubb38\ud654, \uadf8\ub9ac\uace0 \uc774 \ud65c\uae30\ucc2c \uc138\uacc4\ub97c \uc6c0\uc9c1\uc774\ub294 \ubaa8\ub4e0 \uac83\uc5d0 \ub300\ud55c \uc5c4\uc120\ub41c \ucf58\ud150\uce20\ub97c \ub9cc\ub098\ubcf4\uc2e4 \uc218 \uc788\uc2b5\ub2c8\ub2e4.<\/p>\n\n\n\n<h2 class=\"wp-block-heading\"><strong>\uc6b0\ub9ac\ub294 \ub204\uad6c\uc778\uac00?<\/strong><\/h2>\n\n\n\n<p>Let&#039;s Go Nerd\ub294 \uae30\uc220, \uac8c\uc784, TV \ud504\ub85c\uadf8\ub7a8, \uadf8\ub9ac\uace0 \ub108\ub4dc \ubb38\ud654\uc5d0 \uc5f4\uc815\uc744 \uac00\uc9c4 \uc0ac\ub78c\ub4e4\uc774 \ub9cc\ub4e0 \ud3ec\ud138\uc785\ub2c8\ub2e4. \uc800\ud76c\ub294 \uace0\ud488\uc9c8 \uc815\ubcf4\ub97c \ub204\uad6c\ub098 \uc27d\uac8c \uc811\uadfc\ud558\uace0 \uc5ed\ub3d9\uc801\uc778 \ubc29\uc2dd\uc73c\ub85c \uc81c\uacf5\ud558\uc5ec \uc0c8\ub85c\uc6b4 \ud559\uc2b5 \uae30\ud68c, \ud601\uc2e0\uc801\uc778 \ub3c4\uad6c, \uadf8\ub9ac\uace0 \ub514\uc9c0\ud138 \uc138\uacc4\uc758 \ucd5c\uc2e0 \ud2b8\ub80c\ub4dc\ub97c \ubc1c\uacac\ud560 \uc218 \uc788\ub3c4\ub85d \ub3d5\ub294 \ub370 \uc804\ub150\ud569\ub2c8\ub2e4.<\/p>\n\n\n\n<h2 class=\"wp-block-heading\"><strong>\uc6b0\ub9ac\ub294 \uc65c \uc5ec\uae30\uc5d0 \uc788\ub294\uac00?<\/strong><\/h2>\n\n\n\n<p>\uc800\ud76c\ub294 \uc5ec\ub7ec\ubd84\uc774 \uc88b\uc544\ud558\ub294 \ubaa8\ub4e0 IT \uad00\ub828 \uc815\ubcf4\ub97c \uc81c\uacf5\ud558\ub294 \ucd5c\uace0\uc758 \ud50c\ub7ab\ud3fc\uc774 \ub418\uace0 \uc2f6\uc2b5\ub2c8\ub2e4. \uc628\ub77c\uc778 \uac15\uc88c, \uc571 \ud301, \uac8c\uc784 \uc18c\uc2dd, \ud544\ub3c5 \ucd94\ucc9c \ub4f1 \uc5b4\ub5a4 \ucf58\ud150\uce20\ub97c \ucc3e\uace0 \uacc4\uc2dc\ub4e0, \uc800\ud76c\ub294 \uc5ec\ub7ec\ubd84\uaed8 \ucd5c\uc2e0 \uc815\ubcf4\uc640 \uc601\uac10\uc744 \uc81c\uacf5\ud558\uae30 \uc704\ud574 \ub04a\uc784\uc5c6\uc774 \ucf58\ud150\uce20\ub97c \uc5c5\ub370\uc774\ud2b8\ud558\uace0 \uc788\uc2b5\ub2c8\ub2e4.<\/p>\n\n\n\n<h2 class=\"wp-block-heading\"><strong>\uc5ec\ub7ec\ubd84\uc758 \uc758\uacac\uc774 \uc911\uc694\ud569\ub2c8\ub2e4!<\/strong><\/h2>\n\n\n\n<p>\ub3c5\uc790 \uc5ec\ub7ec\ubd84\uc758 \uc758\uacac\uc744 \uae30\ub2e4\ub9bd\ub2c8\ub2e4! \ucf58\ud150\uce20\uc5d0 \ub300\ud55c \uc81c\uc548\uc774 \uc788\uac70\ub098 \ud2b9\uc815 \uc8fc\uc81c\ub97c \ub2e4\ub8e8\uace0 \uc2f6\uc73c\uc2dc\uba74 \uc5b8\uc81c\ub4e0\uc9c0 \ubb38\uc758\ud574 \uc8fc\uc138\uc694. \ud568\uaed8 \ud798\uc744 \ubaa8\uc544 Let&#039;s Go Nerd\ub97c \ub354\uc6b1 \uc644\ubcbd\ud55c \ub108\ub4dc \ubc0f \uae31 \ucee4\ubba4\ub2c8\ud2f0 \uacf5\uac04\uc73c\ub85c \ub9cc\ub4e4\uc5b4 \uac11\uc2dc\ub2e4!<\/p>\n\n\n\n<p>\ud559\uc2b5\uacfc \uad34\uc9dc \ubb38\ud654\uac00 \ud568\uaed8\ud558\ub294 Let&#039;s Go Nerd\uc5d0 \uc624\uc2e0 \uac83\uc744 \ud658\uc601\ud569\ub2c8\ub2e4!<\/p>","protected":false},"excerpt":{"rendered":"<p>\uc0c8\ub85c\uc6b4 \uac83\uc744 \ubc30\uc6b0\uace0 \ub108\ub4dc \uc138\uacc4\uc5d0 \ud479 \ube60\uc838\ubcf4\uace0 \uc2f6\uc73c\uc2e0\uac00\uc694? Let&#039;s Go Nerd\uc758 \uc0ac\uba85\uc740 \uc5ec\ub7ec\ubd84\uc744 \ucd5c\uace0\uc758 \uad34\uc9dc, \uac8c\uc774\uba38, \uadf8\ub9ac\uace0 \uae30\uc220 \uc138\uacc4\ub85c \uc5f0\uacb0\ud574 \ub4dc\ub9ac\ub294 \uac83\uc785\ub2c8\ub2e4. \uc0c8\ub85c\uc6b4 \uac8c\uc784\uc744 \ud0d0\ud5d8\ud558\uace0, \ub9e4\ub825\uc801\uc778 \uc560\ub2c8\uba54\uc774\uc158\uc744 \uac10\uc0c1\ud558\uace0, \uc2dc\uc57c\ub97c \ub113\ud600\uc8fc\ub294 \uac15\uc88c\uc5d0 \ub6f0\uc5b4\ub4dc\ub294 \uac83\ub9cc\ud07c \uc990\uac70\uc6b4 \ud559\uc2b5\uc774 \ub420 \uc218 \uc788\ub2e4\uace0 \ubbff\uc2b5\ub2c8\ub2e4. \uc5ec\uae30\uc5d0\uc11c [\u2026]<\/p>","protected":false},"author":5,"featured_media":0,"parent":0,"menu_order":0,"comment_status":"closed","ping_status":"closed","template":"page-nosidebar.php","meta":{"footnotes":""},"yoast_head":"<!-- This site is optimized with the Yoast SEO plugin v23.3 - https:\/\/yoast.com\/wordpress\/plugins\/seo\/ -->\n<title>Sobre N\u00f3s - Let&#039;s Go Nerd<\/title>\n<meta name=\"robots\" content=\"index, follow, max-snippet:-1, max-image-preview:large, max-video-preview:-1\" \/>\n<link rel=\"canonical\" href=\"https:\/\/letsgonerd.com\/ko\/about-us\/\" \/>\n<meta property=\"og:locale\" content=\"ko_KR\" \/>\n<meta property=\"og:type\" content=\"article\" \/>\n<meta property=\"og:title\" content=\"Sobre N\u00f3s - Let&#039;s Go Nerd\" \/>\n<meta property=\"og:description\" content=\"Procurando aprender algo novo e mergulhar no universo nerd? No Let&#8217;s Go Nerd, nossa miss\u00e3o \u00e9 conectar voc\u00ea ao melhor do mundo geek, gamer e tecnol\u00f3gico. Acreditamos que aprender pode ser t\u00e3o divertido quanto explorar um novo jogo, assistir a um anime cativante ou mergulhar em um curso que expande seus horizontes. Aqui, voc\u00ea encontra [&hellip;]\" \/>\n<meta property=\"og:url\" content=\"https:\/\/letsgonerd.com\/ko\/about-us\/\" \/>\n<meta property=\"og:site_name\" content=\"Let&#039;s Go Nerd\" \/>\n<meta property=\"article:modified_time\" content=\"2025-07-30T20:02:13+00:00\" \/>\n<meta name=\"twitter:card\" content=\"summary_large_image\" \/>\n<meta name=\"twitter:label1\" content=\"Est. reading time\" \/>\n\t<meta name=\"twitter:data1\" content=\"2\ubd84\" \/>\n<script type=\"application\/ld+json\" class=\"yoast-schema-graph\">{\"@context\":\"https:\/\/schema.org\",\"@graph\":[{\"@type\":\"WebPage\",\"@id\":\"https:\/\/letsgonerd.com\/about-us\/\",\"url\":\"https:\/\/letsgonerd.com\/about-us\/\",\"name\":\"Sobre N\u00f3s - Let&#039;s Go Nerd\",\"isPartOf\":{\"@id\":\"https:\/\/letsgonerd.com\/#website\"},\"datePublished\":\"2025-02-04T17:45:59+00:00\",\"dateModified\":\"2025-07-30T20:02:13+00:00\",\"breadcrumb\":{\"@id\":\"https:\/\/letsgonerd.com\/about-us\/#breadcrumb\"},\"inLanguage\":\"ko-KR\",\"potentialAction\":[{\"@type\":\"ReadAction\",\"target\":[\"https:\/\/letsgonerd.com\/about-us\/\"]}]},{\"@type\":\"BreadcrumbList\",\"@id\":\"https:\/\/letsgonerd.com\/about-us\/#breadcrumb\",\"itemListElement\":[{\"@type\":\"ListItem\",\"position\":1,\"name\":\"Home\",\"item\":\"https:\/\/letsgonerd.com\/\"},{\"@type\":\"ListItem\",\"position\":2,\"name\":\"Sobre N\u00f3s\"}]},{\"@type\":\"WebSite\",\"@id\":\"https:\/\/letsgonerd.com\/#website\",\"url\":\"https:\/\/letsgonerd.com\/\",\"name\":\"Let&#039;s Go Nerd\",\"description\":\"\",\"potentialAction\":[{\"@type\":\"SearchAction\",\"target\":{\"@type\":\"EntryPoint\",\"urlTemplate\":\"https:\/\/letsgonerd.com\/?s={search_term_string}\"},\"query-input\":\"required name=search_term_string\"}],\"inLanguage\":\"ko-KR\"}]}<\/script>\n<!-- \/ Yoast SEO plugin. -->","yoast_head_json":{"title":"Sobre N\u00f3s - Let&#039;s Go Nerd","robots":{"index":"index","follow":"follow","max-snippet":"max-snippet:-1","max-image-preview":"max-image-preview:large","max-video-preview":"max-video-preview:-1"},"canonical":"https:\/\/letsgonerd.com\/ko\/about-us\/","og_locale":"ko_KR","og_type":"article","og_title":"Sobre N\u00f3s - Let&#039;s Go Nerd","og_description":"Procurando aprender algo novo e mergulhar no universo nerd? No Let&#8217;s Go Nerd, nossa miss\u00e3o \u00e9 conectar voc\u00ea ao melhor do mundo geek, gamer e tecnol\u00f3gico. Acreditamos que aprender pode ser t\u00e3o divertido quanto explorar um novo jogo, assistir a um anime cativante ou mergulhar em um curso que expande seus horizontes. Aqui, voc\u00ea encontra [&hellip;]","og_url":"https:\/\/letsgonerd.com\/ko\/about-us\/","og_site_name":"Let&#039;s Go Nerd","article_modified_time":"2025-07-30T20:02:13+00:00","twitter_card":"summary_large_image","twitter_misc":{"Est. reading time":"2\ubd84"},"schema":{"@context":"https:\/\/schema.org","@graph":[{"@type":"WebPage","@id":"https:\/\/letsgonerd.com\/about-us\/","url":"https:\/\/letsgonerd.com\/about-us\/","name":"Sobre N\u00f3s - Let&#039;s Go Nerd","isPartOf":{"@id":"https:\/\/letsgonerd.com\/#website"},"datePublished":"2025-02-04T17:45:59+00:00","dateModified":"2025-07-30T20:02:13+00:00","breadcrumb":{"@id":"https:\/\/letsgonerd.com\/about-us\/#breadcrumb"},"inLanguage":"ko-KR","potentialAction":[{"@type":"ReadAction","target":["https:\/\/letsgonerd.com\/about-us\/"]}]},{"@type":"BreadcrumbList","@id":"https:\/\/letsgonerd.com\/about-us\/#breadcrumb","itemListElement":[{"@type":"ListItem","position":1,"name":"Home","item":"https:\/\/letsgonerd.com\/"},{"@type":"ListItem","position":2,"name":"Sobre N\u00f3s"}]},{"@type":"WebSite","@id":"https:\/\/letsgonerd.com\/#website","url":"https:\/\/letsgonerd.com\/","name":"Let&#039;s Go Nerd","description":"","potentialAction":[{"@type":"SearchAction","target":{"@type":"EntryPoint","urlTemplate":"https:\/\/letsgonerd.com\/?s={search_term_string}"},"query-input":"required name=search_term_string"}],"inLanguage":"ko-KR"}]}},"_links":{"self":[{"href":"https:\/\/letsgonerd.com\/ko\/wp-json\/wp\/v2\/pages\/361"}],"collection":[{"href":"https:\/\/letsgonerd.com\/ko\/wp-json\/wp\/v2\/pages"}],"about":[{"href":"https:\/\/letsgonerd.com\/ko\/wp-json\/wp\/v2\/types\/page"}],"author":[{"embeddable":true,"href":"https:\/\/letsgonerd.com\/ko\/wp-json\/wp\/v2\/users\/5"}],"replies":[{"embeddable":true,"href":"https:\/\/letsgonerd.com\/ko\/wp-json\/wp\/v2\/comments?post=361"}],"version-history":[{"count":1,"href":"https:\/\/letsgonerd.com\/ko\/wp-json\/wp\/v2\/pages\/361\/revisions"}],"predecessor-version":[{"id":362,"href":"https:\/\/letsgonerd.com\/ko\/wp-json\/wp\/v2\/pages\/361\/revisions\/362"}],"wp:attachment":[{"href":"https:\/\/letsgonerd.com\/ko\/wp-json\/wp\/v2\/media?parent=361"}],"curies":[{"name":"wp","href":"https:\/\/api.w.org\/{rel}","templated":true}]}}