{"id":361,"date":"2025-02-04T17:45:59","date_gmt":"2025-02-04T17:45:59","guid":{"rendered":"https:\/\/letsgonerd.com\/?page_id=361"},"modified":"2025-07-30T20:02:13","modified_gmt":"2025-07-30T20:02:13","slug":"about-us","status":"publish","type":"page","link":"https:\/\/letsgonerd.com\/ja\/about-us\/","title":{"rendered":"\u79c1\u305f\u3061\u306b\u3064\u3044\u3066"},"content":{"rendered":"<h2 class=\"wp-block-heading\">\u4f55\u304b\u65b0\u3057\u3044\u3053\u3068\u3092\u5b66\u3093\u3067\u30aa\u30bf\u30af\u306e\u4e16\u754c\u306b\u98db\u3073\u8fbc\u3093\u3067\u307f\u307e\u305b\u3093\u304b?<\/h2>\n\n\n\n<p>Let&#039;s Go Nerd\u306e\u4f7f\u547d\u306f\u3001\u30ae\u30fc\u30af\u3001\u30b2\u30fc\u30de\u30fc\u3001\u305d\u3057\u3066\u30c6\u30af\u30ce\u30ed\u30b8\u30fc\u754c\u306e\u6700\u9ad8\u306e\u4eba\u3005\u3068\u7e4b\u304c\u308b\u3053\u3068\u3067\u3059\u3002\u79c1\u305f\u3061\u306f\u3001\u65b0\u3057\u3044\u30b2\u30fc\u30e0\u306b\u6311\u6226\u3057\u305f\u308a\u3001\u9b45\u529b\u7684\u306a\u30a2\u30cb\u30e1\u3092\u89b3\u305f\u308a\u3001\u8996\u91ce\u3092\u5e83\u3052\u3066\u304f\u308c\u308b\u8b1b\u5ea7\u306b\u98db\u3073\u8fbc\u3093\u3060\u308a\u3059\u308b\u306e\u3068\u540c\u3058\u304f\u3089\u3044\u3001\u5b66\u3073\u306f\u697d\u3057\u3044\u3082\u306e\u3060\u3068\u4fe1\u3058\u3066\u3044\u307e\u3059\u3002\u3053\u3053\u3067\u306f\u3001\u8b1b\u5ea7\u3001\u30c6\u30af\u30ce\u30ed\u30b8\u30fc\u3001\u30ae\u30fc\u30af\u6587\u5316\u3001\u305d\u3057\u3066\u3053\u306e\u6d3b\u6c17\u306b\u6e80\u3061\u305f\u4e16\u754c\u3092\u52d5\u304b\u3059\u3042\u3089\u3086\u308b\u3082\u306e\u306b\u95a2\u3059\u308b\u53b3\u9078\u3055\u308c\u305f\u30b3\u30f3\u30c6\u30f3\u30c4\u3092\u3054\u89a7\u3044\u305f\u3060\u3051\u307e\u3059\u3002<\/p>\n\n\n\n<h2 class=\"wp-block-heading\"><strong>\u79c1\u305f\u3061\u306f\u8ab0\u3067\u3059\u304b\uff1f<\/strong><\/h2>\n\n\n\n<p>Let&#039;s Go Nerd\u306f\u3001\u30c6\u30af\u30ce\u30ed\u30b8\u30fc\u3001\u30b2\u30fc\u30e0\u3001\u30c6\u30ec\u30d3\u756a\u7d44\u3001\u305d\u3057\u3066\u30aa\u30bf\u30af\u6587\u5316\u306b\u60c5\u71b1\u3092\u6ce8\u3050\u4eba\u3005\u304c\u7acb\u3061\u4e0a\u3052\u305f\u30dd\u30fc\u30bf\u30eb\u30b5\u30a4\u30c8\u3067\u3059\u3002\u8cea\u306e\u9ad8\u3044\u60c5\u5831\u3092\u30a2\u30af\u30bb\u30b9\u3057\u3084\u3059\u304f\u30c0\u30a4\u30ca\u30df\u30c3\u30af\u306a\u65b9\u6cd5\u3067\u63d0\u4f9b\u3057\u3001\u65b0\u3057\u3044\u5b66\u7fd2\u6a5f\u4f1a\u3001\u9769\u65b0\u7684\u306a\u30c4\u30fc\u30eb\u3001\u305d\u3057\u3066\u30c7\u30b8\u30bf\u30eb\u4e16\u754c\u306e\u6700\u65b0\u30c8\u30ec\u30f3\u30c9\u3092\u767a\u898b\u3067\u304d\u308b\u3088\u3046\u304a\u624b\u4f1d\u3044\u3057\u307e\u3059\u3002<\/p>\n\n\n\n<h2 class=\"wp-block-heading\"><strong>\u79c1\u305f\u3061\u306f\u306a\u305c\u3053\u3053\u306b\u3044\u308b\u306e\u3067\u3057\u3087\u3046\u304b\uff1f<\/strong><\/h2>\n\n\n\n<p>\u79c1\u305f\u3061\u306f\u3001\u30ae\u30fc\u30af\u3068\u30c6\u30af\u30ce\u30ed\u30b8\u30fc\u306b\u95a2\u3059\u308b\u3042\u3089\u3086\u308b\u60c5\u5831\u6e90\u3068\u3057\u3066\u3001\u7686\u69d8\u306e\u983c\u308c\u308b\u5b58\u5728\u3067\u3042\u308a\u305f\u3044\u3068\u8003\u3048\u3066\u3044\u307e\u3059\u3002\u30aa\u30f3\u30e9\u30a4\u30f3\u30b3\u30fc\u30b9\u3001\u30a2\u30d7\u30ea\u306e\u30d2\u30f3\u30c8\u3001\u30b2\u30fc\u30e0\u30cb\u30e5\u30fc\u30b9\u3001\u5fc5\u8aad\u306e\u304a\u3059\u3059\u3081\u306a\u3069\u3001\u3069\u3093\u306a\u60c5\u5831\u3092\u304a\u63a2\u3057\u3067\u3082\u3001\u5e38\u306b\u6700\u65b0\u306e\u60c5\u5831\u3068\u30a4\u30f3\u30b9\u30d4\u30ec\u30fc\u30b7\u30e7\u30f3\u3092\u304a\u5c4a\u3051\u3067\u304d\u308b\u3088\u3046\u3001\u30b3\u30f3\u30c6\u30f3\u30c4\u3092\u5e38\u306b\u66f4\u65b0\u3057\u3066\u3044\u307e\u3059\u3002<\/p>\n\n\n\n<h2 class=\"wp-block-heading\"><strong>\u3042\u306a\u305f\u306e\u610f\u898b\u306f\u91cd\u8981\u3067\u3059!<\/strong><\/h2>\n\n\n\n<p>\u8aad\u8005\u306e\u7686\u69d8\u304b\u3089\u306e\u3054\u610f\u898b\u3092\u304a\u5f85\u3061\u3057\u3066\u304a\u308a\u307e\u3059\uff01\u30b3\u30f3\u30c6\u30f3\u30c4\u306e\u3054\u63d0\u6848\u3084\u3001\u7279\u5b9a\u306e\u30c8\u30d4\u30c3\u30af\u3092\u53d6\u308a\u4e0a\u3052\u3066\u307b\u3057\u3044\u5834\u5408\u306f\u3001\u305c\u3072\u3054\u9023\u7d61\u304f\u3060\u3055\u3044\u3002\u7686\u69d8\u306e\u3054\u5354\u529b\u3067\u3001Let&#039;s Go Nerd \u3092\u30aa\u30bf\u30af\u3084\u30ae\u30fc\u30af\u306e\u30b3\u30df\u30e5\u30cb\u30c6\u30a3\u306b\u3068\u3063\u3066\u3088\u308a\u5145\u5b9f\u3057\u305f\u7a7a\u9593\u306b\u3057\u3066\u3044\u304d\u305f\u3044\u3068\u8003\u3048\u3066\u3044\u307e\u3059\u3002<\/p>\n\n\n\n<p>\u5b66\u7fd2\u3068\u30aa\u30bf\u30af\u6587\u5316\u304c\u878d\u5408\u3059\u308b Let&#039;s Go Nerd \u3078\u3088\u3046\u3053\u305d!<\/p>","protected":false},"excerpt":{"rendered":"<p>\u4f55\u304b\u65b0\u3057\u3044\u3053\u3068\u3092\u5b66\u3073\u3001\u30aa\u30bf\u30af\u306e\u4e16\u754c\u306b\u6d78\u3063\u3066\u307f\u307e\u305b\u3093\u304b\uff1fLet&#039;s Go Nerd\u306e\u4f7f\u547d\u306f\u3001\u30aa\u30bf\u30af\u3001\u30b2\u30fc\u30de\u30fc\u3001\u305d\u3057\u3066\u30c6\u30af\u30ce\u30ed\u30b8\u30fc\u306e\u4e16\u754c\u306e\u6700\u9ad8\u306e\u4eba\u3005\u3068\u7e4b\u304c\u308b\u3053\u3068\u3067\u3059\u3002\u79c1\u305f\u3061\u306f\u3001\u5b66\u3076\u3053\u3068\u306f\u65b0\u3057\u3044\u30b2\u30fc\u30e0\u306b\u6311\u6226\u3057\u305f\u308a\u3001\u9b45\u529b\u7684\u306a\u30a2\u30cb\u30e1\u3092\u89b3\u305f\u308a\u3001\u8996\u91ce\u3092\u5e83\u3052\u3066\u304f\u308c\u308b\u30b3\u30fc\u30b9\u306b\u98db\u3073\u8fbc\u3093\u3060\u308a\u3059\u308b\u306e\u3068\u540c\u3058\u304f\u3089\u3044\u697d\u3057\u3044\u3082\u306e\u3060\u3068\u4fe1\u3058\u3066\u3044\u307e\u3059\u3002\u3053\u3053\u3067\u306f\u3001\u30b3\u30fc\u30b9\u3001\u30c6\u30af\u30ce\u30ed\u30b8\u30fc\u3001\u30aa\u30bf\u30af\u6587\u5316\u3001\u305d\u3057\u3066\u3053\u306e\u6d3b\u6c17\u306b\u6e80\u3061\u305f\u4e16\u754c\u3092\u52d5\u304b\u3059\u3042\u3089\u3086\u308b\u3082\u306e\u306b\u95a2\u3059\u308b\u53b3\u9078\u3055\u308c\u305f\u30b3\u30f3\u30c6\u30f3\u30c4\u3092\u898b\u3064\u3051\u308b\u3053\u3068\u304c\u3067\u304d\u307e\u3059\u3002Let&#039;s Go Nerd\u3068\u306f\uff1fLet&#039;s Go Nerd\u306f\u3001\u30c6\u30af\u30ce\u30ed\u30b8\u30fc\u3001\u30b2\u30fc\u30e0\u3001\u30b7\u30ea\u30fc\u30ba\u3001\u305d\u3057\u3066\u30aa\u30bf\u30af\u6587\u5316\u306b\u60c5\u71b1\u3092\u6ce8\u3050\u4eba\u3005\u306b\u3088\u3063\u3066\u8a2d\u7acb\u3055\u308c\u305f\u30dd\u30fc\u30bf\u30eb\u3067\u3059\u3002\u79c1\u305f\u3061\u306f\u3001\u8cea\u306e\u9ad8\u3044\u60c5\u5831\u3092\u30a2\u30af\u30bb\u30b9\u3057\u3084\u3059\u304f\u30c0\u30a4\u30ca\u30df\u30c3\u30af\u306a\u65b9\u6cd5\u3067\u63d0\u4f9b\u3057\u3001\u65b0\u3057\u3044\u5b66\u7fd2\u6a5f\u4f1a\u3084\u30c4\u30fc\u30eb\u306a\u3069\u3092\u767a\u898b\u3067\u304d\u308b\u3088\u3046\u304a\u624b\u4f1d\u3044\u3059\u308b\u3053\u3068\u3092\u304a\u7d04\u675f\u3057\u307e\u3059\u3002<\/p>","protected":false},"author":5,"featured_media":0,"parent":0,"menu_order":0,"comment_status":"closed","ping_status":"closed","template":"page-nosidebar.php","meta":{"footnotes":""},"yoast_head":"<!-- This site is optimized with the Yoast SEO plugin v23.3 - https:\/\/yoast.com\/wordpress\/plugins\/seo\/ -->\n<title>Sobre N\u00f3s - Let&#039;s Go Nerd<\/title>\n<meta name=\"robots\" content=\"index, follow, max-snippet:-1, max-image-preview:large, max-video-preview:-1\" \/>\n<link rel=\"canonical\" href=\"https:\/\/letsgonerd.com\/ja\/about-us\/\" \/>\n<meta property=\"og:locale\" content=\"ja_JP\" \/>\n<meta property=\"og:type\" content=\"article\" \/>\n<meta property=\"og:title\" content=\"Sobre N\u00f3s - Let&#039;s Go Nerd\" \/>\n<meta property=\"og:description\" content=\"Procurando aprender algo novo e mergulhar no universo nerd? No Let&#8217;s Go Nerd, nossa miss\u00e3o \u00e9 conectar voc\u00ea ao melhor do mundo geek, gamer e tecnol\u00f3gico. Acreditamos que aprender pode ser t\u00e3o divertido quanto explorar um novo jogo, assistir a um anime cativante ou mergulhar em um curso que expande seus horizontes. Aqui, voc\u00ea encontra conte\u00fado selecionado sobre cursos, tecnologia, cultura geek e tudo o que move esse universo vibrante. Quem somos? O Let&#8217;s Go Nerd \u00e9 um portal criado por apaixonados por tecnologia, games, s\u00e9ries e cultura nerd. Nosso compromisso \u00e9 levar informa\u00e7\u00e3o de qualidade de forma acess\u00edvel e din\u00e2mica, ajudando voc\u00ea a descobrir novas oportunidades de aprendizado, ferramentas [&hellip;]\" \/>\n<meta property=\"og:url\" content=\"https:\/\/letsgonerd.com\/ja\/about-us\/\" \/>\n<meta property=\"og:site_name\" content=\"Let&#039;s Go Nerd\" \/>\n<meta property=\"article:modified_time\" content=\"2025-07-30T20:02:13+00:00\" \/>\n<meta name=\"twitter:card\" content=\"summary_large_image\" \/>\n<meta name=\"twitter:label1\" content=\"Est. reading time\" \/>\n\t<meta name=\"twitter:data1\" content=\"2\u5206\" \/>\n<script type=\"application\/ld+json\" class=\"yoast-schema-graph\">{\"@context\":\"https:\/\/schema.org\",\"@graph\":[{\"@type\":\"WebPage\",\"@id\":\"https:\/\/letsgonerd.com\/about-us\/\",\"url\":\"https:\/\/letsgonerd.com\/about-us\/\",\"name\":\"Sobre N\u00f3s - Let&#039;s Go Nerd\",\"isPartOf\":{\"@id\":\"https:\/\/letsgonerd.com\/#website\"},\"datePublished\":\"2025-02-04T17:45:59+00:00\",\"dateModified\":\"2025-07-30T20:02:13+00:00\",\"breadcrumb\":{\"@id\":\"https:\/\/letsgonerd.com\/about-us\/#breadcrumb\"},\"inLanguage\":\"ja\",\"potentialAction\":[{\"@type\":\"ReadAction\",\"target\":[\"https:\/\/letsgonerd.com\/about-us\/\"]}]},{\"@type\":\"BreadcrumbList\",\"@id\":\"https:\/\/letsgonerd.com\/about-us\/#breadcrumb\",\"itemListElement\":[{\"@type\":\"ListItem\",\"position\":1,\"name\":\"Home\",\"item\":\"https:\/\/letsgonerd.com\/\"},{\"@type\":\"ListItem\",\"position\":2,\"name\":\"Sobre N\u00f3s\"}]},{\"@type\":\"WebSite\",\"@id\":\"https:\/\/letsgonerd.com\/#website\",\"url\":\"https:\/\/letsgonerd.com\/\",\"name\":\"Let&#039;s Go Nerd\",\"description\":\"\",\"potentialAction\":[{\"@type\":\"SearchAction\",\"target\":{\"@type\":\"EntryPoint\",\"urlTemplate\":\"https:\/\/letsgonerd.com\/?s={search_term_string}\"},\"query-input\":\"required name=search_term_string\"}],\"inLanguage\":\"ja\"}]}<\/script>\n<!-- \/ Yoast SEO plugin. -->","yoast_head_json":{"title":"Sobre N\u00f3s - Let&#039;s Go Nerd","robots":{"index":"index","follow":"follow","max-snippet":"max-snippet:-1","max-image-preview":"max-image-preview:large","max-video-preview":"max-video-preview:-1"},"canonical":"https:\/\/letsgonerd.com\/ja\/about-us\/","og_locale":"ja_JP","og_type":"article","og_title":"Sobre N\u00f3s - Let&#039;s Go Nerd","og_description":"Procurando aprender algo novo e mergulhar no universo nerd? No Let&#8217;s Go Nerd, nossa miss\u00e3o \u00e9 conectar voc\u00ea ao melhor do mundo geek, gamer e tecnol\u00f3gico. Acreditamos que aprender pode ser t\u00e3o divertido quanto explorar um novo jogo, assistir a um anime cativante ou mergulhar em um curso que expande seus horizontes. Aqui, voc\u00ea encontra conte\u00fado selecionado sobre cursos, tecnologia, cultura geek e tudo o que move esse universo vibrante. Quem somos? O Let&#8217;s Go Nerd \u00e9 um portal criado por apaixonados por tecnologia, games, s\u00e9ries e cultura nerd. Nosso compromisso \u00e9 levar informa\u00e7\u00e3o de qualidade de forma acess\u00edvel e din\u00e2mica, ajudando voc\u00ea a descobrir novas oportunidades de aprendizado, ferramentas [&hellip;]","og_url":"https:\/\/letsgonerd.com\/ja\/about-us\/","og_site_name":"Let&#039;s Go Nerd","article_modified_time":"2025-07-30T20:02:13+00:00","twitter_card":"summary_large_image","twitter_misc":{"Est. reading time":"2\u5206"},"schema":{"@context":"https:\/\/schema.org","@graph":[{"@type":"WebPage","@id":"https:\/\/letsgonerd.com\/about-us\/","url":"https:\/\/letsgonerd.com\/about-us\/","name":"Sobre N\u00f3s - Let&#039;s Go Nerd","isPartOf":{"@id":"https:\/\/letsgonerd.com\/#website"},"datePublished":"2025-02-04T17:45:59+00:00","dateModified":"2025-07-30T20:02:13+00:00","breadcrumb":{"@id":"https:\/\/letsgonerd.com\/about-us\/#breadcrumb"},"inLanguage":"ja","potentialAction":[{"@type":"ReadAction","target":["https:\/\/letsgonerd.com\/about-us\/"]}]},{"@type":"BreadcrumbList","@id":"https:\/\/letsgonerd.com\/about-us\/#breadcrumb","itemListElement":[{"@type":"ListItem","position":1,"name":"Home","item":"https:\/\/letsgonerd.com\/"},{"@type":"ListItem","position":2,"name":"Sobre N\u00f3s"}]},{"@type":"WebSite","@id":"https:\/\/letsgonerd.com\/#website","url":"https:\/\/letsgonerd.com\/","name":"Let&#039;s Go Nerd","description":"","potentialAction":[{"@type":"SearchAction","target":{"@type":"EntryPoint","urlTemplate":"https:\/\/letsgonerd.com\/?s={search_term_string}"},"query-input":"required name=search_term_string"}],"inLanguage":"ja"}]}},"_links":{"self":[{"href":"https:\/\/letsgonerd.com\/ja\/wp-json\/wp\/v2\/pages\/361"}],"collection":[{"href":"https:\/\/letsgonerd.com\/ja\/wp-json\/wp\/v2\/pages"}],"about":[{"href":"https:\/\/letsgonerd.com\/ja\/wp-json\/wp\/v2\/types\/page"}],"author":[{"embeddable":true,"href":"https:\/\/letsgonerd.com\/ja\/wp-json\/wp\/v2\/users\/5"}],"replies":[{"embeddable":true,"href":"https:\/\/letsgonerd.com\/ja\/wp-json\/wp\/v2\/comments?post=361"}],"version-history":[{"count":1,"href":"https:\/\/letsgonerd.com\/ja\/wp-json\/wp\/v2\/pages\/361\/revisions"}],"predecessor-version":[{"id":362,"href":"https:\/\/letsgonerd.com\/ja\/wp-json\/wp\/v2\/pages\/361\/revisions\/362"}],"wp:attachment":[{"href":"https:\/\/letsgonerd.com\/ja\/wp-json\/wp\/v2\/media?parent=361"}],"curies":[{"name":"wp","href":"https:\/\/api.w.org\/{rel}","templated":true}]}}