{"id":361,"date":"2025-02-04T17:45:59","date_gmt":"2025-02-04T17:45:59","guid":{"rendered":"https:\/\/letsgonerd.com\/?page_id=361"},"modified":"2025-07-30T20:02:13","modified_gmt":"2025-07-30T20:02:13","slug":"about-us","status":"publish","type":"page","link":"https:\/\/letsgonerd.com\/it\/about-us\/","title":{"rendered":"Chi siamo"},"content":{"rendered":"<h2 class=\"wp-block-heading\">Vuoi imparare qualcosa di nuovo e immergerti nell&#039;universo nerd?<\/h2>\n\n\n\n<p>La nostra missione, su Let&#039;s Go Nerd, \u00e8 quella di metterti in contatto con il meglio del mondo geek, dei gamer e della tecnologia. Crediamo che imparare possa essere divertente quanto esplorare un nuovo gioco, guardare un anime accattivante o immergersi in un corso che amplia i propri orizzonti. Qui troverai contenuti selezionati su corsi, tecnologia, cultura geek e tutto ci\u00f2 che anima questo vivace universo.<\/p>\n\n\n\n<h2 class=\"wp-block-heading\"><strong>Chi siamo?<\/strong><\/h2>\n\n\n\n<p>Let&#039;s Go Nerd \u00e8 un portale creato da persone appassionate di tecnologia, giochi, programmi TV e cultura nerd. Il nostro impegno \u00e8 fornire informazioni di qualit\u00e0 in modo accessibile e dinamico, aiutandovi a scoprire nuove opportunit\u00e0 di apprendimento, strumenti innovativi e le tendenze pi\u00f9 in voga nel mondo digitale.<\/p>\n\n\n\n<h2 class=\"wp-block-heading\"><strong>Perch\u00e9 siamo qui?<\/strong><\/h2>\n\n\n\n<p>Vogliamo essere il tuo punto di riferimento per tutto ci\u00f2 che riguarda geek e tecnologia. Che tu stia cercando corsi online, suggerimenti per app, novit\u00e0 sui videogiochi o consigli di lettura imperdibili, aggiorniamo costantemente i nostri contenuti per tenerti informato e ispirato.<\/p>\n\n\n\n<h2 class=\"wp-block-heading\"><strong>La tua opinione conta!<\/strong><\/h2>\n\n\n\n<p>Ci piace sentire i nostri lettori! Se avete suggerimenti sui contenuti o volete che venga trattato un argomento specifico, contattateci. Insieme, possiamo rendere Let&#039;s Go Nerd uno spazio ancora pi\u00f9 completo per la comunit\u00e0 nerd e geek!<\/p>\n\n\n\n<p>Benvenuti a Let&#039;s Go Nerd, dove apprendimento e cultura nerd vanno di pari passo!<\/p>","protected":false},"excerpt":{"rendered":"<p>Vuoi imparare qualcosa di nuovo e immergerti nell&#039;universo nerd? Noi di Let&#039;s Go Nerd abbiamo la missione di farti conoscere il meglio del mondo geek, dei gamer e della tecnologia. Crediamo che imparare possa essere divertente quanto esplorare un nuovo gioco, guardare un anime accattivante o immergersi in un corso che amplia i propri orizzonti. Qui troverai [\u2026]<\/p>","protected":false},"author":5,"featured_media":0,"parent":0,"menu_order":0,"comment_status":"closed","ping_status":"closed","template":"page-nosidebar.php","meta":{"footnotes":""},"yoast_head":"<!-- This site is optimized with the Yoast SEO plugin v23.3 - https:\/\/yoast.com\/wordpress\/plugins\/seo\/ -->\n<title>Sobre N\u00f3s - Let&#039;s Go Nerd<\/title>\n<meta name=\"robots\" content=\"index, follow, max-snippet:-1, max-image-preview:large, max-video-preview:-1\" \/>\n<link rel=\"canonical\" href=\"https:\/\/letsgonerd.com\/it\/about-us\/\" \/>\n<meta property=\"og:locale\" content=\"it_IT\" \/>\n<meta property=\"og:type\" content=\"article\" \/>\n<meta property=\"og:title\" content=\"Sobre N\u00f3s - Let&#039;s Go Nerd\" \/>\n<meta property=\"og:description\" content=\"Procurando aprender algo novo e mergulhar no universo nerd? No Let&#8217;s Go Nerd, nossa miss\u00e3o \u00e9 conectar voc\u00ea ao melhor do mundo geek, gamer e tecnol\u00f3gico. Acreditamos que aprender pode ser t\u00e3o divertido quanto explorar um novo jogo, assistir a um anime cativante ou mergulhar em um curso que expande seus horizontes. Aqui, voc\u00ea encontra [&hellip;]\" \/>\n<meta property=\"og:url\" content=\"https:\/\/letsgonerd.com\/it\/about-us\/\" \/>\n<meta property=\"og:site_name\" content=\"Let&#039;s Go Nerd\" \/>\n<meta property=\"article:modified_time\" content=\"2025-07-30T20:02:13+00:00\" \/>\n<meta name=\"twitter:card\" content=\"summary_large_image\" \/>\n<meta name=\"twitter:label1\" content=\"Est. reading time\" \/>\n\t<meta name=\"twitter:data1\" content=\"2 minuti\" \/>\n<script type=\"application\/ld+json\" class=\"yoast-schema-graph\">{\"@context\":\"https:\/\/schema.org\",\"@graph\":[{\"@type\":\"WebPage\",\"@id\":\"https:\/\/letsgonerd.com\/about-us\/\",\"url\":\"https:\/\/letsgonerd.com\/about-us\/\",\"name\":\"Sobre N\u00f3s - Let&#039;s Go Nerd\",\"isPartOf\":{\"@id\":\"https:\/\/letsgonerd.com\/#website\"},\"datePublished\":\"2025-02-04T17:45:59+00:00\",\"dateModified\":\"2025-07-30T20:02:13+00:00\",\"breadcrumb\":{\"@id\":\"https:\/\/letsgonerd.com\/about-us\/#breadcrumb\"},\"inLanguage\":\"it-IT\",\"potentialAction\":[{\"@type\":\"ReadAction\",\"target\":[\"https:\/\/letsgonerd.com\/about-us\/\"]}]},{\"@type\":\"BreadcrumbList\",\"@id\":\"https:\/\/letsgonerd.com\/about-us\/#breadcrumb\",\"itemListElement\":[{\"@type\":\"ListItem\",\"position\":1,\"name\":\"Home\",\"item\":\"https:\/\/letsgonerd.com\/\"},{\"@type\":\"ListItem\",\"position\":2,\"name\":\"Sobre N\u00f3s\"}]},{\"@type\":\"WebSite\",\"@id\":\"https:\/\/letsgonerd.com\/#website\",\"url\":\"https:\/\/letsgonerd.com\/\",\"name\":\"Let&#039;s Go Nerd\",\"description\":\"\",\"potentialAction\":[{\"@type\":\"SearchAction\",\"target\":{\"@type\":\"EntryPoint\",\"urlTemplate\":\"https:\/\/letsgonerd.com\/?s={search_term_string}\"},\"query-input\":\"required name=search_term_string\"}],\"inLanguage\":\"it-IT\"}]}<\/script>\n<!-- \/ Yoast SEO plugin. -->","yoast_head_json":{"title":"Sobre N\u00f3s - Let&#039;s Go Nerd","robots":{"index":"index","follow":"follow","max-snippet":"max-snippet:-1","max-image-preview":"max-image-preview:large","max-video-preview":"max-video-preview:-1"},"canonical":"https:\/\/letsgonerd.com\/it\/about-us\/","og_locale":"it_IT","og_type":"article","og_title":"Sobre N\u00f3s - Let&#039;s Go Nerd","og_description":"Procurando aprender algo novo e mergulhar no universo nerd? No Let&#8217;s Go Nerd, nossa miss\u00e3o \u00e9 conectar voc\u00ea ao melhor do mundo geek, gamer e tecnol\u00f3gico. Acreditamos que aprender pode ser t\u00e3o divertido quanto explorar um novo jogo, assistir a um anime cativante ou mergulhar em um curso que expande seus horizontes. Aqui, voc\u00ea encontra [&hellip;]","og_url":"https:\/\/letsgonerd.com\/it\/about-us\/","og_site_name":"Let&#039;s Go Nerd","article_modified_time":"2025-07-30T20:02:13+00:00","twitter_card":"summary_large_image","twitter_misc":{"Est. reading time":"2 minuti"},"schema":{"@context":"https:\/\/schema.org","@graph":[{"@type":"WebPage","@id":"https:\/\/letsgonerd.com\/about-us\/","url":"https:\/\/letsgonerd.com\/about-us\/","name":"Sobre N\u00f3s - Let&#039;s Go Nerd","isPartOf":{"@id":"https:\/\/letsgonerd.com\/#website"},"datePublished":"2025-02-04T17:45:59+00:00","dateModified":"2025-07-30T20:02:13+00:00","breadcrumb":{"@id":"https:\/\/letsgonerd.com\/about-us\/#breadcrumb"},"inLanguage":"it-IT","potentialAction":[{"@type":"ReadAction","target":["https:\/\/letsgonerd.com\/about-us\/"]}]},{"@type":"BreadcrumbList","@id":"https:\/\/letsgonerd.com\/about-us\/#breadcrumb","itemListElement":[{"@type":"ListItem","position":1,"name":"Home","item":"https:\/\/letsgonerd.com\/"},{"@type":"ListItem","position":2,"name":"Sobre N\u00f3s"}]},{"@type":"WebSite","@id":"https:\/\/letsgonerd.com\/#website","url":"https:\/\/letsgonerd.com\/","name":"Let&#039;s Go Nerd","description":"","potentialAction":[{"@type":"SearchAction","target":{"@type":"EntryPoint","urlTemplate":"https:\/\/letsgonerd.com\/?s={search_term_string}"},"query-input":"required name=search_term_string"}],"inLanguage":"it-IT"}]}},"_links":{"self":[{"href":"https:\/\/letsgonerd.com\/it\/wp-json\/wp\/v2\/pages\/361"}],"collection":[{"href":"https:\/\/letsgonerd.com\/it\/wp-json\/wp\/v2\/pages"}],"about":[{"href":"https:\/\/letsgonerd.com\/it\/wp-json\/wp\/v2\/types\/page"}],"author":[{"embeddable":true,"href":"https:\/\/letsgonerd.com\/it\/wp-json\/wp\/v2\/users\/5"}],"replies":[{"embeddable":true,"href":"https:\/\/letsgonerd.com\/it\/wp-json\/wp\/v2\/comments?post=361"}],"version-history":[{"count":1,"href":"https:\/\/letsgonerd.com\/it\/wp-json\/wp\/v2\/pages\/361\/revisions"}],"predecessor-version":[{"id":362,"href":"https:\/\/letsgonerd.com\/it\/wp-json\/wp\/v2\/pages\/361\/revisions\/362"}],"wp:attachment":[{"href":"https:\/\/letsgonerd.com\/it\/wp-json\/wp\/v2\/media?parent=361"}],"curies":[{"name":"wp","href":"https:\/\/api.w.org\/{rel}","templated":true}]}}