{"id":358,"date":"2025-02-04T17:41:49","date_gmt":"2025-02-04T17:41:49","guid":{"rendered":"https:\/\/letsgonerd.com\/?page_id=358"},"modified":"2025-10-13T18:49:00","modified_gmt":"2025-10-13T18:49:00","slug":"terms","status":"publish","type":"page","link":"https:\/\/letsgonerd.com\/it\/terms\/","title":{"rendered":"Termini e condizioni d&#039;uso"},"content":{"rendered":"<p>IL <strong>Andiamo nerd<\/strong> \u00e8 un portale dedicato all&#039;esplorazione del mondo dei corsi, della tecnologia e della cultura gamer, nerd e geek. Il nostro obiettivo \u00e8 fornire informazioni di qualit\u00e0, spunti preziosi e consigli di esperti a un pubblico appassionato di apprendimento e intrattenimento digitale.<\/p>\n\n\n\n<p>Gestiamo questa piattaforma con impegno e cura, garantendo uno spazio accessibile, sicuro e informativo per tutti i nostri visitatori. In questo documento, i termini &quot;noi&quot;, &quot;nostro&quot; e &quot;il nostro team&quot; si riferiscono a <strong>Andiamo nerd<\/strong> e i suoi dirigenti.<\/p>\n\n\n\n<p>Navigando sulla nostra piattaforma avrai accesso a una variet\u00e0 di contenuti e servizi pensati per migliorare la tua esperienza e fornirti informazioni rilevanti su corsi, app, novit\u00e0 e tendenze nell&#039;universo geek.<\/p>\n\n\n\n<p>Il nostro impegno \u00e8 quello di mantenere la <strong>Andiamo nerd<\/strong> come punto di riferimento affidabile per chi cerca informazioni su corsi, giochi, tecnologia e cultura nerd. Per questo motivo, ci assicuriamo che i nostri contenuti siano preparati con precisione, costantemente aggiornati e con un&#039;analisi approfondita degli argomenti trattati.<\/p>\n\n\n\n<p>Offriamo di tutto, dai confronti tra app, alle recensioni di corsi e strumenti digitali, fino ad analisi approfondite del mondo dei videogiochi e dei geek. Il nostro obiettivo \u00e8 fornire informazioni accessibili sia ai principianti che agli appassionati pi\u00f9 esperti, aiutando ogni visitatore a trovare i contenuti ideali per le proprie esigenze.<\/p>\n\n\n\n<p>La privacy dei nostri utenti \u00e8 una priorit\u00e0. Seguiamo rigorosamente le nostre <strong>politica sulla riservatezza<\/strong>, garantendo la completa trasparenza nell&#039;uso dei dati personali e il rispetto delle normative vigenti. Il tuo accesso e la tua interazione sulla nostra piattaforma avvengono in un ambiente sicuro, garantendo un&#039;esperienza affidabile e rispettosa.<\/p>\n\n\n\n<p>Voi <strong>Termini e condizioni d&#039;uso<\/strong> Di <strong>Andiamo nerd<\/strong> sono stati progettati per chiarire le linee guida di utilizzo della piattaforma, garantendo un&#039;esperienza sicura e armoniosa per tutti i visitatori.<\/p>\n\n\n\n<p><strong>LEGGERE ATTENTAMENTE QUESTI TERMINI!<\/strong> Accedendo e utilizzando i servizi di <strong>Andiamo nerd<\/strong>, accetti pienamente i termini qui stabiliti. Se non sei d&#039;accordo con uno qualsiasi dei termini, ti consigliamo di interrompere l&#039;utilizzo della piattaforma.<\/p>\n\n\n\n<h2 class=\"wp-block-heading\"><strong>Articolo I \u2013 Regole d\u2019uso<\/strong><\/h2>\n\n\n\n<p>1.1. Accesso e utilizzo del <strong>Andiamo nerd<\/strong> implicano la piena accettazione dei presenti Termini e delle nostre <strong>politica sulla riservatezza<\/strong>.<\/p>\n\n\n\n<p>1.2. Per utilizzare la piattaforma, l&#039;utente deve avere la capacit\u00e0 giuridica di stipulare contratti, avere pi\u00f9 di 18 anni o soddisfare l&#039;et\u00e0 legale richiesta nella propria giurisdizione.<\/p>\n\n\n\n<p>1.3. Se non soddisfi questi requisiti o non accetti i termini, ti consigliamo di non utilizzare i servizi offerti da <strong>Andiamo nerd<\/strong>.<\/p>\n\n\n\n<h2 class=\"wp-block-heading\"><strong>Articolo II \u2013 Contatto e supporto<\/strong><\/h2>\n\n\n\n<p>2.1. Il <strong>Andiamo nerd<\/strong> fornisce canali ufficiali per il supporto agli utenti, rispondendo alle domande, risolvendo problemi e ricevendo suggerimenti.<\/p>\n\n\n\n<p>2.2. Per contattarci, \u00e8 sufficiente accedere al modulo di contatto disponibile sulla nostra piattaforma. Il nostro team \u00e8 pronto a fornire un supporto rapido ed efficiente.<\/p>\n\n\n\n<h2 class=\"wp-block-heading\"><strong>Articolo III \u2013 Responsabilit\u00e0 delle parti<\/strong><\/h2>\n\n\n\n<p>3.1. Quando si utilizza il <strong>Andiamo nerd<\/strong>, l&#039;utente conferma di aver letto, compreso e accettato i Termini di utilizzo e le <strong>politica sulla riservatezza<\/strong>.<\/p>\n\n\n\n<p>3.2. Il nostro sito web pu\u00f2 includere link a piattaforme esterne che offrono prodotti, servizi o contenuti aggiuntivi. Tuttavia, non abbiamo alcun coinvolgimento diretto in queste transazioni o nella gestione di queste piattaforme.<\/p>\n\n\n\n<p>3.3. Quando si accede a siti Web di terze parti tramite il <strong>Andiamo nerd<\/strong>, l&#039;utente si assume la piena responsabilit\u00e0 di verificare i rispettivi termini di utilizzo e le politiche sulla privacy prima di fornire dati o interagire con queste piattaforme.<\/p>\n\n\n\n<p>3.4. Il <strong>Andiamo nerd<\/strong> non \u00e8 responsabile delle pratiche, dei contenuti, della sicurezza o dei servizi offerti da siti web esterni. Qualsiasi interazione con terze parti \u00e8 a rischio e pericolo dell&#039;utente.<\/p>\n\n\n\n<p>3.5. Il <strong>Andiamo nerd<\/strong> non pu\u00f2 essere ritenuta responsabile per eventuali danni causati da malware, virus o altre minacce informatiche che potrebbero compromettere i dispositivi degli utenti. Raccomandiamo di adottare buone pratiche di sicurezza digitale, come l&#039;utilizzo di software antivirus.<\/p>\n\n\n\n<p>3.6. Non siamo inoltre responsabili per eventuali perdite, danni o perdite derivanti dall&#039;uso improprio della piattaforma, guasti tecnici, instabilit\u00e0 di Internet o attacchi virtuali.<\/p>\n\n\n\n<p>3.7. Il <strong>Andiamo nerd<\/strong> Non richiediamo mai pagamenti anticipati, depositi o impegni finanziari per accedere a informazioni o consigliare servizi. Se ricevete una richiesta di questo tipo, siate sospettosi e segnalatecelo immediatamente.<\/p>\n\n\n\n<p>3.8. Invitiamo i nostri utenti a prestare attenzione alle e-mail o ai messaggi indesiderati che richiedono dati personali o contengono link sospetti. Se ricevete comunicazioni sospette per conto di <strong>Andiamo nerd<\/strong>, non fornire informazioni e segnalalo tramite il nostro canale di assistenza clienti.<\/p>\n\n\n\n<h2 class=\"wp-block-heading\"><strong>Articolo IV \u2013 Azioni proibite<\/strong><\/h2>\n\n\n\n<p>Per mantenere un ambiente rispettoso e sicuro, i seguenti comportamenti sono severamente vietati sul <strong>Andiamo nerd<\/strong>:<\/p>\n\n\n\n<ul>\n<li>Partecipare o incoraggiare attivit\u00e0 illegali;<\/li>\n\n\n\n<li>Violare i diritti d&#039;autore, i marchi commerciali o altre propriet\u00e0 intellettuali;<\/li>\n\n\n\n<li>Pubblicare o diffondere informazioni false, fraudolente o fuorvianti;<\/li>\n\n\n\n<li>Condividere contenuti che promuovono molestie, discriminazioni, pregiudizi o intimidazioni;<\/li>\n\n\n\n<li>Inserire codice dannoso, come virus, malware o spyware;<\/li>\n\n\n\n<li>Tentare di accedere alle informazioni personali di altri utenti senza autorizzazione;<\/li>\n\n\n\n<li>Commettere truffe, spam, phishing o altre frodi digitali;<\/li>\n\n\n\n<li>Pubblicare contenuti offensivi, inappropriati o che violano gli standard etici;<\/li>\n\n\n\n<li>Violare o compromettere la sicurezza della piattaforma.<\/li>\n<\/ul>\n\n\n\n<p>Gli utenti che violano queste linee guida potrebbero vedersi sospesi l&#039;accesso o bloccati in modo permanente, oltre ad essere soggetti ad altre misure a seconda della gravit\u00e0 della violazione.<\/p>\n\n\n\n<h2 class=\"wp-block-heading\"><strong>Articolo V \u2013 Esclusione di garanzia e limitazione di responsabilit\u00e0<\/strong><\/h2>\n\n\n\n<p>IL <strong>Andiamo nerd<\/strong> si impegna a fornire informazioni affidabili e servizi di qualit\u00e0, ma non pu\u00f2 garantire che la sua piattaforma sia sempre esente da errori, interruzioni o violazioni della sicurezza. Inoltre, non garantiamo che tutte le informazioni presentate siano assolutamente accurate o che i risultati ottenuti dall&#039;utilizzo dei nostri contenuti siano infallibili.<\/p>\n\n\n\n<p>Ci riserviamo il diritto di modificare, sospendere o interrompere qualsiasi servizio della piattaforma senza preavviso.<\/p>\n\n\n\n<h3 class=\"wp-block-heading\"><strong>5.1. Utilizzo a rischio e pericolo dell&#039;utente<\/strong><\/h3>\n\n\n\n<p>Quando si utilizzano i servizi di <strong>Andiamo nerd<\/strong>, l&#039;utente riconosce di assumersi la piena responsabilit\u00e0 per l&#039;utilizzo della piattaforma. Tutti i contenuti resi disponibili sono forniti &quot;cos\u00ec come sono&quot;, senza garanzie esplicite o implicite. Ci\u00f2 include, a titolo esemplificativo ma non esaustivo:<\/p>\n\n\n\n<ul>\n<li>Garanzie di commerciabilit\u00e0 o idoneit\u00e0 per uno scopo particolare;<\/li>\n\n\n\n<li>Garanzie di accuratezza, durata o conformit\u00e0 alle normative di legge;<\/li>\n\n\n\n<li>Garanzie contro possibili violazioni del copyright o della propriet\u00e0 intellettuale.<\/li>\n<\/ul>\n\n\n\n<h3 class=\"wp-block-heading\"><strong>5.2. Limitazione di responsabilit\u00e0<\/strong><\/h3>\n\n\n\n<p>IL <strong>Andiamo nerd<\/strong>, i suoi amministratori, affiliati, dipendenti e partner non saranno responsabili per eventuali danni diretti, indiretti, incidentali, punitivi o consequenziali, inclusi, a titolo esemplificativo ma non esaustivo:<\/p>\n\n\n\n<ul>\n<li>Perdita di profitti, entrate o risparmi;<\/li>\n\n\n\n<li>Danni derivanti da informazioni inesatte o obsolete pubblicate sulla piattaforma;<\/li>\n\n\n\n<li>Costi relativi al recupero dei dati persi;<\/li>\n\n\n\n<li>Impatti derivanti dall&#039;uso o dall&#039;impossibilit\u00e0 di utilizzare i servizi della piattaforma.<\/li>\n<\/ul>\n\n\n\n<p>Questa limitazione di responsabilit\u00e0 si applica a tutte le forme di reclamo, indipendentemente dalla natura del presunto danno, garantendo che il <strong>Andiamo nerd<\/strong> non pu\u00f2 essere ritenuta responsabile per eventuali guasti o inconvenienti derivanti dall&#039;utilizzo della piattaforma.<\/p>\n\n\n\n<h2 class=\"wp-block-heading\"><strong>Articolo VI \u2013 Validit\u00e0 e disposizioni legali<\/strong><\/h2>\n\n\n\n<p>Le presenti Condizioni d&#039;uso rimarranno in vigore a tempo indeterminato e potranno essere aggiornate ogniqualvolta necessario per garantire la conformit\u00e0 alle nuove linee guida legali o per migliorare l&#039;esperienza dell&#039;utente.<\/p>\n\n\n\n<p>Se \u00e8 necessario intraprendere un&#039;azione legale relativa all&#039;uso della piattaforma o del nostro <strong>politica sulla riservatezza<\/strong>, il termine massimo per l&#039;apertura di reclami e questioni legali sar\u00e0 <strong>90 giorni<\/strong> dalla data dell&#039;evento che ha dato origine alla domanda.<\/p>\n\n\n\n<h2 class=\"wp-block-heading\"><strong>Articolo VII \u2013 Legge applicabile e giurisdizione<\/strong><\/h2>\n\n\n\n<p>Voi <strong>Termini di utilizzo<\/strong> e il <strong>politica sulla riservatezza<\/strong> Di <strong>Andiamo nerd<\/strong> saranno interpretati e regolati dalla legislazione vigente nel Paese in cui la piattaforma \u00e8 registrata. Ci\u00f2 include, a titolo esemplificativo ma non esaustivo:<\/p>\n\n\n\n<ul>\n<li>Norme del Codice Civile applicabili ai rapporti contrattuali e alle responsabilit\u00e0;<\/li>\n\n\n\n<li>Leggi sulla tutela dei consumatori, ove applicabili;<\/li>\n\n\n\n<li>Normativa sulla protezione dei dati personali e sulla privacy digitale.<\/li>\n<\/ul>\n\n\n\n<p>In caso di controversie o questioni legali relative all&#039;utilizzo della piattaforma, queste saranno risolte davanti ai tribunali competenti del luogo in cui ha sede l&#039; <strong>Andiamo nerd<\/strong> \u00e8 registrato, rispettando tutte le norme applicabili.<\/p>\n\n\n\n<h2 class=\"wp-block-heading\"><strong>Articolo VIII \u2013 Propriet\u00e0 intellettuale e utilizzo dei contenuti<\/strong><\/h2>\n\n\n\n<h3 class=\"wp-block-heading\"><strong>8.1. Diritti sui contenuti<\/strong><\/h3>\n\n\n\n<p>Tutti i contenuti pubblicati su <strong>Andiamo nerd<\/strong>, sia che siano stati creati da noi o forniti dai nostri partner, sono protetti dalle leggi sul copyright e sulla propriet\u00e0 intellettuale. Ci\u00f2 include testi, immagini, grafica, video, loghi e qualsiasi altro materiale presente sulla piattaforma.<\/p>\n\n\n\n<p>L&#039;uso non autorizzato di questo contenuto \u00e8 espressamente proibito, incluso:<\/p>\n\n\n\n<ul>\n<li>Riproduzione, distribuzione o modifica senza autorizzazione;<\/li>\n\n\n\n<li>Creazione di materiali derivati basati sul contenuto originale;<\/li>\n\n\n\n<li>Pubblicazione o condivisione su altri media senza previa autorizzazione;<\/li>\n\n\n\n<li>Qualsiasi altra forma di utilizzo che violi i diritti dell&#039; <strong>Andiamo nerd<\/strong>.<\/li>\n<\/ul>\n\n\n\n<p>Il mancato rispetto di queste linee guida pu\u00f2 comportare la rimozione dei contenuti, la sospensione dell&#039;accesso o l&#039;adozione di opportune azioni legali.<\/p>\n\n\n\n<h3 class=\"wp-block-heading\"><strong>8.2. Limitazione di responsabilit\u00e0<\/strong><\/h3>\n\n\n\n<p>IL <strong>Andiamo nerd<\/strong> non \u00e8 responsabile dei contenuti generati da terze parti, quali:<\/p>\n\n\n\n<ul>\n<li>Commenti degli utenti su articoli e forum;<\/li>\n\n\n\n<li>Pubblicazioni esterne collegate alla nostra piattaforma;<\/li>\n\n\n\n<li>Informazioni fornite da fonti esterne.<\/li>\n<\/ul>\n\n\n\n<p>Inoltre, non ci assumiamo alcuna responsabilit\u00e0 per eventuali danni diretti o indiretti derivanti dall&#039;utilizzo del sito web, siano essi dovuti a informazioni inesatte, guasti tecnici o interpretazioni errate.<\/p>\n\n\n\n<h3 class=\"wp-block-heading\"><strong>8.3. Gestione delle violazioni dei contenuti<\/strong><\/h3>\n\n\n\n<p>IL <strong>Andiamo nerd<\/strong> si riserva il diritto di rimuovere qualsiasi contenuto che violi i presenti Termini, compresi i materiali considerati:<\/p>\n\n\n\n<ul>\n<li>Illegale, offensivo o diffamatorio;<\/li>\n\n\n\n<li>Fuorvianti, fraudolenti o che promuovono discorsi d&#039;odio;<\/li>\n\n\n\n<li>Che violano il copyright o la propriet\u00e0 intellettuale di terzi.<\/li>\n<\/ul>\n\n\n\n<p>Gli account degli utenti che violano queste regole potrebbero essere sospesi o disabilitati in modo permanente.<\/p>\n\n\n\n<h2 class=\"wp-block-heading\"><strong>Articolo IX \u2013 Modifiche ai Termini e Condizioni<\/strong><\/h2>\n\n\n\n<p>IL <strong>Andiamo nerd<\/strong> pu\u00f2 modificare, sospendere o interrompere qualsiasi funzionalit\u00e0 della piattaforma senza preavviso, se necessario per migliorare i servizi, soddisfare requisiti legali o adattamenti tecnologici.<\/p>\n\n\n\n<p>Periodicamente potrebbero verificarsi modifiche ai Termini e Condizioni e, se non sei d&#039;accordo con le nuove linee guida, ti consigliamo di interrompere l&#039;utilizzo della piattaforma.<\/p>\n\n\n\n<p>Per domande, suggerimenti o richieste di supporto, contattateci tramite il nostro modulo di supporto.<\/p>","protected":false},"excerpt":{"rendered":"<p>Let&#039;s Go Nerd \u00e8 un portale dedicato all&#039;esplorazione dell&#039;universo dei corsi, della tecnologia, dei gamer, dei nerd e della cultura geek. Il nostro obiettivo \u00e8 fornire informazioni di qualit\u00e0, spunti preziosi e consigli di esperti a un pubblico appassionato di apprendimento e intrattenimento digitale. Gestiamo questa piattaforma con impegno e attenzione, garantendo uno spazio accessibile, sicuro e informativo [\u2026]<\/p>","protected":false},"author":5,"featured_media":0,"parent":0,"menu_order":0,"comment_status":"closed","ping_status":"closed","template":"page-nosidebar.php","meta":{"footnotes":""},"yoast_head":"<!-- This site is optimized with the Yoast SEO plugin v23.3 - https:\/\/yoast.com\/wordpress\/plugins\/seo\/ -->\n<title>Termos e Condi\u00e7\u00f5es de Uso - Let&#039;s Go Nerd<\/title>\n<meta name=\"robots\" content=\"index, follow, max-snippet:-1, max-image-preview:large, max-video-preview:-1\" \/>\n<link rel=\"canonical\" href=\"https:\/\/letsgonerd.com\/it\/terms\/\" \/>\n<meta property=\"og:locale\" content=\"it_IT\" \/>\n<meta property=\"og:type\" content=\"article\" \/>\n<meta property=\"og:title\" content=\"Termos e Condi\u00e7\u00f5es de Uso - Let&#039;s Go Nerd\" \/>\n<meta property=\"og:description\" content=\"O Let&#8217;s Go Nerd \u00e9 um portal dedicado a explorar o universo dos cursos, tecnologia, cultura gamer, nerd e geek. Nosso objetivo \u00e9 fornecer informa\u00e7\u00f5es de qualidade, insights valiosos e recomenda\u00e7\u00f5es especializadas para um p\u00fablico apaixonado por aprendizado e entretenimento digital. Administramos esta plataforma com compromisso e aten\u00e7\u00e3o, garantindo um espa\u00e7o acess\u00edvel, seguro e informativo [&hellip;]\" \/>\n<meta property=\"og:url\" content=\"https:\/\/letsgonerd.com\/it\/terms\/\" \/>\n<meta property=\"og:site_name\" content=\"Let&#039;s Go Nerd\" \/>\n<meta property=\"article:modified_time\" content=\"2025-10-13T18:49:00+00:00\" \/>\n<meta name=\"twitter:card\" content=\"summary_large_image\" \/>\n<meta name=\"twitter:label1\" content=\"Est. reading time\" \/>\n\t<meta name=\"twitter:data1\" content=\"9 minuti\" \/>\n<script type=\"application\/ld+json\" class=\"yoast-schema-graph\">{\"@context\":\"https:\/\/schema.org\",\"@graph\":[{\"@type\":\"WebPage\",\"@id\":\"https:\/\/letsgonerd.com\/terms\/\",\"url\":\"https:\/\/letsgonerd.com\/terms\/\",\"name\":\"Termos e Condi\u00e7\u00f5es de Uso - Let&#039;s Go Nerd\",\"isPartOf\":{\"@id\":\"https:\/\/letsgonerd.com\/#website\"},\"datePublished\":\"2025-02-04T17:41:49+00:00\",\"dateModified\":\"2025-10-13T18:49:00+00:00\",\"breadcrumb\":{\"@id\":\"https:\/\/letsgonerd.com\/terms\/#breadcrumb\"},\"inLanguage\":\"it-IT\",\"potentialAction\":[{\"@type\":\"ReadAction\",\"target\":[\"https:\/\/letsgonerd.com\/terms\/\"]}]},{\"@type\":\"BreadcrumbList\",\"@id\":\"https:\/\/letsgonerd.com\/terms\/#breadcrumb\",\"itemListElement\":[{\"@type\":\"ListItem\",\"position\":1,\"name\":\"Home\",\"item\":\"https:\/\/letsgonerd.com\/\"},{\"@type\":\"ListItem\",\"position\":2,\"name\":\"Termos e Condi\u00e7\u00f5es de Uso\"}]},{\"@type\":\"WebSite\",\"@id\":\"https:\/\/letsgonerd.com\/#website\",\"url\":\"https:\/\/letsgonerd.com\/\",\"name\":\"Let&#039;s Go Nerd\",\"description\":\"\",\"potentialAction\":[{\"@type\":\"SearchAction\",\"target\":{\"@type\":\"EntryPoint\",\"urlTemplate\":\"https:\/\/letsgonerd.com\/?s={search_term_string}\"},\"query-input\":\"required name=search_term_string\"}],\"inLanguage\":\"it-IT\"}]}<\/script>\n<!-- \/ Yoast SEO plugin. -->","yoast_head_json":{"title":"Termos e Condi\u00e7\u00f5es de Uso - Let&#039;s Go Nerd","robots":{"index":"index","follow":"follow","max-snippet":"max-snippet:-1","max-image-preview":"max-image-preview:large","max-video-preview":"max-video-preview:-1"},"canonical":"https:\/\/letsgonerd.com\/it\/terms\/","og_locale":"it_IT","og_type":"article","og_title":"Termos e Condi\u00e7\u00f5es de Uso - Let&#039;s Go Nerd","og_description":"O Let&#8217;s Go Nerd \u00e9 um portal dedicado a explorar o universo dos cursos, tecnologia, cultura gamer, nerd e geek. Nosso objetivo \u00e9 fornecer informa\u00e7\u00f5es de qualidade, insights valiosos e recomenda\u00e7\u00f5es especializadas para um p\u00fablico apaixonado por aprendizado e entretenimento digital. Administramos esta plataforma com compromisso e aten\u00e7\u00e3o, garantindo um espa\u00e7o acess\u00edvel, seguro e informativo [&hellip;]","og_url":"https:\/\/letsgonerd.com\/it\/terms\/","og_site_name":"Let&#039;s Go Nerd","article_modified_time":"2025-10-13T18:49:00+00:00","twitter_card":"summary_large_image","twitter_misc":{"Est. reading time":"9 minuti"},"schema":{"@context":"https:\/\/schema.org","@graph":[{"@type":"WebPage","@id":"https:\/\/letsgonerd.com\/terms\/","url":"https:\/\/letsgonerd.com\/terms\/","name":"Termos e Condi\u00e7\u00f5es de Uso - Let&#039;s Go Nerd","isPartOf":{"@id":"https:\/\/letsgonerd.com\/#website"},"datePublished":"2025-02-04T17:41:49+00:00","dateModified":"2025-10-13T18:49:00+00:00","breadcrumb":{"@id":"https:\/\/letsgonerd.com\/terms\/#breadcrumb"},"inLanguage":"it-IT","potentialAction":[{"@type":"ReadAction","target":["https:\/\/letsgonerd.com\/terms\/"]}]},{"@type":"BreadcrumbList","@id":"https:\/\/letsgonerd.com\/terms\/#breadcrumb","itemListElement":[{"@type":"ListItem","position":1,"name":"Home","item":"https:\/\/letsgonerd.com\/"},{"@type":"ListItem","position":2,"name":"Termos e Condi\u00e7\u00f5es de Uso"}]},{"@type":"WebSite","@id":"https:\/\/letsgonerd.com\/#website","url":"https:\/\/letsgonerd.com\/","name":"Let&#039;s Go Nerd","description":"","potentialAction":[{"@type":"SearchAction","target":{"@type":"EntryPoint","urlTemplate":"https:\/\/letsgonerd.com\/?s={search_term_string}"},"query-input":"required name=search_term_string"}],"inLanguage":"it-IT"}]}},"_links":{"self":[{"href":"https:\/\/letsgonerd.com\/it\/wp-json\/wp\/v2\/pages\/358"}],"collection":[{"href":"https:\/\/letsgonerd.com\/it\/wp-json\/wp\/v2\/pages"}],"about":[{"href":"https:\/\/letsgonerd.com\/it\/wp-json\/wp\/v2\/types\/page"}],"author":[{"embeddable":true,"href":"https:\/\/letsgonerd.com\/it\/wp-json\/wp\/v2\/users\/5"}],"replies":[{"embeddable":true,"href":"https:\/\/letsgonerd.com\/it\/wp-json\/wp\/v2\/comments?post=358"}],"version-history":[{"count":6,"href":"https:\/\/letsgonerd.com\/it\/wp-json\/wp\/v2\/pages\/358\/revisions"}],"predecessor-version":[{"id":947,"href":"https:\/\/letsgonerd.com\/it\/wp-json\/wp\/v2\/pages\/358\/revisions\/947"}],"wp:attachment":[{"href":"https:\/\/letsgonerd.com\/it\/wp-json\/wp\/v2\/media?parent=358"}],"curies":[{"name":"wp","href":"https:\/\/api.w.org\/{rel}","templated":true}]}}