{"id":348,"date":"2025-02-04T16:30:46","date_gmt":"2025-02-04T16:30:46","guid":{"rendered":"https:\/\/letsgonerd.com\/?page_id=348"},"modified":"2025-10-13T18:48:50","modified_gmt":"2025-10-13T18:48:50","slug":"privacy","status":"publish","type":"page","link":"https:\/\/letsgonerd.com\/it\/privacy\/","title":{"rendered":"politica sulla riservatezza"},"content":{"rendered":"<p>Aggiornato il 28 marzo 2025.<\/p>\n\n\n\n<h2 class=\"wp-block-heading\"><strong>1. Introduzione<\/strong><\/h2>\n\n\n\n<p>Benvenuti a <strong>Andiamo nerd<\/strong>! Il nostro obiettivo \u00e8 quello di metterti in contatto con il mondo dei corsi, della tecnologia, dei giochi e della cultura geek, offrendoti informazioni aggiornate e contenuti esclusivi.<\/p>\n\n\n\n<p>La privacy dei nostri utenti \u00e8 una priorit\u00e0 e prendiamo molto seriamente la sicurezza dei tuoi dati. La presente Informativa sulla privacy descrive in modo chiaro e trasparente come raccogliamo, archiviamo, utilizziamo e proteggiamo le tue informazioni quando accedi al nostro sito web.<a href=\"https:\/\/letsgonerd.com\/it\/\"> <strong>https:\/\/letsgonerd.com<\/strong><\/a>.<\/p>\n\n\n\n<p>Navigando e interagendo con la nostra piattaforma, accetti i termini qui stabiliti. Se non accetti questa politica, ti consigliamo di interrompere l&#039;utilizzo dei nostri servizi.<\/p>\n\n\n\n<p>Per qualsiasi domanda o chiarimento, contattateci tramite la pagina dei contatti.<\/p>\n\n\n\n<h2 class=\"wp-block-heading\"><strong>2. Ambito di applicazione dell&#039;Informativa sulla privacy<\/strong><\/h2>\n\n\n\n<p>Questa politica si applica esclusivamente a <strong>Andiamo nerd<\/strong> e riguarda la raccolta e l&#039;utilizzo di dati personali e non personali degli utenti durante la navigazione, la compilazione di moduli o l&#039;interazione con i nostri contenuti.<\/p>\n\n\n\n<p>Lei <strong>non si applica<\/strong> Dati raccolti da terze parti, come inserzionisti, piattaforme esterne o servizi partner. Se vieni indirizzato a un altro sito web tramite link presenti nei nostri contenuti, ti consigliamo di leggere l&#039;informativa sulla privacy di tale piattaforma prima di fornire qualsiasi informazione.<\/p>\n\n\n\n<h2 class=\"wp-block-heading\"><strong>3. Consenso<\/strong><\/h2>\n\n\n\n<p>Accedendo a Let&#039;s Go Nerd e utilizzando i nostri servizi, sei <strong>accettando espressamente<\/strong> con la presente Informativa sulla privacy. Il tuo consenso include la raccolta, l&#039;archiviazione e l&#039;utilizzo dei tuoi dati come descritto nel presente documento.<\/p>\n\n\n\n<p>Se non sei d&#039;accordo con le nostre pratiche, ti chiediamo di interrompere immediatamente l&#039;utilizzo della piattaforma. Puoi anche <strong>revocare il tuo consenso<\/strong> in qualsiasi momento inviando una richiesta alla pagina contatti.<\/p>\n\n\n\n<h3 class=\"wp-block-heading\"><strong>Utilizzo dell&#039;intelligenza artificiale (IA)<\/strong><\/h3>\n\n\n\n<p>Lets Go Nerd utilizza strumenti di intelligenza artificiale come parte del processo creativo per produrre contenuti e immagini in modo pi\u00f9 rapido e innovativo. Questa tecnologia ci permette di sperimentare nuovi modi di presentare le informazioni, cercando sempre di offrire un&#039;esperienza pi\u00f9 coinvolgente e aggiornata ai nostri visitatori.<\/p>\n\n\n\n<p>Tuttavia, l&#039;uso dell&#039;intelligenza artificiale in questo caso non \u00e8 n\u00e9 automatico n\u00e9 casuale. Ogni materiale generato con questo supporto viene sottoposto a revisione umana, garantendo che il contenuto finale abbia senso, sia affidabile e in linea con lo scopo del sito web.<\/p>\n\n\n\n<p>Crediamo che la tecnologia possa migliorare, ma non sostituire mai, il giudizio e la cura umana. Pertanto, utilizziamo l&#039;intelligenza artificiale in modo responsabile, etico e con totale trasparenza.<\/p>\n\n\n\n<p>Se sei curioso di sapere come utilizziamo l&#039;intelligenza artificiale qui o vuoi discutere di un argomento specifico, contattaci. Siamo sempre disponibili a parlare con te.<\/p>\n\n\n\n<h2 class=\"wp-block-heading\"><strong>4. Quali dati raccogliamo?<\/strong><\/h2>\n\n\n\n<p>Let&#039;s Go Nerd pu\u00f2 raccogliere informazioni personali e non personali in diversi modi, come descritto di seguito:<\/p>\n\n\n\n<h3 class=\"wp-block-heading\"><strong>4.1. Informazioni fornite direttamente da te<\/strong><\/h3>\n\n\n\n<p>Quando utilizzi il nostro sito web, puoi scegliere di fornire informazioni a:<\/p>\n\n\n\n<ul>\n<li>Creare un account;<\/li>\n\n\n\n<li>Compila i moduli di contatto;<\/li>\n\n\n\n<li>Commento sulle pubblicazioni;<\/li>\n\n\n\n<li>Iscriviti alle newsletter;<\/li>\n\n\n\n<li>Partecipare a promozioni o sondaggi.<\/li>\n<\/ul>\n\n\n\n<p>I dati raccolti includono:<\/p>\n\n\n\n<ul>\n<li>Nome e cognome;<\/li>\n\n\n\n<li>Indirizzo e-mail;<\/li>\n\n\n\n<li>Numero di telefono (ove applicabile);<\/li>\n\n\n\n<li>Preferenze relative al corso e alla tecnologia;<\/li>\n\n\n\n<li>Informazioni aggiuntive fornite volontariamente.<\/li>\n<\/ul>\n\n\n\n<p>Questi dati vengono utilizzati per personalizzare la tua esperienza e garantire il miglior servizio possibile.<\/p>\n\n\n\n<h3 class=\"wp-block-heading\"><strong>4.2. Informazioni raccolte automaticamente<\/strong><\/h3>\n\n\n\n<p>Quando accedi al nostro sito web, raccogliamo <strong>dati tecnici e di navigazione<\/strong> per comprendere il comportamento degli utenti e migliorare i nostri servizi. Questi includono:<\/p>\n\n\n\n<ul>\n<li>indirizzo IP;<\/li>\n\n\n\n<li>Tipo di browser e sistema operativo;<\/li>\n\n\n\n<li>Pagine visitate e tempo trascorso;<\/li>\n\n\n\n<li>Data e ora dell&#039;accesso.<\/li>\n<\/ul>\n\n\n\n<p>Queste informazioni vengono raccolte tramite <strong>biscotti<\/strong> e altre tecnologie simili.<\/p>\n\n\n\n<h3 class=\"wp-block-heading\"><strong>4.3. Informazioni ottenute da terze parti<\/strong><\/h3>\n\n\n\n<p>Potremmo ricevere dati da <strong>partner pubblicitari e piattaforme di analisi<\/strong>, come Google Analytics e Facebook Ads. Questi dati aiutano a personalizzare gli annunci e ottimizzare le prestazioni del sito web.<\/p>\n\n\n\n<p>Puoi modificare le impostazioni degli annunci direttamente su queste piattaforme per limitare la condivisione delle informazioni.<\/p>\n\n\n\n<h2 class=\"wp-block-heading\"><strong>5. Come utilizziamo i tuoi dati?<\/strong><\/h2>\n\n\n\n<p>I dati raccolti vengono utilizzati per:<\/p>\n\n\n\n<ul>\n<li><strong>Personalizza la tua esperienza<\/strong> \u2013 Ti consigliamo corsi, articoli e contenuti pertinenti in base ai tuoi interessi.<\/li>\n\n\n\n<li><strong>Migliorare il nostro sito web<\/strong> \u2013 Monitoriamo le statistiche di utilizzo per ottimizzare le prestazioni e la navigazione.<\/li>\n\n\n\n<li><strong>Invia comunicazioni<\/strong> \u2013 Email con novit\u00e0, promozioni e informazioni sui corsi. Puoi annullare l&#039;iscrizione in qualsiasi momento.<\/li>\n\n\n\n<li><strong>Visualizza annunci personalizzati<\/strong> \u2013 Collaboriamo con reti pubblicitarie per offrirti annunci personalizzati in base al tuo profilo.<\/li>\n\n\n\n<li><strong>Garantire la sicurezza della piattaforma<\/strong> \u2013 Monitoriamo le attivit\u00e0 per prevenire frodi e accessi non autorizzati.<\/li>\n<\/ul>\n\n\n\n<h2 class=\"wp-block-heading\"><strong>6. Condivisione delle informazioni<\/strong><\/h2>\n\n\n\n<p>Andiamo nerd <strong>non vende o condivide<\/strong> i tuoi dati personali con terze parti per finalit\u00e0 commerciali. Tuttavia, alcune informazioni potrebbero essere condivise con:<\/p>\n\n\n\n<ul>\n<li><strong>Partner pubblicitari<\/strong> \u2013 Per personalizzare gli annunci pubblicitari visualizzati sul sito web;<\/li>\n\n\n\n<li><strong>Fornitori di servizi di analisi<\/strong> \u2013 Come Google Analytics, per comprendere il comportamento degli utenti;<\/li>\n\n\n\n<li><strong>Autorit\u00e0 legali<\/strong> \u2013 Se \u00e8 necessario per ottemperare ad obblighi di legge o rispondere a procedimenti legali.<\/li>\n<\/ul>\n\n\n\n<p>Ci impegniamo a garantire la massima trasparenza in merito alle modalit\u00e0 di trattamento dei tuoi dati.<\/p>\n\n\n\n<h2 class=\"wp-block-heading\"><strong>7. Sicurezza e protezione dei dati<\/strong><\/h2>\n\n\n\n<p>La protezione delle tue informazioni \u00e8 una priorit\u00e0 per <strong>Andiamo nerd<\/strong>Implementiamo misure tecniche e organizzative per garantire la sicurezza dei tuoi dati e ridurre al minimo il rischio di accesso non autorizzato, uso improprio, alterazione, perdita o distruzione accidentale.<\/p>\n\n\n\n<h3 class=\"wp-block-heading\"><strong>7.1. Misure di sicurezza utilizzate<\/strong><\/h3>\n\n\n\n<ul>\n<li><strong>Crittografia dei dati<\/strong> \u2013 Le informazioni sensibili che raccogliamo vengono conservate in forma crittografata per impedire accessi non autorizzati.<\/li>\n\n\n\n<li><strong>Protezione contro l&#039;accesso non autorizzato<\/strong> \u2013 Implementiamo firewall, sistemi di rilevamento delle intrusioni e monitoraggio continuo per prevenire gli attacchi informatici.<\/li>\n\n\n\n<li><strong>Controllo degli accessi limitato<\/strong> \u2013 L\u2019accesso ai dati personali \u00e8 consentito solo ai dipendenti autorizzati e ci\u00f2 avviene nel rispetto di rigorosi protocolli di sicurezza.<\/li>\n\n\n\n<li><strong>Monitoraggio delle vulnerabilit\u00e0<\/strong> \u2013 Effettuiamo audit periodici per identificare e correggere potenziali falle nella sicurezza delle informazioni.<\/li>\n\n\n\n<li><strong>Formazione di squadra<\/strong> \u2013 Il nostro team riceve regolarmente formazione sulle buone pratiche in materia di sicurezza delle informazioni e privacy.<\/li>\n<\/ul>\n\n\n\n<h3 class=\"wp-block-heading\"><strong>7.2. Limitazioni di sicurezza<\/strong><\/h3>\n\n\n\n<p>Nonostante i nostri sforzi per garantire la sicurezza dei dati, \u00e8 importante ricordare che <strong>nessun sistema \u00e8 a prova di manomissione 100%<\/strong>Possono verificarsi attacchi informatici sofisticati e la sicurezza dipende anche dalle pratiche dell&#039;utente.<\/p>\n\n\n\n<p><strong>Consigli per la tua protezione:<\/strong><\/p>\n\n\n\n<ul>\n<li><strong>Evita le password deboli<\/strong> \u2013 Utilizzare combinazioni forti e uniche per ogni servizio;<\/li>\n\n\n\n<li><strong>Non condividere le tue credenziali<\/strong> - IL <strong>Andiamo nerd<\/strong> non ti chieder\u00e0 mai la password al di fuori dell&#039;ambiente ufficiale del sito web;<\/li>\n\n\n\n<li><strong>Attenzione ai link sospetti<\/strong> \u2013 Non cliccare su link sconosciuti che affermano di provenire da <strong>Andiamo nerd<\/strong> senza verificarne l&#039;autenticit\u00e0.<\/li>\n<\/ul>\n\n\n\n<p>Se noti attivit\u00e0 sospette relative al tuo account, contattaci immediatamente tramite la pagina dei contatti.<\/p>\n\n\n\n<h2 class=\"wp-block-heading\"><strong>8. Diritti dell&#039;utente e gestione delle informazioni<\/strong><\/h2>\n\n\n\n<p>Utenti del <strong>Andiamo nerd<\/strong> avere il pieno controllo sui propri dati personali e poter esercitare diversi diritti, come previsto dalla normativa vigente, tra cui il <strong>Regolamento generale sulla protezione dei dati (GDPR)<\/strong> e il <strong>Legge sulla privacy dei consumatori della California (CCPA)<\/strong>.<\/p>\n\n\n\n<h3 class=\"wp-block-heading\"><strong>8.1. I tuoi diritti<\/strong><\/h3>\n\n\n\n<p>Hai il diritto di:<\/p>\n\n\n\n<ul>\n<li><strong>Accedi ai tuoi dati<\/strong> \u2013 Richiedere una copia delle informazioni personali che conserviamo su di te.<\/li>\n\n\n\n<li><strong>Informazioni corrette<\/strong> \u2013 Se i tuoi dati sono errati o non aggiornati, puoi richiederne la correzione.<\/li>\n\n\n\n<li><strong>Richiedi l&#039;eliminazione<\/strong> \u2013 Puoi richiedere la rimozione dei tuoi dati personali dal nostro sistema, salvo quando vi sia un\u2019esigenza legale di conservazione.<\/li>\n\n\n\n<li><strong>Limitare o opporsi al trattamento<\/strong> \u2013 Se lo desideri, puoi limitare l\u2019uso dei tuoi dati oppure opporti al trattamento da noi effettuato.<\/li>\n\n\n\n<li><strong>Richiedi la portabilit\u00e0 dei dati<\/strong> \u2013 Se desideri trasferire i tuoi dati a un altro servizio, possiamo fornirli in un formato strutturato e leggibile.<\/li>\n\n\n\n<li><strong>Disattivare il marketing diretto<\/strong> \u2013 Puoi scegliere di non ricevere pi\u00f9 email promozionali in qualsiasi momento. Basta cliccare sul link di annullamento dell&#039;iscrizione in fondo alle nostre comunicazioni o inviare una richiesta al nostro team di supporto.<\/li>\n<\/ul>\n\n\n\n<h3 class=\"wp-block-heading\"><strong>8.2. Come esercitare i tuoi diritti<\/strong><\/h3>\n\n\n\n<p>Per esercitare uno qualsiasi di questi diritti, si prega di inviare un messaggio sulla pagina dei contatti con oggetto \u201cRichiesta dati\u201d.<\/p>\n\n\n\n<p>Se necessario, potremmo richiedere la conferma dell&#039;identit\u00e0 del richiedente per prevenire frodi e garantire la sicurezza dei dati.<\/p>\n\n\n\n<p>Risponderemo alle richieste entro i termini di legge. <strong>fino a 30 giorni<\/strong>.<\/p>\n\n\n\n<h2 class=\"wp-block-heading\"><strong>9. Cookie e tecnologie di tracciamento<\/strong><\/h2>\n\n\n\n<p>I cookie sono piccoli file di testo memorizzati sul tuo dispositivo quando accedi al <strong>Andiamo nerd<\/strong>Ci aiutano a capire come interagisci con il nostro sito web, consentendoci di migliorare la tua esperienza e personalizzare i contenuti visualizzati.<\/p>\n\n\n\n<h3 class=\"wp-block-heading\"><strong>9.1. Come utilizziamo i cookie?<\/strong><\/h3>\n\n\n\n<ul>\n<li><strong>Personalizzazione dell&#039;esperienza<\/strong> \u2013 Salviamo le tue preferenze per ottimizzare la tua esperienza di navigazione.<\/li>\n\n\n\n<li><strong>Analisi delle prestazioni<\/strong> \u2013 Raccogliamo statistiche sulle visite, sulle pagine pi\u00f9 visitate e sulla durata della permanenza per migliorare i nostri servizi.<\/li>\n\n\n\n<li><strong>Pubblicit\u00e0 mirata<\/strong> \u2013 Utilizziamo i cookie per mostrarti annunci pubblicitari pertinenti in base ai tuoi interessi.<\/li>\n<\/ul>\n\n\n\n<h3 class=\"wp-block-heading\"><strong>9.2. Tipi di cookie che utilizziamo<\/strong><\/h3>\n\n\n\n<ul>\n<li><strong>Cookie essenziali<\/strong> \u2013 Necessari per il funzionamento del sito web. Senza di essi, alcune funzionalit\u00e0 potrebbero non essere disponibili.<\/li>\n\n\n\n<li><strong>Cookie di prestazione<\/strong> \u2013 Raccogliere dati su come utilizzi il sito web, contribuendo a migliorare la tua esperienza.<\/li>\n\n\n\n<li><strong>Cookie pubblicitari<\/strong> \u2013 Fornire annunci pertinenti in base al tuo profilo e alla tua esperienza di navigazione.<\/li>\n\n\n\n<li><strong>Cookie di terze parti<\/strong> \u2013 Utilizzato da strumenti come <strong>Google Analytics<\/strong>, <strong>Pixel di Facebook<\/strong> e piattaforme pubblicitarie.<\/li>\n<\/ul>\n\n\n\n<h3 class=\"wp-block-heading\"><strong>9.3. Gestione dei cookie<\/strong><\/h3>\n\n\n\n<p>Puoi configurare il tuo browser per accettare, rifiutare o eliminare i cookie. Se scegli di bloccare tutti i cookie, alcune funzionalit\u00e0 del sito web potrebbero essere compromesse.<\/p>\n\n\n\n<p>Per disattivare i cookie, segui le istruzioni del tuo browser:<\/p>\n\n\n\n<ul>\n<li><strong>Google Chrome<\/strong> <\/li>\n\n\n\n<li><strong>Mozilla Firefox<\/strong> <\/li>\n\n\n\n<li><strong>Microsoft Edge<\/strong> <\/li>\n\n\n\n<li><strong>Safari<\/strong><\/li>\n<\/ul>\n\n\n\n<p>Puoi anche disattivare gli annunci personalizzati visitando www.aboutads.info.<\/p>\n\n\n\n<h2 class=\"wp-block-heading\"><strong>10. Aggiornamenti e modifiche all&#039;Informativa sulla privacy<\/strong><\/h2>\n\n\n\n<p>IL <strong>Andiamo nerd<\/strong> pu\u00f2 aggiornare periodicamente la presente Informativa sulla privacy per riflettere modifiche legali, nuove tecnologie o miglioramenti del servizio.<\/p>\n\n\n\n<h3 class=\"wp-block-heading\"><strong>10.1. Come segnaleremo le modifiche?<\/strong><\/h3>\n\n\n\n<ul>\n<li>Notifica sul sito web stesso;<\/li>\n\n\n\n<li>Email per gli utenti registrati;<\/li>\n\n\n\n<li>Aggiornare la data di modifica nel documento.<\/li>\n<\/ul>\n\n\n\n<p>La versione pi\u00f9 recente sar\u00e0 sempre disponibile sul sito web. Ti consigliamo di consultare regolarmente questa pagina per rimanere informato su eventuali modifiche.<\/p>\n\n\n\n<p>Se continui a utilizzare i nostri servizi dopo la pubblicazione delle modifiche, daremo per scontato che accetti i nuovi termini.<\/p>\n\n\n\n<h2 class=\"wp-block-heading\"><strong>11. Come contattarci<\/strong><\/h2>\n\n\n\n<p>Per qualsiasi domanda, suggerimento o chiarimento sulla presente Informativa sulla privacy, contattateci tramite la pagina dei contatti.<\/p>\n\n\n\n<p>Il nostro supporto \u00e8 a disposizione per rispondere alle tue richieste e garantire la tua privacy durante la navigazione <strong>Andiamo nerd<\/strong>.<\/p>","protected":false},"excerpt":{"rendered":"<p>Aggiornato il 28 marzo 2025. 1. Introduzione Benvenuti su Let&#039;s Go Nerd! Il nostro obiettivo \u00e8 quello di connettervi al mondo dei corsi, della tecnologia, dei giochi e della cultura geek, offrendovi informazioni aggiornate e contenuti esclusivi. La privacy dei nostri utenti \u00e8 una priorit\u00e0 e prendiamo molto sul serio la sicurezza dei vostri dati. Questa Informativa sulla privacy [\u2026]<\/p>","protected":false},"author":5,"featured_media":0,"parent":0,"menu_order":0,"comment_status":"closed","ping_status":"closed","template":"page-nosidebar.php","meta":{"footnotes":""},"yoast_head":"<!-- This site is optimized with the Yoast SEO plugin v23.3 - https:\/\/yoast.com\/wordpress\/plugins\/seo\/ -->\n<title>Pol\u00edtica de Privacidade - Let&#039;s Go Nerd<\/title>\n<meta name=\"robots\" content=\"index, follow, max-snippet:-1, max-image-preview:large, max-video-preview:-1\" \/>\n<link rel=\"canonical\" href=\"https:\/\/letsgonerd.com\/it\/privacy\/\" \/>\n<meta property=\"og:locale\" content=\"it_IT\" \/>\n<meta property=\"og:type\" content=\"article\" \/>\n<meta property=\"og:title\" content=\"Pol\u00edtica de Privacidade - Let&#039;s Go Nerd\" \/>\n<meta property=\"og:description\" content=\"Atualizada em 28 de Mar\u00e7o de 2025. 1. Introdu\u00e7\u00e3o Bem-vindo ao Let&#8217;s Go Nerd! Nosso objetivo \u00e9 conectar voc\u00ea ao universo dos cursos, tecnologia, games e cultura geek, oferecendo informa\u00e7\u00f5es atualizadas e conte\u00fados exclusivos. A privacidade dos nossos usu\u00e1rios \u00e9 uma prioridade e levamos a seguran\u00e7a dos seus dados muito a s\u00e9rio. Esta Pol\u00edtica de [&hellip;]\" \/>\n<meta property=\"og:url\" content=\"https:\/\/letsgonerd.com\/it\/privacy\/\" \/>\n<meta property=\"og:site_name\" content=\"Let&#039;s Go Nerd\" \/>\n<meta property=\"article:modified_time\" content=\"2025-10-13T18:48:50+00:00\" \/>\n<meta name=\"twitter:card\" content=\"summary_large_image\" \/>\n<meta name=\"twitter:label1\" content=\"Est. reading time\" \/>\n\t<meta name=\"twitter:data1\" content=\"9 minuti\" \/>\n<script type=\"application\/ld+json\" class=\"yoast-schema-graph\">{\"@context\":\"https:\/\/schema.org\",\"@graph\":[{\"@type\":\"WebPage\",\"@id\":\"https:\/\/letsgonerd.com\/privacy\/\",\"url\":\"https:\/\/letsgonerd.com\/privacy\/\",\"name\":\"Pol\u00edtica de Privacidade - Let&#039;s Go Nerd\",\"isPartOf\":{\"@id\":\"https:\/\/letsgonerd.com\/#website\"},\"datePublished\":\"2025-02-04T16:30:46+00:00\",\"dateModified\":\"2025-10-13T18:48:50+00:00\",\"breadcrumb\":{\"@id\":\"https:\/\/letsgonerd.com\/privacy\/#breadcrumb\"},\"inLanguage\":\"it-IT\",\"potentialAction\":[{\"@type\":\"ReadAction\",\"target\":[\"https:\/\/letsgonerd.com\/privacy\/\"]}]},{\"@type\":\"BreadcrumbList\",\"@id\":\"https:\/\/letsgonerd.com\/privacy\/#breadcrumb\",\"itemListElement\":[{\"@type\":\"ListItem\",\"position\":1,\"name\":\"Home\",\"item\":\"https:\/\/letsgonerd.com\/\"},{\"@type\":\"ListItem\",\"position\":2,\"name\":\"Pol\u00edtica de Privacidade\"}]},{\"@type\":\"WebSite\",\"@id\":\"https:\/\/letsgonerd.com\/#website\",\"url\":\"https:\/\/letsgonerd.com\/\",\"name\":\"Let&#039;s Go Nerd\",\"description\":\"\",\"potentialAction\":[{\"@type\":\"SearchAction\",\"target\":{\"@type\":\"EntryPoint\",\"urlTemplate\":\"https:\/\/letsgonerd.com\/?s={search_term_string}\"},\"query-input\":\"required name=search_term_string\"}],\"inLanguage\":\"it-IT\"}]}<\/script>\n<!-- \/ Yoast SEO plugin. -->","yoast_head_json":{"title":"Pol\u00edtica de Privacidade - Let&#039;s Go Nerd","robots":{"index":"index","follow":"follow","max-snippet":"max-snippet:-1","max-image-preview":"max-image-preview:large","max-video-preview":"max-video-preview:-1"},"canonical":"https:\/\/letsgonerd.com\/it\/privacy\/","og_locale":"it_IT","og_type":"article","og_title":"Pol\u00edtica de Privacidade - Let&#039;s Go Nerd","og_description":"Atualizada em 28 de Mar\u00e7o de 2025. 1. Introdu\u00e7\u00e3o Bem-vindo ao Let&#8217;s Go Nerd! Nosso objetivo \u00e9 conectar voc\u00ea ao universo dos cursos, tecnologia, games e cultura geek, oferecendo informa\u00e7\u00f5es atualizadas e conte\u00fados exclusivos. A privacidade dos nossos usu\u00e1rios \u00e9 uma prioridade e levamos a seguran\u00e7a dos seus dados muito a s\u00e9rio. Esta Pol\u00edtica de [&hellip;]","og_url":"https:\/\/letsgonerd.com\/it\/privacy\/","og_site_name":"Let&#039;s Go Nerd","article_modified_time":"2025-10-13T18:48:50+00:00","twitter_card":"summary_large_image","twitter_misc":{"Est. reading time":"9 minuti"},"schema":{"@context":"https:\/\/schema.org","@graph":[{"@type":"WebPage","@id":"https:\/\/letsgonerd.com\/privacy\/","url":"https:\/\/letsgonerd.com\/privacy\/","name":"Pol\u00edtica de Privacidade - Let&#039;s Go Nerd","isPartOf":{"@id":"https:\/\/letsgonerd.com\/#website"},"datePublished":"2025-02-04T16:30:46+00:00","dateModified":"2025-10-13T18:48:50+00:00","breadcrumb":{"@id":"https:\/\/letsgonerd.com\/privacy\/#breadcrumb"},"inLanguage":"it-IT","potentialAction":[{"@type":"ReadAction","target":["https:\/\/letsgonerd.com\/privacy\/"]}]},{"@type":"BreadcrumbList","@id":"https:\/\/letsgonerd.com\/privacy\/#breadcrumb","itemListElement":[{"@type":"ListItem","position":1,"name":"Home","item":"https:\/\/letsgonerd.com\/"},{"@type":"ListItem","position":2,"name":"Pol\u00edtica de Privacidade"}]},{"@type":"WebSite","@id":"https:\/\/letsgonerd.com\/#website","url":"https:\/\/letsgonerd.com\/","name":"Let&#039;s Go Nerd","description":"","potentialAction":[{"@type":"SearchAction","target":{"@type":"EntryPoint","urlTemplate":"https:\/\/letsgonerd.com\/?s={search_term_string}"},"query-input":"required name=search_term_string"}],"inLanguage":"it-IT"}]}},"_links":{"self":[{"href":"https:\/\/letsgonerd.com\/it\/wp-json\/wp\/v2\/pages\/348"}],"collection":[{"href":"https:\/\/letsgonerd.com\/it\/wp-json\/wp\/v2\/pages"}],"about":[{"href":"https:\/\/letsgonerd.com\/it\/wp-json\/wp\/v2\/types\/page"}],"author":[{"embeddable":true,"href":"https:\/\/letsgonerd.com\/it\/wp-json\/wp\/v2\/users\/5"}],"replies":[{"embeddable":true,"href":"https:\/\/letsgonerd.com\/it\/wp-json\/wp\/v2\/comments?post=348"}],"version-history":[{"count":12,"href":"https:\/\/letsgonerd.com\/it\/wp-json\/wp\/v2\/pages\/348\/revisions"}],"predecessor-version":[{"id":946,"href":"https:\/\/letsgonerd.com\/it\/wp-json\/wp\/v2\/pages\/348\/revisions\/946"}],"wp:attachment":[{"href":"https:\/\/letsgonerd.com\/it\/wp-json\/wp\/v2\/media?parent=348"}],"curies":[{"name":"wp","href":"https:\/\/api.w.org\/{rel}","templated":true}]}}