{"id":358,"date":"2025-02-04T17:41:49","date_gmt":"2025-02-04T17:41:49","guid":{"rendered":"https:\/\/letsgonerd.com\/?page_id=358"},"modified":"2025-10-13T18:49:00","modified_gmt":"2025-10-13T18:49:00","slug":"terms","status":"publish","type":"page","link":"https:\/\/letsgonerd.com\/fr\/terms\/","title":{"rendered":"Conditions g\u00e9n\u00e9rales d&#039;utilisation"},"content":{"rendered":"<p>LE <strong>Allons-y, les geeks !<\/strong> Ce portail est d\u00e9di\u00e9 \u00e0 l&#039;exploration de l&#039;univers des cours, des technologies, des jeux vid\u00e9o et de la culture geek. Notre objectif est de fournir des informations de qualit\u00e9, des analyses pertinentes et des recommandations d&#039;experts \u00e0 un public passionn\u00e9 par l&#039;apprentissage et le divertissement num\u00e9rique.<\/p>\n\n\n\n<p>Nous g\u00e9rons cette plateforme avec engagement et soin, afin de garantir un espace accessible, s\u00fbr et informatif pour tous nos visiteurs. Dans ce document, les termes \u00ab nous \u00bb, \u00ab notre \u00bb et \u00ab notre \u00e9quipe \u00bb font r\u00e9f\u00e9rence \u00e0\u2026 <strong>Allons-y, les geeks !<\/strong> et leurs responsables.<\/p>\n\n\n\n<p>En parcourant notre plateforme, vous aurez acc\u00e8s \u00e0 une vari\u00e9t\u00e9 de contenus et de services con\u00e7us pour am\u00e9liorer votre exp\u00e9rience et vous fournir des informations pertinentes sur les cours, les applications, les actualit\u00e9s et les tendances de l&#039;univers geek.<\/p>\n\n\n\n<p>Notre engagement est de maintenir le <strong>Allons-y, les geeks !<\/strong> En tant que source de r\u00e9f\u00e9rence fiable pour ceux qui recherchent des informations sur les cours, les jeux, la technologie et la culture geek, nous garantissons que notre contenu est \u00e9labor\u00e9 avec soin, constamment mis \u00e0 jour et offre une perspective d\u00e9taill\u00e9e sur les sujets abord\u00e9s.<\/p>\n\n\n\n<p>Nous proposons un large \u00e9ventail de contenus, allant des comparatifs d&#039;applications et des \u00e9valuations de cours aux outils num\u00e9riques et aux analyses approfondies de l&#039;univers du jeu vid\u00e9o et de la culture geek. Notre objectif est de fournir des informations accessibles \u00e0 tous, d\u00e9butants comme passionn\u00e9s, afin d&#039;aider chaque visiteur \u00e0 trouver le contenu id\u00e9al.<\/p>\n\n\n\n<p>Le respect de la vie priv\u00e9e de nos utilisateurs est notre priorit\u00e9. Nous appliquons rigoureusement nos directives. <strong>politique de confidentialit\u00e9<\/strong>Nous garantissons une transparence totale quant \u00e0 l&#039;utilisation de vos donn\u00e9es personnelles et le respect de la r\u00e9glementation en vigueur. Votre acc\u00e8s \u00e0 notre plateforme et vos interactions avec celle-ci se d\u00e9roulent dans un environnement s\u00e9curis\u00e9, vous assurant une exp\u00e9rience fiable et respectueuse.<\/p>\n\n\n\n<p>Toi <strong>Conditions g\u00e9n\u00e9rales d&#039;utilisation<\/strong> de <strong>Allons-y, les geeks !<\/strong> Ces directives ont \u00e9t\u00e9 \u00e9labor\u00e9es afin de clarifier les r\u00e8gles d&#039;utilisation de la plateforme, garantissant ainsi une exp\u00e9rience s\u00fbre et harmonieuse pour tous les visiteurs.<\/p>\n\n\n\n<p><strong>LISEZ ATTENTIVEMENT CES CONDITIONS !<\/strong> Lors de l&#039;acc\u00e8s et de l&#039;utilisation des services de <strong>Allons-y, les geeks !<\/strong>En utilisant cette plateforme, vous acceptez pleinement les conditions \u00e9nonc\u00e9es ici. Si vous n&#039;\u00eates pas d&#039;accord avec l&#039;une de ces conditions, nous vous recommandons de cesser d&#039;utiliser la plateforme.<\/p>\n\n\n\n<h2 class=\"wp-block-heading\"><strong>Article I \u2013 R\u00e8gles d\u2019utilisation<\/strong><\/h2>\n\n\n\n<p>1.1. Acc\u00e8s et utilisation de <strong>Allons-y, les geeks !<\/strong> Cela implique l&#039;acceptation pleine et enti\u00e8re des pr\u00e9sentes conditions g\u00e9n\u00e9rales et de nos <strong>politique de confidentialit\u00e9<\/strong>.<\/p>\n\n\n\n<p>1.2. Pour utiliser la plateforme, l&#039;utilisateur doit avoir la capacit\u00e9 juridique de conclure des contrats, \u00eatre \u00e2g\u00e9 de plus de 18 ans ou avoir atteint l&#039;\u00e2ge l\u00e9gal requis dans sa juridiction.<\/p>\n\n\n\n<p>1.3. Si vous ne remplissez pas ces conditions ou si vous n&#039;acceptez pas les termes, nous vous recommandons de ne pas utiliser les services propos\u00e9s par <strong>Allons-y, les geeks !<\/strong>.<\/p>\n\n\n\n<h2 class=\"wp-block-heading\"><strong>Article II \u2013 Contact et assistance<\/strong><\/h2>\n\n\n\n<p>2.1. Le <strong>Allons-y, les geeks !<\/strong> Il offre des canaux officiels d&#039;assistance aux utilisateurs, permettant de r\u00e9pondre aux questions, de r\u00e9soudre les probl\u00e8mes et de recueillir des suggestions.<\/p>\n\n\n\n<p>2.2. Pour nous contacter, il vous suffit d&#039;utiliser le formulaire de contact disponible sur notre plateforme. Notre \u00e9quipe est pr\u00eate \u00e0 vous apporter une assistance rapide et efficace.<\/p>\n\n\n\n<h2 class=\"wp-block-heading\"><strong>Article III \u2013 Responsabilit\u00e9s des Parties<\/strong><\/h2>\n\n\n\n<p>3.1. Lors de l&#039;utilisation du <strong>Allons-y, les geeks !<\/strong>Ce faisant, l&#039;utilisateur confirme avoir lu, compris et accept\u00e9 les Conditions d&#039;utilisation et les <strong>politique de confidentialit\u00e9<\/strong>.<\/p>\n\n\n\n<p>3.2. Notre site web peut contenir des liens vers des plateformes externes proposant des produits, services ou contenus suppl\u00e9mentaires. Toutefois, nous n&#039;intervenons en aucune fa\u00e7on dans ces transactions ni dans la gestion de ces plateformes.<\/p>\n\n\n\n<p>3.3. Lors de l&#039;acc\u00e8s \u00e0 des sites web tiers via le <strong>Allons-y, les geeks !<\/strong>L\u2019utilisateur assume l\u2019enti\u00e8re responsabilit\u00e9 de consulter les conditions d\u2019utilisation et les politiques de confidentialit\u00e9 respectives avant de fournir des donn\u00e9es ou d\u2019interagir avec ces plateformes.<\/p>\n\n\n\n<p>3.4. Le <strong>Allons-y, les geeks !<\/strong> Nous ne sommes pas responsables des pratiques, du contenu, de la s\u00e9curit\u00e9 ni des services propos\u00e9s par les sites web externes. Toute interaction avec des tiers se fait aux risques et p\u00e9rils de l&#039;utilisateur.<\/p>\n\n\n\n<p>3.5. Le <strong>Allons-y, les geeks !<\/strong> Nous d\u00e9clinons toute responsabilit\u00e9 en cas de dommages caus\u00e9s par des logiciels malveillants, des virus ou autres cybermenaces susceptibles de compromettre les appareils des utilisateurs. Nous recommandons d&#039;adopter de bonnes pratiques de s\u00e9curit\u00e9 num\u00e9rique, notamment l&#039;utilisation d&#039;un logiciel antivirus.<\/p>\n\n\n\n<p>3.6. Nous ne sommes pas non plus responsables des pertes, dommages ou pr\u00e9judices r\u00e9sultant d&#039;une utilisation inappropri\u00e9e de la plateforme, de d\u00e9faillances techniques, d&#039;une instabilit\u00e9 d&#039;Internet ou de cyberattaques.<\/p>\n\n\n\n<p>3.7. Le <strong>Allons-y, les geeks !<\/strong> Nous ne demandons jamais de paiement anticip\u00e9, d&#039;acompte ou d&#039;engagement financier pour acc\u00e9der \u00e0 des informations ou recommander des services. Si vous recevez une telle demande, soyez vigilant et signalez-le-nous imm\u00e9diatement.<\/p>\n\n\n\n<p>3.8. Nous mettons en garde nos utilisateurs contre les courriels ou messages non sollicit\u00e9s demandant des donn\u00e9es personnelles ou contenant des liens suspects. Si vous recevez une communication suspecte au nom de [Nom de l&#039;entreprise], veuillez la signaler aux autorit\u00e9s comp\u00e9tentes. <strong>Allons-y, les geeks !<\/strong>Ne fournissez pas d&#039;informations et signalez-les via notre service client.<\/p>\n\n\n\n<h2 class=\"wp-block-heading\"><strong>Article IV \u2013 Actions interdites<\/strong><\/h2>\n\n\n\n<p>Afin de maintenir un environnement respectueux et s\u00fbr, les comportements suivants sont strictement interdits. <strong>Allons-y, les geeks !<\/strong>:<\/p>\n\n\n\n<ul>\n<li>Participer \u00e0 des activit\u00e9s ill\u00e9gales ou les encourager\u00a0;<\/li>\n\n\n\n<li>Violation des droits d&#039;auteur, des marques de commerce ou d&#039;autres droits de propri\u00e9t\u00e9 intellectuelle;<\/li>\n\n\n\n<li>Publier ou diffuser des informations fausses, frauduleuses ou trompeuses ;<\/li>\n\n\n\n<li>Partager du contenu qui encourage le harc\u00e8lement, la discrimination, les pr\u00e9jug\u00e9s ou l&#039;intimidation\u00a0;<\/li>\n\n\n\n<li>L\u2019insertion de code malveillant, tel que des virus, des logiciels malveillants ou des logiciels espions\u00a0;<\/li>\n\n\n\n<li>Tentative d&#039;acc\u00e8s aux informations personnelles d&#039;autres utilisateurs sans autorisation\u00a0;<\/li>\n\n\n\n<li>Se livrer \u00e0 des escroqueries, au spam, au phishing ou \u00e0 d&#039;autres fraudes num\u00e9riques\u00a0;<\/li>\n\n\n\n<li>Publier du contenu offensant, inappropri\u00e9 ou qui enfreint les normes \u00e9thiques\u00a0;<\/li>\n\n\n\n<li>Pour violer ou compromettre la s\u00e9curit\u00e9 de la plateforme.<\/li>\n<\/ul>\n\n\n\n<p>Les utilisateurs qui ne respectent pas ces directives peuvent voir leur acc\u00e8s suspendu ou bloqu\u00e9 d\u00e9finitivement, et peuvent \u00e9galement faire l&#039;objet d&#039;autres mesures en fonction de la gravit\u00e9 de l&#039;infraction.<\/p>\n\n\n\n<h2 class=\"wp-block-heading\"><strong>Article V \u2013 Exclusion de garantie et limitation de responsabilit\u00e9<\/strong><\/h2>\n\n\n\n<p>LE <strong>Allons-y, les geeks !<\/strong> Nous nous effor\u00e7ons de fournir des informations fiables et des services de qualit\u00e9, mais nous ne pouvons garantir que notre plateforme sera toujours exempte d&#039;erreurs, d&#039;interruptions ou de failles de s\u00e9curit\u00e9. De plus, nous ne garantissons pas l&#039;exactitude absolue des informations pr\u00e9sent\u00e9es ni l&#039;infaillibilit\u00e9 des r\u00e9sultats obtenus gr\u00e2ce \u00e0 l&#039;utilisation de notre contenu.<\/p>\n\n\n\n<p>Nous nous r\u00e9servons le droit de modifier, suspendre ou interrompre tout service de plateforme sans pr\u00e9avis.<\/p>\n\n\n\n<h3 class=\"wp-block-heading\"><strong>5.1. Utilisation aux risques et p\u00e9rils de l&#039;utilisateur<\/strong><\/h3>\n\n\n\n<p>Lors de l&#039;utilisation des services de <strong>Allons-y, les geeks !<\/strong>En utilisant cette plateforme, vous reconnaissez en assumer l&#039;enti\u00e8re responsabilit\u00e9. Tout le contenu fourni est propos\u00e9 \u00ab\u00a0tel quel\u00a0\u00bb, sans aucune garantie expresse ou implicite. Ceci inclut, sans toutefois s&#039;y limiter\u00a0:<\/p>\n\n\n\n<ul>\n<li>Garanties de qualit\u00e9 marchande ou d\u2019ad\u00e9quation \u00e0 un usage particulier\u00a0;<\/li>\n\n\n\n<li>Garanties d\u2019exactitude, de durabilit\u00e9 ou de conformit\u00e9 aux r\u00e9glementations l\u00e9gales\u00a0;<\/li>\n\n\n\n<li>Garanties contre les violations potentielles des droits d&#039;auteur ou des droits de propri\u00e9t\u00e9 intellectuelle.<\/li>\n<\/ul>\n\n\n\n<h3 class=\"wp-block-heading\"><strong>5.2. Limitation de responsabilit\u00e9<\/strong><\/h3>\n\n\n\n<p>LE <strong>Allons-y, les geeks !<\/strong>, ses administrateurs, soci\u00e9t\u00e9s affili\u00e9es, employ\u00e9s et partenaires ne seront pas responsables des dommages directs, indirects, accessoires, punitifs ou cons\u00e9cutifs, y compris, mais sans s&#039;y limiter\u00a0:<\/p>\n\n\n\n<ul>\n<li>Perte de b\u00e9n\u00e9fices, de revenus ou d&#039;\u00e9conomies ;<\/li>\n\n\n\n<li>Dommages r\u00e9sultant d&#039;informations inexactes ou obsol\u00e8tes publi\u00e9es sur la plateforme\u00a0;<\/li>\n\n\n\n<li>Co\u00fbts li\u00e9s \u00e0 la r\u00e9cup\u00e9ration des donn\u00e9es perdues ;<\/li>\n\n\n\n<li>Impacts r\u00e9sultant de l&#039;utilisation ou de l&#039;impossibilit\u00e9 d&#039;utiliser les services de la plateforme.<\/li>\n<\/ul>\n\n\n\n<p>Cette limitation de responsabilit\u00e9 s&#039;applique \u00e0 toutes les formes de r\u00e9clamation, quelle que soit la nature du dommage all\u00e9gu\u00e9, garantissant ainsi que <strong>Allons-y, les geeks !<\/strong> ne peut \u00eatre tenu responsable des dysfonctionnements ou des d\u00e9sagr\u00e9ments r\u00e9sultant de l&#039;utilisation de la plateforme.<\/p>\n\n\n\n<h2 class=\"wp-block-heading\"><strong>Article VI \u2013 Validit\u00e9 et dispositions l\u00e9gales<\/strong><\/h2>\n\n\n\n<p>Les pr\u00e9sentes conditions d&#039;utilisation resteront en vigueur ind\u00e9finiment et pourront \u00eatre mises \u00e0 jour chaque fois que cela s&#039;av\u00e9rera n\u00e9cessaire afin de garantir leur conformit\u00e9 aux nouvelles directives l\u00e9gales ou aux am\u00e9liorations apport\u00e9es \u00e0 l&#039;exp\u00e9rience utilisateur.<\/p>\n\n\n\n<p>Si une action en justice s&#039;av\u00e9rait n\u00e9cessaire concernant l&#039;utilisation de la plateforme ou de nos... <strong>politique de confidentialit\u00e9<\/strong>Le d\u00e9lai maximal pour d\u00e9poser des plaintes et soulever des questions juridiques sera de... <strong>90 jours<\/strong> \u00e0 compter de la date de l&#039;\u00e9v\u00e9nement ayant donn\u00e9 lieu \u00e0 la r\u00e9clamation.<\/p>\n\n\n\n<h2 class=\"wp-block-heading\"><strong>Article VII \u2013 Droit applicable et juridiction comp\u00e9tente<\/strong><\/h2>\n\n\n\n<p>Toi <strong>Conditions d&#039;utilisation<\/strong> et le <strong>politique de confidentialit\u00e9<\/strong> de <strong>Allons-y, les geeks !<\/strong> Les conditions g\u00e9n\u00e9rales seront interpr\u00e9t\u00e9es et r\u00e9gies conform\u00e9ment aux lois en vigueur dans le pays o\u00f9 la plateforme est enregistr\u00e9e. Cela inclut, sans toutefois s&#039;y limiter\u00a0:<\/p>\n\n\n\n<ul>\n<li>R\u00e8gles du Code civil applicables aux relations contractuelles et aux responsabilit\u00e9s ;<\/li>\n\n\n\n<li>Lois sur la protection des consommateurs, le cas \u00e9ch\u00e9ant;<\/li>\n\n\n\n<li>R\u00e9glementation relative \u00e0 la protection des donn\u00e9es personnelles et \u00e0 la confidentialit\u00e9 num\u00e9rique.<\/li>\n<\/ul>\n\n\n\n<p>En cas de litige ou de probl\u00e8me juridique li\u00e9 \u00e0 l&#039;utilisation de la plateforme, ceux-ci seront r\u00e9solus devant les tribunaux comp\u00e9tents du lieu o\u00f9 se situe le domicile. <strong>Allons-y, les geeks !<\/strong> Elle est enregistr\u00e9e et respecte toutes les r\u00e9glementations applicables.<\/p>\n\n\n\n<h2 class=\"wp-block-heading\"><strong>Article VIII \u2013 Propri\u00e9t\u00e9 intellectuelle et utilisation du contenu<\/strong><\/h2>\n\n\n\n<h3 class=\"wp-block-heading\"><strong>8.1. Droits sur le contenu<\/strong><\/h3>\n\n\n\n<p>Tout le contenu publi\u00e9 sur <strong>Allons-y, les geeks !<\/strong>L&#039;ensemble du contenu, qu&#039;il soit cr\u00e9\u00e9 par nous ou fourni par nos partenaires, est prot\u00e9g\u00e9 par le droit d&#039;auteur et les lois sur la propri\u00e9t\u00e9 intellectuelle. Cela inclut les textes, images, graphismes, vid\u00e9os, logos et tout autre \u00e9l\u00e9ment pr\u00e9sent sur la plateforme.<\/p>\n\n\n\n<p>Toute utilisation non autoris\u00e9e de ce contenu est express\u00e9ment interdite, notamment\u00a0:<\/p>\n\n\n\n<ul>\n<li>Reproduction, distribution ou modification sans autorisation ;<\/li>\n\n\n\n<li>Cr\u00e9ation de documents d\u00e9riv\u00e9s \u00e0 partir du contenu original\u00a0;<\/li>\n\n\n\n<li>Publier ou diffuser sur d&#039;autres supports sans autorisation pr\u00e9alable\u00a0;<\/li>\n\n\n\n<li>Toute autre forme d&#039;utilisation qui enfreint les droits de <strong>Allons-y, les geeks !<\/strong>.<\/li>\n<\/ul>\n\n\n\n<p>Le non-respect de ces directives peut entra\u00eener la suppression du contenu, la suspension de l&#039;acc\u00e8s ou des poursuites judiciaires.<\/p>\n\n\n\n<h3 class=\"wp-block-heading\"><strong>8.2. Limitation de responsabilit\u00e9<\/strong><\/h3>\n\n\n\n<p>LE <strong>Allons-y, les geeks !<\/strong> n&#039;est pas responsable du contenu g\u00e9n\u00e9r\u00e9 par des tiers, tels que\u00a0:<\/p>\n\n\n\n<ul>\n<li>Commentaires des utilisateurs sur les articles et les forums\u00a0;<\/li>\n\n\n\n<li>Publications externes li\u00e9es \u00e0 notre plateforme\u00a0;<\/li>\n\n\n\n<li>Information fournie par des sources externes.<\/li>\n<\/ul>\n\n\n\n<p>De plus, nous d\u00e9clinons toute responsabilit\u00e9 pour tout dommage direct ou indirect d\u00e9coulant de l&#039;utilisation du site web, que ce soit en raison d&#039;informations inexactes, de d\u00e9faillances techniques ou d&#039;interpr\u00e9tations erron\u00e9es.<\/p>\n\n\n\n<h3 class=\"wp-block-heading\"><strong>8.3. Gestion des violations de contenu<\/strong><\/h3>\n\n\n\n<p>LE <strong>Allons-y, les geeks !<\/strong> Nous nous r\u00e9servons le droit de supprimer tout contenu qui enfreint les pr\u00e9sentes conditions, y compris les contenus consid\u00e9r\u00e9s comme\u00a0:<\/p>\n\n\n\n<ul>\n<li>Ill\u00e9gal, offensant ou diffamatoire ;<\/li>\n\n\n\n<li>Discours trompeurs, frauduleux ou incitant \u00e0 la haine\u00a0;<\/li>\n\n\n\n<li>Qui portent atteinte aux droits d&#039;auteur ou aux droits de propri\u00e9t\u00e9 intellectuelle de tiers.<\/li>\n<\/ul>\n\n\n\n<p>Les comptes des utilisateurs qui enfreignent ces r\u00e8gles peuvent \u00eatre suspendus ou d\u00e9sactiv\u00e9s d\u00e9finitivement.<\/p>\n\n\n\n<h2 class=\"wp-block-heading\"><strong>Article IX \u2013 Modifications des conditions g\u00e9n\u00e9rales<\/strong><\/h2>\n\n\n\n<p>LE <strong>Allons-y, les geeks !<\/strong> La plateforme peut modifier, suspendre ou interrompre toute fonctionnalit\u00e9 sans pr\u00e9avis, selon les besoins pour am\u00e9liorer le service, r\u00e9pondre aux exigences l\u00e9gales ou s&#039;adapter aux \u00e9volutions technologiques.<\/p>\n\n\n\n<p>Des modifications des conditions g\u00e9n\u00e9rales peuvent survenir p\u00e9riodiquement, et si vous n&#039;\u00eates pas d&#039;accord avec les nouvelles directives, nous vous recommandons de cesser d&#039;utiliser la plateforme.<\/p>\n\n\n\n<p>Pour toute question, suggestion ou demande d&#039;assistance, veuillez nous contacter via notre formulaire d&#039;assistance.<\/p>","protected":false},"excerpt":{"rendered":"<p>Let&#039;s Go Nerd est un portail d\u00e9di\u00e9 \u00e0 l&#039;exploration de l&#039;univers des cours, des technologies, des jeux vid\u00e9o et de la culture geek. Notre objectif est de fournir des informations de qualit\u00e9, des analyses pertinentes et des recommandations d&#039;experts \u00e0 un public passionn\u00e9 par l&#039;apprentissage et le divertissement num\u00e9rique. Nous g\u00e9rons cette plateforme avec engagement et attention, en veillant \u00e0 offrir un espace accessible, s\u00fbr et informatif.<\/p>","protected":false},"author":5,"featured_media":0,"parent":0,"menu_order":0,"comment_status":"closed","ping_status":"closed","template":"page-nosidebar.php","meta":{"footnotes":""},"yoast_head":"<!-- This site is optimized with the Yoast SEO plugin v23.3 - https:\/\/yoast.com\/wordpress\/plugins\/seo\/ -->\n<title>Termos e Condi\u00e7\u00f5es de Uso - Let&#039;s Go Nerd<\/title>\n<meta name=\"robots\" content=\"index, follow, max-snippet:-1, max-image-preview:large, max-video-preview:-1\" \/>\n<link rel=\"canonical\" href=\"https:\/\/letsgonerd.com\/fr\/terms\/\" \/>\n<meta property=\"og:locale\" content=\"fr_FR\" \/>\n<meta property=\"og:type\" content=\"article\" \/>\n<meta property=\"og:title\" content=\"Termos e Condi\u00e7\u00f5es de Uso - Let&#039;s Go Nerd\" \/>\n<meta property=\"og:description\" content=\"O Let&#8217;s Go Nerd \u00e9 um portal dedicado a explorar o universo dos cursos, tecnologia, cultura gamer, nerd e geek. Nosso objetivo \u00e9 fornecer informa\u00e7\u00f5es de qualidade, insights valiosos e recomenda\u00e7\u00f5es especializadas para um p\u00fablico apaixonado por aprendizado e entretenimento digital. Administramos esta plataforma com compromisso e aten\u00e7\u00e3o, garantindo um espa\u00e7o acess\u00edvel, seguro e informativo [&hellip;]\" \/>\n<meta property=\"og:url\" content=\"https:\/\/letsgonerd.com\/fr\/terms\/\" \/>\n<meta property=\"og:site_name\" content=\"Let&#039;s Go Nerd\" \/>\n<meta property=\"article:modified_time\" content=\"2025-10-13T18:49:00+00:00\" \/>\n<meta name=\"twitter:card\" content=\"summary_large_image\" \/>\n<meta name=\"twitter:label1\" content=\"Est. reading time\" \/>\n\t<meta name=\"twitter:data1\" content=\"9 minutes\" \/>\n<script type=\"application\/ld+json\" class=\"yoast-schema-graph\">{\"@context\":\"https:\/\/schema.org\",\"@graph\":[{\"@type\":\"WebPage\",\"@id\":\"https:\/\/letsgonerd.com\/terms\/\",\"url\":\"https:\/\/letsgonerd.com\/terms\/\",\"name\":\"Termos e Condi\u00e7\u00f5es de Uso - Let&#039;s Go Nerd\",\"isPartOf\":{\"@id\":\"https:\/\/letsgonerd.com\/#website\"},\"datePublished\":\"2025-02-04T17:41:49+00:00\",\"dateModified\":\"2025-10-13T18:49:00+00:00\",\"breadcrumb\":{\"@id\":\"https:\/\/letsgonerd.com\/terms\/#breadcrumb\"},\"inLanguage\":\"fr-FR\",\"potentialAction\":[{\"@type\":\"ReadAction\",\"target\":[\"https:\/\/letsgonerd.com\/terms\/\"]}]},{\"@type\":\"BreadcrumbList\",\"@id\":\"https:\/\/letsgonerd.com\/terms\/#breadcrumb\",\"itemListElement\":[{\"@type\":\"ListItem\",\"position\":1,\"name\":\"Home\",\"item\":\"https:\/\/letsgonerd.com\/\"},{\"@type\":\"ListItem\",\"position\":2,\"name\":\"Termos e Condi\u00e7\u00f5es de Uso\"}]},{\"@type\":\"WebSite\",\"@id\":\"https:\/\/letsgonerd.com\/#website\",\"url\":\"https:\/\/letsgonerd.com\/\",\"name\":\"Let&#039;s Go Nerd\",\"description\":\"\",\"potentialAction\":[{\"@type\":\"SearchAction\",\"target\":{\"@type\":\"EntryPoint\",\"urlTemplate\":\"https:\/\/letsgonerd.com\/?s={search_term_string}\"},\"query-input\":\"required name=search_term_string\"}],\"inLanguage\":\"fr-FR\"}]}<\/script>\n<!-- \/ Yoast SEO plugin. -->","yoast_head_json":{"title":"Termos e Condi\u00e7\u00f5es de Uso - Let&#039;s Go Nerd","robots":{"index":"index","follow":"follow","max-snippet":"max-snippet:-1","max-image-preview":"max-image-preview:large","max-video-preview":"max-video-preview:-1"},"canonical":"https:\/\/letsgonerd.com\/fr\/terms\/","og_locale":"fr_FR","og_type":"article","og_title":"Termos e Condi\u00e7\u00f5es de Uso - Let&#039;s Go Nerd","og_description":"O Let&#8217;s Go Nerd \u00e9 um portal dedicado a explorar o universo dos cursos, tecnologia, cultura gamer, nerd e geek. Nosso objetivo \u00e9 fornecer informa\u00e7\u00f5es de qualidade, insights valiosos e recomenda\u00e7\u00f5es especializadas para um p\u00fablico apaixonado por aprendizado e entretenimento digital. Administramos esta plataforma com compromisso e aten\u00e7\u00e3o, garantindo um espa\u00e7o acess\u00edvel, seguro e informativo [&hellip;]","og_url":"https:\/\/letsgonerd.com\/fr\/terms\/","og_site_name":"Let&#039;s Go Nerd","article_modified_time":"2025-10-13T18:49:00+00:00","twitter_card":"summary_large_image","twitter_misc":{"Est. reading time":"9 minutes"},"schema":{"@context":"https:\/\/schema.org","@graph":[{"@type":"WebPage","@id":"https:\/\/letsgonerd.com\/terms\/","url":"https:\/\/letsgonerd.com\/terms\/","name":"Termos e Condi\u00e7\u00f5es de Uso - Let&#039;s Go Nerd","isPartOf":{"@id":"https:\/\/letsgonerd.com\/#website"},"datePublished":"2025-02-04T17:41:49+00:00","dateModified":"2025-10-13T18:49:00+00:00","breadcrumb":{"@id":"https:\/\/letsgonerd.com\/terms\/#breadcrumb"},"inLanguage":"fr-FR","potentialAction":[{"@type":"ReadAction","target":["https:\/\/letsgonerd.com\/terms\/"]}]},{"@type":"BreadcrumbList","@id":"https:\/\/letsgonerd.com\/terms\/#breadcrumb","itemListElement":[{"@type":"ListItem","position":1,"name":"Home","item":"https:\/\/letsgonerd.com\/"},{"@type":"ListItem","position":2,"name":"Termos e Condi\u00e7\u00f5es de Uso"}]},{"@type":"WebSite","@id":"https:\/\/letsgonerd.com\/#website","url":"https:\/\/letsgonerd.com\/","name":"Let&#039;s Go Nerd","description":"","potentialAction":[{"@type":"SearchAction","target":{"@type":"EntryPoint","urlTemplate":"https:\/\/letsgonerd.com\/?s={search_term_string}"},"query-input":"required name=search_term_string"}],"inLanguage":"fr-FR"}]}},"_links":{"self":[{"href":"https:\/\/letsgonerd.com\/fr\/wp-json\/wp\/v2\/pages\/358"}],"collection":[{"href":"https:\/\/letsgonerd.com\/fr\/wp-json\/wp\/v2\/pages"}],"about":[{"href":"https:\/\/letsgonerd.com\/fr\/wp-json\/wp\/v2\/types\/page"}],"author":[{"embeddable":true,"href":"https:\/\/letsgonerd.com\/fr\/wp-json\/wp\/v2\/users\/5"}],"replies":[{"embeddable":true,"href":"https:\/\/letsgonerd.com\/fr\/wp-json\/wp\/v2\/comments?post=358"}],"version-history":[{"count":6,"href":"https:\/\/letsgonerd.com\/fr\/wp-json\/wp\/v2\/pages\/358\/revisions"}],"predecessor-version":[{"id":947,"href":"https:\/\/letsgonerd.com\/fr\/wp-json\/wp\/v2\/pages\/358\/revisions\/947"}],"wp:attachment":[{"href":"https:\/\/letsgonerd.com\/fr\/wp-json\/wp\/v2\/media?parent=358"}],"curies":[{"name":"wp","href":"https:\/\/api.w.org\/{rel}","templated":true}]}}