{"id":348,"date":"2025-02-04T16:30:46","date_gmt":"2025-02-04T16:30:46","guid":{"rendered":"https:\/\/letsgonerd.com\/?page_id=348"},"modified":"2025-10-13T18:48:50","modified_gmt":"2025-10-13T18:48:50","slug":"privacy","status":"publish","type":"page","link":"https:\/\/letsgonerd.com\/fr\/privacy\/","title":{"rendered":"politique de confidentialit\u00e9"},"content":{"rendered":"<p>Mise \u00e0 jour le 28 mars 2025.<\/p>\n\n\n\n<h2 class=\"wp-block-heading\"><strong>1. Introduction<\/strong><\/h2>\n\n\n\n<p>Bienvenue sur <strong>Allons-y, les geeks !<\/strong>Notre objectif est de vous connecter au monde des cours, des technologies, des jeux et de la culture geek, en vous offrant des informations \u00e0 jour et du contenu exclusif.<\/p>\n\n\n\n<p>Le respect de la vie priv\u00e9e de nos utilisateurs est une priorit\u00e9, et nous prenons la s\u00e9curit\u00e9 de vos donn\u00e9es tr\u00e8s au s\u00e9rieux. La pr\u00e9sente politique de confidentialit\u00e9 d\u00e9crit, de mani\u00e8re claire et transparente, comment nous recueillons, stockons, utilisons et prot\u00e9geons vos informations lorsque vous acc\u00e9dez \u00e0 notre site web.<a href=\"https:\/\/letsgonerd.com\/fr\/\"> <strong>https:\/\/letsgonerd.com<\/strong><\/a>.<\/p>\n\n\n\n<p>En naviguant sur notre plateforme et en interagissant avec elle, vous acceptez les conditions \u00e9nonc\u00e9es ici. Si vous n&#039;\u00eates pas d&#039;accord avec cette politique, nous vous recommandons de cesser d&#039;utiliser nos services.<\/p>\n\n\n\n<p>Si vous avez des questions ou besoin de pr\u00e9cisions, veuillez nous contacter via la page de contact.<\/p>\n\n\n\n<h2 class=\"wp-block-heading\"><strong>2. Port\u00e9e de la politique de confidentialit\u00e9<\/strong><\/h2>\n\n\n\n<p>Cette politique s&#039;applique exclusivement \u00e0 <strong>Allons-y, les geeks !<\/strong> et couvre la collecte et l&#039;utilisation des donn\u00e9es personnelles et non personnelles des utilisateurs lors de la navigation, du remplissage de formulaires ou de l&#039;interaction avec notre contenu.<\/p>\n\n\n\n<p>Elle <strong>non applicable<\/strong> Cela concerne les donn\u00e9es collect\u00e9es par des tiers, tels que des annonceurs, des plateformes externes ou des services partenaires. Si vous \u00eates redirig\u00e9 vers un autre site web via des liens pr\u00e9sents dans notre contenu, nous vous recommandons de consulter la politique de confidentialit\u00e9 de cette plateforme avant de fournir toute information.<\/p>\n\n\n\n<h2 class=\"wp-block-heading\"><strong>3. Consent<\/strong><\/h2>\n\n\n\n<p>En acc\u00e9dant \u00e0 Let&#039;s Go Nerd et en utilisant nos services, vous <strong>accord expr\u00e8s<\/strong> En acceptant la pr\u00e9sente politique de confidentialit\u00e9, vous consentez \u00e0 la collecte, au stockage et \u00e0 l\u2019utilisation de vos donn\u00e9es tels que d\u00e9crits dans ce document.<\/p>\n\n\n\n<p>Si vous n&#039;\u00eates pas d&#039;accord avec nos pratiques, veuillez cesser imm\u00e9diatement d&#039;utiliser la plateforme. Vous pouvez \u00e9galement\u2026 <strong>r\u00e9voquer votre consentement<\/strong> \u00e0 tout moment en envoyant une demande via la page de contact.<\/p>\n\n\n\n<h3 class=\"wp-block-heading\"><strong>Utilisation de l&#039;intelligence artificielle (IA)<\/strong><\/h3>\n\n\n\n<p>Lets Go Nerd utilise l&#039;intelligence artificielle dans son processus cr\u00e9atif afin de produire du contenu et des ressources visuelles de mani\u00e8re plus agile et innovante. Cette technologie nous permet d&#039;exp\u00e9rimenter de nouvelles fa\u00e7ons de pr\u00e9senter l&#039;information, dans le but constant d&#039;offrir une exp\u00e9rience plus captivante et actualis\u00e9e \u00e0 nos visiteurs.<\/p>\n\n\n\n<p>Cependant, l&#039;utilisation de l&#039;IA n&#039;est ni automatique ni al\u00e9atoire. Chaque contenu g\u00e9n\u00e9r\u00e9 gr\u00e2ce \u00e0 cet outil fait l&#039;objet d&#039;une v\u00e9rification humaine, garantissant ainsi sa pertinence, sa fiabilit\u00e9 et sa conformit\u00e9 avec l&#039;objectif du site.<\/p>\n\n\n\n<p>Nous sommes convaincus que la technologie peut enrichir, mais jamais remplacer, le jugement et l&#039;attention humains. C&#039;est pourquoi nous utilisons l&#039;intelligence artificielle de mani\u00e8re responsable, \u00e9thique et en toute transparence.<\/p>\n\n\n\n<p>Si vous souhaitez en savoir plus sur notre utilisation de l&#039;IA ou aborder un sujet pr\u00e9cis, n&#039;h\u00e9sitez pas \u00e0 nous contacter. Nous sommes toujours disponibles pour discuter avec vous.<\/p>\n\n\n\n<h2 class=\"wp-block-heading\"><strong>4. Quelles donn\u00e9es collectons-nous ?<\/strong><\/h2>\n\n\n\n<p>Let&#039;s Go Nerd peut collecter des informations personnelles et non personnelles de diff\u00e9rentes mani\u00e8res, comme d\u00e9crit ci-dessous\u00a0:<\/p>\n\n\n\n<h3 class=\"wp-block-heading\"><strong>4.1. Informations fournies directement par vous<\/strong><\/h3>\n\n\n\n<p>Lorsque vous utilisez notre site web, vous pouvez choisir de fournir des informations \u00e0\u00a0:<\/p>\n\n\n\n<ul>\n<li>Cr\u00e9er un compte\u00a0;<\/li>\n\n\n\n<li>Remplissez les formulaires de contact\u00a0;<\/li>\n\n\n\n<li>Commenter les publications\u00a0;<\/li>\n\n\n\n<li>Abonnez-vous aux newsletters\u00a0;<\/li>\n\n\n\n<li>Participez aux promotions ou aux sondages.<\/li>\n<\/ul>\n\n\n\n<p>Les donn\u00e9es collect\u00e9es comprennent\u00a0:<\/p>\n\n\n\n<ul>\n<li>Nom et pr\u00e9nom;<\/li>\n\n\n\n<li>Adresse email;<\/li>\n\n\n\n<li>Num\u00e9ro de t\u00e9l\u00e9phone (le cas \u00e9ch\u00e9ant);<\/li>\n\n\n\n<li>Pr\u00e9f\u00e9rences en mati\u00e8re de cours et de technologies ;<\/li>\n\n\n\n<li>Informations compl\u00e9mentaires fournies volontairement.<\/li>\n<\/ul>\n\n\n\n<p>Ces donn\u00e9es sont utilis\u00e9es pour personnaliser votre exp\u00e9rience et vous garantir le meilleur service possible.<\/p>\n\n\n\n<h3 class=\"wp-block-heading\"><strong>4.2. Informations collect\u00e9es automatiquement<\/strong><\/h3>\n\n\n\n<p>Lorsque vous acc\u00e9dez \u00e0 notre site web, nous collectons... <strong>donn\u00e9es techniques et de navigation<\/strong> Pour comprendre le comportement des utilisateurs et am\u00e9liorer nos services. Cela inclut\u00a0:<\/p>\n\n\n\n<ul>\n<li>Adresse IP\u00a0;<\/li>\n\n\n\n<li>Type de navigateur et syst\u00e8me d&#039;exploitation\u00a0;<\/li>\n\n\n\n<li>Pages visit\u00e9es et temps pass\u00e9 sur la page\u00a0;<\/li>\n\n\n\n<li>Date et heure d&#039;acc\u00e8s.<\/li>\n<\/ul>\n\n\n\n<p>Ces informations sont collect\u00e9es par le biais de <strong>cookies<\/strong> et d&#039;autres technologies similaires.<\/p>\n\n\n\n<h3 class=\"wp-block-heading\"><strong>4.3. Informations obtenues aupr\u00e8s de tiers<\/strong><\/h3>\n\n\n\n<p>Nous pouvons recevoir des donn\u00e9es de <strong>partenaires publicitaires et plateformes d&#039;analyse<\/strong>Des donn\u00e9es telles que celles de Google Analytics et de Facebook Ads permettent de personnaliser les publicit\u00e9s et d&#039;optimiser les performances du site web.<\/p>\n\n\n\n<p>Vous pouvez modifier vos param\u00e8tres publicitaires directement sur ces plateformes afin de limiter le partage de vos informations.<\/p>\n\n\n\n<h2 class=\"wp-block-heading\"><strong>5. Comment utilisons-nous vos donn\u00e9es ?<\/strong><\/h2>\n\n\n\n<p>Les donn\u00e9es collect\u00e9es sont utilis\u00e9es pour\u00a0:<\/p>\n\n\n\n<ul>\n<li><strong>Personnalisez votre exp\u00e9rience<\/strong> Nous vous recommandons des cours, des articles et des contenus pertinents en fonction de vos centres d&#039;int\u00e9r\u00eat.<\/li>\n\n\n\n<li><strong>Am\u00e9liorer notre site web<\/strong> Nous surveillons les statistiques d&#039;utilisation afin d&#039;optimiser les performances et la navigation.<\/li>\n\n\n\n<li><strong>Envoyer des communications<\/strong> \u2013 Courriels contenant des actualit\u00e9s, des promotions et des informations sur les cours. Vous pouvez vous d\u00e9sabonner \u00e0 tout moment.<\/li>\n\n\n\n<li><strong>Afficher des publicit\u00e9s personnalis\u00e9es<\/strong> Nous collaborons avec des r\u00e9gies publicitaires pour diffuser des publicit\u00e9s correspondant \u00e0 votre profil.<\/li>\n\n\n\n<li><strong>Garantir la s\u00e9curit\u00e9 de la plateforme<\/strong> Nous surveillons les activit\u00e9s afin de pr\u00e9venir la fraude et les acc\u00e8s non autoris\u00e9s.<\/li>\n<\/ul>\n\n\n\n<h2 class=\"wp-block-heading\"><strong>6. Partage d&#039;informations<\/strong><\/h2>\n\n\n\n<p>Allons-y, les geeks ! <strong>ne vend ni ne partage<\/strong> Vos donn\u00e9es personnelles peuvent \u00eatre partag\u00e9es avec des tiers \u00e0 des fins commerciales. Cependant, certaines informations peuvent \u00eatre partag\u00e9es avec\u00a0:<\/p>\n\n\n\n<ul>\n<li><strong>Partenaires publicitaires<\/strong> \u2013 Pour personnaliser les publicit\u00e9s affich\u00e9es sur le site\u00a0;<\/li>\n\n\n\n<li><strong>fournisseurs de services analytiques<\/strong> \u2013 Comme Google Analytics, pour comprendre le comportement des utilisateurs\u00a0;<\/li>\n\n\n\n<li><strong>autorit\u00e9s l\u00e9gales<\/strong> \u2013 Dans le cas o\u00f9 il deviendrait n\u00e9cessaire de se conformer \u00e0 des obligations l\u00e9gales ou de r\u00e9pondre \u00e0 des proc\u00e9dures judiciaires.<\/li>\n<\/ul>\n\n\n\n<p>Notre engagement est de garantir une transparence maximale quant \u00e0 la mani\u00e8re dont vos donn\u00e9es sont trait\u00e9es.<\/p>\n\n\n\n<h2 class=\"wp-block-heading\"><strong>7. S\u00e9curit\u00e9 et protection des donn\u00e9es<\/strong><\/h2>\n\n\n\n<p>La protection de vos informations est une priorit\u00e9 chez [Nom de l&#039;entreprise]. <strong>Allons-y, les geeks !<\/strong>Nous avons mis en \u0153uvre des mesures techniques et organisationnelles pour assurer la s\u00e9curit\u00e9 de vos donn\u00e9es et minimiser les risques d&#039;acc\u00e8s non autoris\u00e9, d&#039;utilisation abusive, d&#039;alt\u00e9ration, de fuite ou de destruction accidentelle.<\/p>\n\n\n\n<h3 class=\"wp-block-heading\"><strong>7.1. Mesures de s\u00e9curit\u00e9 utilis\u00e9es<\/strong><\/h3>\n\n\n\n<ul>\n<li><strong>Cryptage des donn\u00e9es<\/strong> Les informations sensibles que nous recueillons sont stock\u00e9es sous forme crypt\u00e9e afin d&#039;emp\u00eacher tout acc\u00e8s non autoris\u00e9.<\/li>\n\n\n\n<li><strong>Protection contre les acc\u00e8s non autoris\u00e9s.<\/strong> Nous avons mis en place des pare-feu, des syst\u00e8mes de d\u00e9tection d&#039;intrusion et une surveillance continue pour pr\u00e9venir les cyberattaques.<\/li>\n\n\n\n<li><strong>Contr\u00f4le d&#039;acc\u00e8s restreint<\/strong> Seuls les employ\u00e9s autoris\u00e9s sont habilit\u00e9s \u00e0 acc\u00e9der aux donn\u00e9es personnelles, et ce, conform\u00e9ment \u00e0 des protocoles de s\u00e9curit\u00e9 stricts.<\/li>\n\n\n\n<li><strong>Surveillance des vuln\u00e9rabilit\u00e9s<\/strong> Nous effectuons des audits p\u00e9riodiques afin d&#039;identifier et de corriger les failles potentielles en mati\u00e8re de s\u00e9curit\u00e9 de l&#039;information.<\/li>\n\n\n\n<li><strong>Entra\u00eenement d&#039;\u00e9quipe<\/strong> Notre \u00e9quipe b\u00e9n\u00e9ficie de formations r\u00e9guli\u00e8res sur les meilleures pratiques en mati\u00e8re de s\u00e9curit\u00e9 et de confidentialit\u00e9 des informations.<\/li>\n<\/ul>\n\n\n\n<h3 class=\"wp-block-heading\"><strong>7.2. Limitations de s\u00e9curit\u00e9<\/strong><\/h3>\n\n\n\n<p>Malgr\u00e9 nos efforts pour garantir la s\u00e9curit\u00e9 des donn\u00e9es, il est important de se rappeler que <strong>Aucun syst\u00e8me n&#039;est inviolable.<\/strong>Des cyberattaques sophistiqu\u00e9es peuvent se produire, et la s\u00e9curit\u00e9 d\u00e9pend \u00e9galement des pratiques de l&#039;utilisateur.<\/p>\n\n\n\n<p><strong>Recommandations pour votre protection\u00a0:<\/strong><\/p>\n\n\n\n<ul>\n<li><strong>\u00c9vitez les mots de passe faibles.<\/strong> \u2013 Utilisez des combinaisons fortes et uniques pour chaque service ;<\/li>\n\n\n\n<li><strong>Ne partagez pas vos identifiants.<\/strong> Le <strong>Allons-y, les geeks !<\/strong> Nous ne vous demanderons jamais votre mot de passe en dehors du site web officiel\u00a0;<\/li>\n\n\n\n<li><strong>M\u00e9fiez-vous des liens suspects.<\/strong> \u2013 Ne cliquez pas sur les liens inconnus qui pr\u00e9tendent provenir de <strong>Allons-y, les geeks !<\/strong> sans en v\u00e9rifier l&#039;authenticit\u00e9.<\/li>\n<\/ul>\n\n\n\n<p>Si vous constatez une activit\u00e9 suspecte concernant votre compte, veuillez nous contacter imm\u00e9diatement via la page de contact.<\/p>\n\n\n\n<h2 class=\"wp-block-heading\"><strong>8. Droits des utilisateurs et gestion de l&#039;information<\/strong><\/h2>\n\n\n\n<p>Utilisateurs de <strong>Allons-y, les geeks !<\/strong> Ils ont la pleine ma\u00eetrise de leurs donn\u00e9es personnelles et peuvent exercer divers droits, conform\u00e9ment \u00e0 la l\u00e9gislation en vigueur, notamment... <strong>R\u00e8glement g\u00e9n\u00e9ral sur la protection des donn\u00e9es (RGPD)<\/strong> et le <strong>Loi californienne sur la protection des donn\u00e9es des consommateurs (CCPA)<\/strong>.<\/p>\n\n\n\n<h3 class=\"wp-block-heading\"><strong>8.1. Vos droits<\/strong><\/h3>\n\n\n\n<p>Vous avez le droit de\u00a0:<\/p>\n\n\n\n<ul>\n<li><strong>Acc\u00e9dez \u00e0 vos donn\u00e9es<\/strong> \u2013 Demandez une copie des renseignements personnels que nous conservons \u00e0 votre sujet.<\/li>\n\n\n\n<li><strong>Informations correctes<\/strong> Si vos informations sont incorrectes ou obsol\u00e8tes, vous pouvez demander une correction.<\/li>\n\n\n\n<li><strong>Demande de suppression<\/strong> Vous pouvez demander la suppression de vos donn\u00e9es personnelles de notre syst\u00e8me, sauf en cas d&#039;obligation l\u00e9gale de les conserver.<\/li>\n\n\n\n<li><strong>Restreindre ou contester le traitement<\/strong> Si vous le souhaitez, vous pouvez limiter l&#039;utilisation de vos donn\u00e9es ou vous opposer au traitement que nous effectuons.<\/li>\n\n\n\n<li><strong>Demande de portabilit\u00e9 des donn\u00e9es<\/strong> Si vous souhaitez transf\u00e9rer vos donn\u00e9es vers un autre service, nous pouvons vous les fournir dans un format structur\u00e9 et lisible.<\/li>\n\n\n\n<li><strong>Rejetez le marketing direct<\/strong> Vous pouvez vous d\u00e9sabonner des e-mails promotionnels \u00e0 tout moment. Il vous suffit de cliquer sur le lien de d\u00e9sabonnement au bas de nos communications ou d&#039;envoyer une demande \u00e0 notre service client.<\/li>\n<\/ul>\n\n\n\n<h3 class=\"wp-block-heading\"><strong>8.2. Comment exercer vos droits<\/strong><\/h3>\n\n\n\n<p>Pour exercer l&#039;un de ces droits, veuillez envoyer un message via la page de contact avec pour objet \u00ab Demande de donn\u00e9es \u00bb.<\/p>\n\n\n\n<p>Si n\u00e9cessaire, nous pouvons demander une confirmation de l&#039;identit\u00e9 du demandeur afin de pr\u00e9venir la fraude et d&#039;assurer la s\u00e9curit\u00e9 des donn\u00e9es.<\/p>\n\n\n\n<p>Nous r\u00e9pondrons aux demandes dans les d\u00e9lais l\u00e9gaux. <strong>jusqu&#039;\u00e0 30 jours<\/strong>.<\/p>\n\n\n\n<h2 class=\"wp-block-heading\"><strong>9. Cookies et technologies de suivi<\/strong><\/h2>\n\n\n\n<p>Les cookies sont de petits fichiers texte stock\u00e9s sur votre appareil lorsque vous acc\u00e9dez au site. <strong>Allons-y, les geeks !<\/strong>Ils nous aident \u00e0 comprendre comment vous interagissez avec notre site web, ce qui nous permet d&#039;am\u00e9liorer votre exp\u00e9rience et de personnaliser le contenu affich\u00e9.<\/p>\n\n\n\n<h3 class=\"wp-block-heading\"><strong>9.1. Comment utilisons-nous les cookies ?<\/strong><\/h3>\n\n\n\n<ul>\n<li><strong>Personnaliser l&#039;exp\u00e9rience<\/strong> Nous avons enregistr\u00e9 vos pr\u00e9f\u00e9rences afin d&#039;optimiser votre exp\u00e9rience de navigation.<\/li>\n\n\n\n<li><strong>Analyse des performances<\/strong> Nous recueillons des statistiques sur les visites, les pages les plus consult\u00e9es et le temps pass\u00e9 sur le site afin d&#039;am\u00e9liorer nos services.<\/li>\n\n\n\n<li><strong>Publicit\u00e9 cibl\u00e9e<\/strong> Nous utilisons des cookies pour afficher des publicit\u00e9s pertinentes en fonction de vos centres d&#039;int\u00e9r\u00eat.<\/li>\n<\/ul>\n\n\n\n<h3 class=\"wp-block-heading\"><strong>9.2. Types de cookies que nous utilisons<\/strong><\/h3>\n\n\n\n<ul>\n<li><strong>Cookies essentiels<\/strong> \u2013 N\u00e9cessaires au fonctionnement du site. Sans elles, certaines fonctionnalit\u00e9s pourraient ne pas \u00eatre disponibles.<\/li>\n\n\n\n<li><strong>Cookies de performance<\/strong> \u2013 Ils collectent des donn\u00e9es sur votre utilisation du site, ce qui contribue \u00e0 am\u00e9liorer votre exp\u00e9rience.<\/li>\n\n\n\n<li><strong>Cookies publicitaires<\/strong> \u2013 Ils vous proposent des publicit\u00e9s pertinentes en fonction de votre profil et de votre historique de navigation.<\/li>\n\n\n\n<li><strong>Cookies tiers<\/strong> \u2013 Utilis\u00e9 par des outils tels que <strong>Google Analytics<\/strong>, <strong>Pixel Facebook<\/strong> et les plateformes publicitaires.<\/li>\n<\/ul>\n\n\n\n<h3 class=\"wp-block-heading\"><strong>9.3. Gestion des cookies<\/strong><\/h3>\n\n\n\n<p>Vous pouvez configurer votre navigateur pour accepter, refuser ou supprimer les cookies. Si vous choisissez de bloquer tous les cookies, certaines fonctionnalit\u00e9s du site web pourraient \u00eatre affect\u00e9es.<\/p>\n\n\n\n<p>Pour d\u00e9sactiver les cookies, suivez les instructions de votre navigateur\u00a0:<\/p>\n\n\n\n<ul>\n<li><strong>Google Chrome<\/strong> <\/li>\n\n\n\n<li><strong>Mozilla Firefox<\/strong> <\/li>\n\n\n\n<li><strong>Microsoft Edge<\/strong> <\/li>\n\n\n\n<li><strong>Safari<\/strong><\/li>\n<\/ul>\n\n\n\n<p>Vous pouvez \u00e9galement d\u00e9sactiver les annonces personnalis\u00e9es en consultant le site www.aboutads.info.<\/p>\n\n\n\n<h2 class=\"wp-block-heading\"><strong>10. Mises \u00e0 jour et modifications de la politique de confidentialit\u00e9<\/strong><\/h2>\n\n\n\n<p>LE <strong>Allons-y, les geeks !<\/strong> Nous pouvons mettre \u00e0 jour cette politique de confidentialit\u00e9 p\u00e9riodiquement afin de refl\u00e9ter les changements l\u00e9gislatifs, les nouvelles technologies ou les am\u00e9liorations apport\u00e9es \u00e0 nos services.<\/p>\n\n\n\n<h3 class=\"wp-block-heading\"><strong>10.1. Comment vous informerons-nous des changements ?<\/strong><\/h3>\n\n\n\n<ul>\n<li>Notification sur le site web lui-m\u00eame\u00a0;<\/li>\n\n\n\n<li>Adresse \u00e9lectronique pour les utilisateurs enregistr\u00e9s\u00a0;<\/li>\n\n\n\n<li>Mettez \u00e0 jour la date de modification du document.<\/li>\n<\/ul>\n\n\n\n<p>La version la plus r\u00e9cente sera toujours disponible sur le site web. Nous vous recommandons de consulter r\u00e9guli\u00e8rement cette page pour rester inform\u00e9(e) des \u00e9ventuelles modifications.<\/p>\n\n\n\n<p>Si vous continuez \u00e0 utiliser nos services apr\u00e8s la publication des modifications, nous consid\u00e9rerons que vous acceptez les nouvelles conditions.<\/p>\n\n\n\n<h2 class=\"wp-block-heading\"><strong>11. Comment nous contacter<\/strong><\/h2>\n\n\n\n<p>Si vous avez des questions, des suggestions ou besoin de pr\u00e9cisions concernant cette politique de confidentialit\u00e9, veuillez nous contacter via la page de contact.<\/p>\n\n\n\n<p>Notre \u00e9quipe d&#039;assistance est disponible pour r\u00e9pondre \u00e0 vos demandes et garantir le respect de votre vie priv\u00e9e lors de votre navigation sur le site. <strong>Allons-y, les geeks !<\/strong>.<\/p>","protected":false},"excerpt":{"rendered":"<p>Mise \u00e0 jour\u00a0: 28 mars 2025. 1. Introduction Bienvenue sur Let&#039;s Go Nerd\u00a0! Notre objectif est de vous connecter \u00e0 l&#039;univers des cours, des technologies, des jeux et de la culture geek, en vous proposant des informations \u00e0 jour et du contenu exclusif. La confidentialit\u00e9 de nos utilisateurs est une priorit\u00e9, et nous prenons la s\u00e9curit\u00e9 de vos donn\u00e9es tr\u00e8s au s\u00e9rieux. Cette politique de confidentialit\u00e9 [\u2026]<\/p>","protected":false},"author":5,"featured_media":0,"parent":0,"menu_order":0,"comment_status":"closed","ping_status":"closed","template":"page-nosidebar.php","meta":{"footnotes":""},"yoast_head":"<!-- This site is optimized with the Yoast SEO plugin v23.3 - https:\/\/yoast.com\/wordpress\/plugins\/seo\/ -->\n<title>Pol\u00edtica de Privacidade - Let&#039;s Go Nerd<\/title>\n<meta name=\"robots\" content=\"index, follow, max-snippet:-1, max-image-preview:large, max-video-preview:-1\" \/>\n<link rel=\"canonical\" href=\"https:\/\/letsgonerd.com\/fr\/privacy\/\" \/>\n<meta property=\"og:locale\" content=\"fr_FR\" \/>\n<meta property=\"og:type\" content=\"article\" \/>\n<meta property=\"og:title\" content=\"Pol\u00edtica de Privacidade - Let&#039;s Go Nerd\" \/>\n<meta property=\"og:description\" content=\"Atualizada em 28 de Mar\u00e7o de 2025. 1. Introdu\u00e7\u00e3o Bem-vindo ao Let&#8217;s Go Nerd! Nosso objetivo \u00e9 conectar voc\u00ea ao universo dos cursos, tecnologia, games e cultura geek, oferecendo informa\u00e7\u00f5es atualizadas e conte\u00fados exclusivos. A privacidade dos nossos usu\u00e1rios \u00e9 uma prioridade e levamos a seguran\u00e7a dos seus dados muito a s\u00e9rio. Esta Pol\u00edtica de [&hellip;]\" \/>\n<meta property=\"og:url\" content=\"https:\/\/letsgonerd.com\/fr\/privacy\/\" \/>\n<meta property=\"og:site_name\" content=\"Let&#039;s Go Nerd\" \/>\n<meta property=\"article:modified_time\" content=\"2025-10-13T18:48:50+00:00\" \/>\n<meta name=\"twitter:card\" content=\"summary_large_image\" \/>\n<meta name=\"twitter:label1\" content=\"Est. reading time\" \/>\n\t<meta name=\"twitter:data1\" content=\"9 minutes\" \/>\n<script type=\"application\/ld+json\" class=\"yoast-schema-graph\">{\"@context\":\"https:\/\/schema.org\",\"@graph\":[{\"@type\":\"WebPage\",\"@id\":\"https:\/\/letsgonerd.com\/privacy\/\",\"url\":\"https:\/\/letsgonerd.com\/privacy\/\",\"name\":\"Pol\u00edtica de Privacidade - Let&#039;s Go Nerd\",\"isPartOf\":{\"@id\":\"https:\/\/letsgonerd.com\/#website\"},\"datePublished\":\"2025-02-04T16:30:46+00:00\",\"dateModified\":\"2025-10-13T18:48:50+00:00\",\"breadcrumb\":{\"@id\":\"https:\/\/letsgonerd.com\/privacy\/#breadcrumb\"},\"inLanguage\":\"fr-FR\",\"potentialAction\":[{\"@type\":\"ReadAction\",\"target\":[\"https:\/\/letsgonerd.com\/privacy\/\"]}]},{\"@type\":\"BreadcrumbList\",\"@id\":\"https:\/\/letsgonerd.com\/privacy\/#breadcrumb\",\"itemListElement\":[{\"@type\":\"ListItem\",\"position\":1,\"name\":\"Home\",\"item\":\"https:\/\/letsgonerd.com\/\"},{\"@type\":\"ListItem\",\"position\":2,\"name\":\"Pol\u00edtica de Privacidade\"}]},{\"@type\":\"WebSite\",\"@id\":\"https:\/\/letsgonerd.com\/#website\",\"url\":\"https:\/\/letsgonerd.com\/\",\"name\":\"Let&#039;s Go Nerd\",\"description\":\"\",\"potentialAction\":[{\"@type\":\"SearchAction\",\"target\":{\"@type\":\"EntryPoint\",\"urlTemplate\":\"https:\/\/letsgonerd.com\/?s={search_term_string}\"},\"query-input\":\"required name=search_term_string\"}],\"inLanguage\":\"fr-FR\"}]}<\/script>\n<!-- \/ Yoast SEO plugin. -->","yoast_head_json":{"title":"Pol\u00edtica de Privacidade - Let&#039;s Go Nerd","robots":{"index":"index","follow":"follow","max-snippet":"max-snippet:-1","max-image-preview":"max-image-preview:large","max-video-preview":"max-video-preview:-1"},"canonical":"https:\/\/letsgonerd.com\/fr\/privacy\/","og_locale":"fr_FR","og_type":"article","og_title":"Pol\u00edtica de Privacidade - Let&#039;s Go Nerd","og_description":"Atualizada em 28 de Mar\u00e7o de 2025. 1. Introdu\u00e7\u00e3o Bem-vindo ao Let&#8217;s Go Nerd! Nosso objetivo \u00e9 conectar voc\u00ea ao universo dos cursos, tecnologia, games e cultura geek, oferecendo informa\u00e7\u00f5es atualizadas e conte\u00fados exclusivos. A privacidade dos nossos usu\u00e1rios \u00e9 uma prioridade e levamos a seguran\u00e7a dos seus dados muito a s\u00e9rio. Esta Pol\u00edtica de [&hellip;]","og_url":"https:\/\/letsgonerd.com\/fr\/privacy\/","og_site_name":"Let&#039;s Go Nerd","article_modified_time":"2025-10-13T18:48:50+00:00","twitter_card":"summary_large_image","twitter_misc":{"Est. reading time":"9 minutes"},"schema":{"@context":"https:\/\/schema.org","@graph":[{"@type":"WebPage","@id":"https:\/\/letsgonerd.com\/privacy\/","url":"https:\/\/letsgonerd.com\/privacy\/","name":"Pol\u00edtica de Privacidade - Let&#039;s Go Nerd","isPartOf":{"@id":"https:\/\/letsgonerd.com\/#website"},"datePublished":"2025-02-04T16:30:46+00:00","dateModified":"2025-10-13T18:48:50+00:00","breadcrumb":{"@id":"https:\/\/letsgonerd.com\/privacy\/#breadcrumb"},"inLanguage":"fr-FR","potentialAction":[{"@type":"ReadAction","target":["https:\/\/letsgonerd.com\/privacy\/"]}]},{"@type":"BreadcrumbList","@id":"https:\/\/letsgonerd.com\/privacy\/#breadcrumb","itemListElement":[{"@type":"ListItem","position":1,"name":"Home","item":"https:\/\/letsgonerd.com\/"},{"@type":"ListItem","position":2,"name":"Pol\u00edtica de Privacidade"}]},{"@type":"WebSite","@id":"https:\/\/letsgonerd.com\/#website","url":"https:\/\/letsgonerd.com\/","name":"Let&#039;s Go Nerd","description":"","potentialAction":[{"@type":"SearchAction","target":{"@type":"EntryPoint","urlTemplate":"https:\/\/letsgonerd.com\/?s={search_term_string}"},"query-input":"required name=search_term_string"}],"inLanguage":"fr-FR"}]}},"_links":{"self":[{"href":"https:\/\/letsgonerd.com\/fr\/wp-json\/wp\/v2\/pages\/348"}],"collection":[{"href":"https:\/\/letsgonerd.com\/fr\/wp-json\/wp\/v2\/pages"}],"about":[{"href":"https:\/\/letsgonerd.com\/fr\/wp-json\/wp\/v2\/types\/page"}],"author":[{"embeddable":true,"href":"https:\/\/letsgonerd.com\/fr\/wp-json\/wp\/v2\/users\/5"}],"replies":[{"embeddable":true,"href":"https:\/\/letsgonerd.com\/fr\/wp-json\/wp\/v2\/comments?post=348"}],"version-history":[{"count":12,"href":"https:\/\/letsgonerd.com\/fr\/wp-json\/wp\/v2\/pages\/348\/revisions"}],"predecessor-version":[{"id":946,"href":"https:\/\/letsgonerd.com\/fr\/wp-json\/wp\/v2\/pages\/348\/revisions\/946"}],"wp:attachment":[{"href":"https:\/\/letsgonerd.com\/fr\/wp-json\/wp\/v2\/media?parent=348"}],"curies":[{"name":"wp","href":"https:\/\/api.w.org\/{rel}","templated":true}]}}