{"id":361,"date":"2025-02-04T17:45:59","date_gmt":"2025-02-04T17:45:59","guid":{"rendered":"https:\/\/letsgonerd.com\/?page_id=361"},"modified":"2025-07-30T20:02:13","modified_gmt":"2025-07-30T20:02:13","slug":"about-us","status":"publish","type":"page","link":"https:\/\/letsgonerd.com\/es\/about-us\/","title":{"rendered":"Sobre nosotros"},"content":{"rendered":"<h2 class=\"wp-block-heading\">\u00bfBuscas aprender algo nuevo y sumergirte en el universo nerd?<\/h2>\n\n\n\n<p>En Let&#039;s Go Nerd, nuestra misi\u00f3n es conectarte con lo mejor del mundo geek, gamer y tecnol\u00f3gico. Creemos que aprender puede ser tan divertido como explorar un nuevo juego, ver un anime cautivador o sumergirte en un curso que ampl\u00ede tus horizontes. Aqu\u00ed encontrar\u00e1s contenido seleccionado sobre cursos, tecnolog\u00eda, cultura geek y todo lo que mueve este vibrante universo.<\/p>\n\n\n\n<h2 class=\"wp-block-heading\"><strong>\u00bfQuienes somos?<\/strong><\/h2>\n\n\n\n<p>Let&#039;s Go Nerd es un portal creado por apasionados de la tecnolog\u00eda, los videojuegos, las series y la cultura nerd. Nuestro compromiso es brindar informaci\u00f3n de calidad de forma accesible y din\u00e1mica, ayud\u00e1ndote a descubrir nuevas oportunidades de aprendizaje, herramientas innovadoras y las \u00faltimas tendencias del mundo digital.<\/p>\n\n\n\n<h2 class=\"wp-block-heading\"><strong>\u00bfPor qu\u00e9 estamos aqu\u00ed?<\/strong><\/h2>\n\n\n\n<p>Queremos ser tu punto de referencia para todo lo relacionado con la tecnolog\u00eda y la tecnolog\u00eda. Ya sea que busques cursos en l\u00ednea, consejos sobre apps, noticias del mundo gaming o recomendaciones imprescindibles, actualizamos constantemente nuestro contenido para mantenerte informado e inspirado.<\/p>\n\n\n\n<h2 class=\"wp-block-heading\"><strong>\u00a1Tu opini\u00f3n importa!<\/strong><\/h2>\n\n\n\n<p>\u00a1Nos encanta saber de nuestros lectores! Si tienes alguna sugerencia de contenido o te gustar\u00eda que se trate un tema espec\u00edfico aqu\u00ed, cont\u00e1ctanos. \u00a1Juntos podemos hacer de Let&#039;s Go Nerd un espacio a\u00fan m\u00e1s completo para la comunidad nerd y geek!<\/p>\n\n\n\n<p>\u00a1Bienvenido a Let&#039;s Go Nerd, donde el aprendizaje y la cultura nerd van de la mano!<\/p>","protected":false},"excerpt":{"rendered":"<p>\u00bfBuscas aprender algo nuevo y sumergirte en el mundo nerd? En Let&#039;s Go Nerd, nuestra misi\u00f3n es conectarte con lo mejor del mundo geek, gamer y tecnol\u00f3gico. Creemos que aprender puede ser tan divertido como explorar un nuevo juego, ver un anime cautivador o sumergirte en un curso que ampl\u00ede tus horizontes. Aqu\u00ed encontrar\u00e1s [\u2026]<\/p>","protected":false},"author":5,"featured_media":0,"parent":0,"menu_order":0,"comment_status":"closed","ping_status":"closed","template":"page-nosidebar.php","meta":{"footnotes":""},"yoast_head":"<!-- This site is optimized with the Yoast SEO plugin v23.3 - https:\/\/yoast.com\/wordpress\/plugins\/seo\/ -->\n<title>Sobre N\u00f3s - Let&#039;s Go Nerd<\/title>\n<meta name=\"robots\" content=\"index, follow, max-snippet:-1, max-image-preview:large, max-video-preview:-1\" \/>\n<link rel=\"canonical\" href=\"https:\/\/letsgonerd.com\/es\/about-us\/\" \/>\n<meta property=\"og:locale\" content=\"es_MX\" \/>\n<meta property=\"og:type\" content=\"article\" \/>\n<meta property=\"og:title\" content=\"Sobre N\u00f3s - Let&#039;s Go Nerd\" \/>\n<meta property=\"og:description\" content=\"Procurando aprender algo novo e mergulhar no universo nerd? No Let&#8217;s Go Nerd, nossa miss\u00e3o \u00e9 conectar voc\u00ea ao melhor do mundo geek, gamer e tecnol\u00f3gico. Acreditamos que aprender pode ser t\u00e3o divertido quanto explorar um novo jogo, assistir a um anime cativante ou mergulhar em um curso que expande seus horizontes. Aqui, voc\u00ea encontra [&hellip;]\" \/>\n<meta property=\"og:url\" content=\"https:\/\/letsgonerd.com\/es\/about-us\/\" \/>\n<meta property=\"og:site_name\" content=\"Let&#039;s Go Nerd\" \/>\n<meta property=\"article:modified_time\" content=\"2025-07-30T20:02:13+00:00\" \/>\n<meta name=\"twitter:card\" content=\"summary_large_image\" \/>\n<meta name=\"twitter:label1\" content=\"Est. reading time\" \/>\n\t<meta name=\"twitter:data1\" content=\"2 minutos\" \/>\n<script type=\"application\/ld+json\" class=\"yoast-schema-graph\">{\"@context\":\"https:\/\/schema.org\",\"@graph\":[{\"@type\":\"WebPage\",\"@id\":\"https:\/\/letsgonerd.com\/about-us\/\",\"url\":\"https:\/\/letsgonerd.com\/about-us\/\",\"name\":\"Sobre N\u00f3s - Let&#039;s Go Nerd\",\"isPartOf\":{\"@id\":\"https:\/\/letsgonerd.com\/#website\"},\"datePublished\":\"2025-02-04T17:45:59+00:00\",\"dateModified\":\"2025-07-30T20:02:13+00:00\",\"breadcrumb\":{\"@id\":\"https:\/\/letsgonerd.com\/about-us\/#breadcrumb\"},\"inLanguage\":\"es-MX\",\"potentialAction\":[{\"@type\":\"ReadAction\",\"target\":[\"https:\/\/letsgonerd.com\/about-us\/\"]}]},{\"@type\":\"BreadcrumbList\",\"@id\":\"https:\/\/letsgonerd.com\/about-us\/#breadcrumb\",\"itemListElement\":[{\"@type\":\"ListItem\",\"position\":1,\"name\":\"Home\",\"item\":\"https:\/\/letsgonerd.com\/\"},{\"@type\":\"ListItem\",\"position\":2,\"name\":\"Sobre N\u00f3s\"}]},{\"@type\":\"WebSite\",\"@id\":\"https:\/\/letsgonerd.com\/#website\",\"url\":\"https:\/\/letsgonerd.com\/\",\"name\":\"Let&#039;s Go Nerd\",\"description\":\"\",\"potentialAction\":[{\"@type\":\"SearchAction\",\"target\":{\"@type\":\"EntryPoint\",\"urlTemplate\":\"https:\/\/letsgonerd.com\/?s={search_term_string}\"},\"query-input\":\"required name=search_term_string\"}],\"inLanguage\":\"es-MX\"}]}<\/script>\n<!-- \/ Yoast SEO plugin. -->","yoast_head_json":{"title":"Sobre N\u00f3s - Let&#039;s Go Nerd","robots":{"index":"index","follow":"follow","max-snippet":"max-snippet:-1","max-image-preview":"max-image-preview:large","max-video-preview":"max-video-preview:-1"},"canonical":"https:\/\/letsgonerd.com\/es\/about-us\/","og_locale":"es_MX","og_type":"article","og_title":"Sobre N\u00f3s - Let&#039;s Go Nerd","og_description":"Procurando aprender algo novo e mergulhar no universo nerd? No Let&#8217;s Go Nerd, nossa miss\u00e3o \u00e9 conectar voc\u00ea ao melhor do mundo geek, gamer e tecnol\u00f3gico. Acreditamos que aprender pode ser t\u00e3o divertido quanto explorar um novo jogo, assistir a um anime cativante ou mergulhar em um curso que expande seus horizontes. Aqui, voc\u00ea encontra [&hellip;]","og_url":"https:\/\/letsgonerd.com\/es\/about-us\/","og_site_name":"Let&#039;s Go Nerd","article_modified_time":"2025-07-30T20:02:13+00:00","twitter_card":"summary_large_image","twitter_misc":{"Est. reading time":"2 minutos"},"schema":{"@context":"https:\/\/schema.org","@graph":[{"@type":"WebPage","@id":"https:\/\/letsgonerd.com\/about-us\/","url":"https:\/\/letsgonerd.com\/about-us\/","name":"Sobre N\u00f3s - Let&#039;s Go Nerd","isPartOf":{"@id":"https:\/\/letsgonerd.com\/#website"},"datePublished":"2025-02-04T17:45:59+00:00","dateModified":"2025-07-30T20:02:13+00:00","breadcrumb":{"@id":"https:\/\/letsgonerd.com\/about-us\/#breadcrumb"},"inLanguage":"es-MX","potentialAction":[{"@type":"ReadAction","target":["https:\/\/letsgonerd.com\/about-us\/"]}]},{"@type":"BreadcrumbList","@id":"https:\/\/letsgonerd.com\/about-us\/#breadcrumb","itemListElement":[{"@type":"ListItem","position":1,"name":"Home","item":"https:\/\/letsgonerd.com\/"},{"@type":"ListItem","position":2,"name":"Sobre N\u00f3s"}]},{"@type":"WebSite","@id":"https:\/\/letsgonerd.com\/#website","url":"https:\/\/letsgonerd.com\/","name":"Let&#039;s Go Nerd","description":"","potentialAction":[{"@type":"SearchAction","target":{"@type":"EntryPoint","urlTemplate":"https:\/\/letsgonerd.com\/?s={search_term_string}"},"query-input":"required name=search_term_string"}],"inLanguage":"es-MX"}]}},"_links":{"self":[{"href":"https:\/\/letsgonerd.com\/es\/wp-json\/wp\/v2\/pages\/361"}],"collection":[{"href":"https:\/\/letsgonerd.com\/es\/wp-json\/wp\/v2\/pages"}],"about":[{"href":"https:\/\/letsgonerd.com\/es\/wp-json\/wp\/v2\/types\/page"}],"author":[{"embeddable":true,"href":"https:\/\/letsgonerd.com\/es\/wp-json\/wp\/v2\/users\/5"}],"replies":[{"embeddable":true,"href":"https:\/\/letsgonerd.com\/es\/wp-json\/wp\/v2\/comments?post=361"}],"version-history":[{"count":1,"href":"https:\/\/letsgonerd.com\/es\/wp-json\/wp\/v2\/pages\/361\/revisions"}],"predecessor-version":[{"id":362,"href":"https:\/\/letsgonerd.com\/es\/wp-json\/wp\/v2\/pages\/361\/revisions\/362"}],"wp:attachment":[{"href":"https:\/\/letsgonerd.com\/es\/wp-json\/wp\/v2\/media?parent=361"}],"curies":[{"name":"wp","href":"https:\/\/api.w.org\/{rel}","templated":true}]}}