{"id":348,"date":"2025-02-04T16:30:46","date_gmt":"2025-02-04T16:30:46","guid":{"rendered":"https:\/\/letsgonerd.com\/?page_id=348"},"modified":"2025-10-13T18:48:50","modified_gmt":"2025-10-13T18:48:50","slug":"privacy","status":"publish","type":"page","link":"https:\/\/letsgonerd.com\/es\/privacy\/","title":{"rendered":"pol\u00edtica de privacidad"},"content":{"rendered":"<p>Actualizado el 28 de marzo de 2025.<\/p>\n\n\n\n<h2 class=\"wp-block-heading\"><strong>1. Introducci\u00f3n<\/strong><\/h2>\n\n\n\n<p>Bienvenido a <strong>Vamos Nerd<\/strong>Nuestro objetivo es conectarte con el mundo de los cursos, la tecnolog\u00eda, los juegos y la cultura geek, ofreci\u00e9ndote informaci\u00f3n actualizada y contenido exclusivo.<\/p>\n\n\n\n<p>La privacidad de nuestros usuarios es nuestra prioridad y nos tomamos muy en serio la seguridad de sus datos. Esta Pol\u00edtica de Privacidad describe, de forma clara y transparente, c\u00f3mo recopilamos, almacenamos, usamos y protegemos su informaci\u00f3n cuando accede a nuestro sitio web.<a href=\"https:\/\/letsgonerd.com\/es\/\"> <strong>https:\/\/letsgonerd.com<\/strong><\/a>.<\/p>\n\n\n\n<p>Al navegar e interactuar con nuestra plataforma, acepta los t\u00e9rminos aqu\u00ed establecidos. Si no est\u00e1 de acuerdo con esta pol\u00edtica, le recomendamos que deje de usar nuestros servicios.<\/p>\n\n\n\n<p>Si tiene alguna pregunta o necesita alguna aclaraci\u00f3n, p\u00f3ngase en contacto con nosotros a trav\u00e9s de la p\u00e1gina de contacto.<\/p>\n\n\n\n<h2 class=\"wp-block-heading\"><strong>2. Alcance de la Pol\u00edtica de Privacidad<\/strong><\/h2>\n\n\n\n<p>Esta pol\u00edtica se aplica exclusivamente a <strong>Vamos Nerd<\/strong> y cubre la recopilaci\u00f3n y uso de datos personales y no personales de los usuarios mientras navegan, completan formularios o interact\u00faan con nuestro contenido.<\/p>\n\n\n\n<p>Ella <strong>no aplica<\/strong> a datos recopilados por terceros, como anunciantes, plataformas externas o servicios de socios. Si se le redirige a otro sitio web a trav\u00e9s de enlaces presentes en nuestro contenido, le recomendamos que lea la pol\u00edtica de privacidad de esa plataforma antes de proporcionar cualquier informaci\u00f3n.<\/p>\n\n\n\n<h2 class=\"wp-block-heading\"><strong>3. Consent<\/strong><\/h2>\n\n\n\n<p>Al acceder a Let&#039;s Go Nerd y utilizar nuestros servicios, usted est\u00e1 <strong>aceptando expresamente<\/strong> Con esta Pol\u00edtica de Privacidad, su consentimiento incluye la recopilaci\u00f3n, el almacenamiento y el uso de sus datos seg\u00fan lo descrito en este documento.<\/p>\n\n\n\n<p>Si no est\u00e1 de acuerdo con nuestras pr\u00e1cticas, le pedimos que deje de usar la plataforma inmediatamente. Tambi\u00e9n puede <strong>revocar su consentimiento<\/strong> en cualquier momento enviando una solicitud a la p\u00e1gina de contacto.<\/p>\n\n\n\n<h3 class=\"wp-block-heading\"><strong>Uso de la Inteligencia Artificial (IA)<\/strong><\/h3>\n\n\n\n<p>Let&#039;s Go Nerd utiliza herramientas de inteligencia artificial como parte del proceso creativo para producir contenido y recursos visuales de forma m\u00e1s \u00e1gil e innovadora. Esta tecnolog\u00eda nos permite experimentar con nuevas formas de presentar la informaci\u00f3n, buscando siempre ofrecer una experiencia m\u00e1s atractiva y actualizada a nuestros visitantes.<\/p>\n\n\n\n<p>Sin embargo, el uso de IA no es autom\u00e1tico ni aleatorio. Cada material generado con este soporte se somete a una revisi\u00f3n humana, lo que garantiza que el contenido final tenga sentido, sea fiable y se ajuste a la propuesta del sitio web.<\/p>\n\n\n\n<p>Creemos que la tecnolog\u00eda puede aportar valor, pero nunca reemplazar el criterio y la atenci\u00f3n humanos. Por eso, utilizamos la inteligencia artificial de forma responsable, \u00e9tica y con total transparencia.<\/p>\n\n\n\n<p>Si tienes curiosidad sobre c\u00f3mo usamos la IA aqu\u00ed o quieres hablar sobre un tema espec\u00edfico, cont\u00e1ctanos. Siempre estamos listos para conversar contigo.<\/p>\n\n\n\n<h2 class=\"wp-block-heading\"><strong>4. \u00bfQu\u00e9 datos recopilamos?<\/strong><\/h2>\n\n\n\n<p>Let&#039;s Go Nerd puede recopilar informaci\u00f3n personal y no personal de diferentes maneras, como se describe a continuaci\u00f3n:<\/p>\n\n\n\n<h3 class=\"wp-block-heading\"><strong>4.1. Informaci\u00f3n proporcionada directamente por usted<\/strong><\/h3>\n\n\n\n<p>Al utilizar nuestro sitio web, puede optar por proporcionar informaci\u00f3n a:<\/p>\n\n\n\n<ul>\n<li>Crear una cuenta;<\/li>\n\n\n\n<li>Rellenar formularios de contacto;<\/li>\n\n\n\n<li>Comentar publicaciones;<\/li>\n\n\n\n<li>Suscr\u00edbete a nuestros boletines informativos;<\/li>\n\n\n\n<li>Participar en promociones o encuestas.<\/li>\n<\/ul>\n\n\n\n<p>Los datos recopilados incluyen:<\/p>\n\n\n\n<ul>\n<li>Nombre completo;<\/li>\n\n\n\n<li>Direcci\u00f3n de correo electr\u00f3nico;<\/li>\n\n\n\n<li>N\u00famero de tel\u00e9fono (si corresponde);<\/li>\n\n\n\n<li>Preferencias de cursos y tecnolog\u00eda;<\/li>\n\n\n\n<li>Informaci\u00f3n adicional proporcionada voluntariamente.<\/li>\n<\/ul>\n\n\n\n<p>Estos datos se utilizan para personalizar su experiencia y garantizar el mejor servicio posible.<\/p>\n\n\n\n<h3 class=\"wp-block-heading\"><strong>4.2. Informaci\u00f3n recopilada autom\u00e1ticamente<\/strong><\/h3>\n\n\n\n<p>Cuando accede a nuestro sitio web, recopilamos <strong>datos t\u00e9cnicos y de navegaci\u00f3n<\/strong> Para comprender el comportamiento del usuario y mejorar nuestros servicios. Estas incluyen:<\/p>\n\n\n\n<ul>\n<li>Direcci\u00f3n IP;<\/li>\n\n\n\n<li>Tipo de navegador y sistema operativo;<\/li>\n\n\n\n<li>P\u00e1ginas visitadas y tiempo empleado;<\/li>\n\n\n\n<li>Fecha y hora de acceso.<\/li>\n<\/ul>\n\n\n\n<p>Esta informaci\u00f3n se recopila a trav\u00e9s de <strong>galletas<\/strong> y otras tecnolog\u00edas similares.<\/p>\n\n\n\n<h3 class=\"wp-block-heading\"><strong>4.3. Informaci\u00f3n obtenida de terceros<\/strong><\/h3>\n\n\n\n<p>Podemos recibir datos de <strong>socios publicitarios y plataformas de an\u00e1lisis<\/strong>, como Google Analytics y Facebook Ads. Estos datos ayudan a personalizar los anuncios y optimizar el rendimiento del sitio web.<\/p>\n\n\n\n<p>Puede ajustar su configuraci\u00f3n de anuncios directamente en estas plataformas para limitar el intercambio de informaci\u00f3n.<\/p>\n\n\n\n<h2 class=\"wp-block-heading\"><strong>5. \u00bfC\u00f3mo utilizamos sus datos?<\/strong><\/h2>\n\n\n\n<p>Los datos recopilados se utilizan para:<\/p>\n\n\n\n<ul>\n<li><strong>Personaliza tu experiencia<\/strong> \u2013 Te recomendamos cursos, art\u00edculos y contenidos relevantes en funci\u00f3n de tus intereses.<\/li>\n\n\n\n<li><strong>Mejorar nuestro sitio web<\/strong> \u2013 Monitoreamos las estad\u00edsticas de uso para optimizar el rendimiento y la navegaci\u00f3n.<\/li>\n\n\n\n<li><strong>Enviar comunicaciones<\/strong> \u2013 Correos electr\u00f3nicos con noticias, promociones e informaci\u00f3n sobre cursos. Puedes darte de baja en cualquier momento.<\/li>\n\n\n\n<li><strong>Mostrar anuncios personalizados<\/strong> \u2013 Trabajamos con redes publicitarias para ofrecer anuncios alineados con tu perfil.<\/li>\n\n\n\n<li><strong>Garantizar la seguridad de la plataforma<\/strong> \u2013 Monitoreamos las actividades para prevenir fraudes y accesos no autorizados.<\/li>\n<\/ul>\n\n\n\n<h2 class=\"wp-block-heading\"><strong>6. Intercambio de informaci\u00f3n<\/strong><\/h2>\n\n\n\n<p>Vamos Nerd <strong>no vende ni comparte<\/strong> Sus datos personales se compartir\u00e1n con terceros con fines comerciales. Sin embargo, es posible que compartamos cierta informaci\u00f3n con:<\/p>\n\n\n\n<ul>\n<li><strong>Socios publicitarios<\/strong> \u2013 Para personalizar los anuncios mostrados en el sitio web;<\/li>\n\n\n\n<li><strong>Proveedores de servicios de an\u00e1lisis<\/strong> \u2013 Como Google Analytics, para comprender el comportamiento del usuario;<\/li>\n\n\n\n<li><strong>Autoridades legales<\/strong> \u2013 Si es necesario para cumplir con obligaciones legales o responder a procedimientos judiciales.<\/li>\n<\/ul>\n\n\n\n<p>Nuestro compromiso es garantizar la m\u00e1xima transparencia sobre c\u00f3mo se tratan sus datos.<\/p>\n\n\n\n<h2 class=\"wp-block-heading\"><strong>7. Seguridad y protecci\u00f3n de datos<\/strong><\/h2>\n\n\n\n<p>Proteger su informaci\u00f3n es una prioridad en <strong>Vamos Nerd<\/strong>Implementamos medidas t\u00e9cnicas y organizativas para garantizar la seguridad de sus datos y minimizar los riesgos de acceso no autorizado, mal uso, alteraci\u00f3n, fuga o destrucci\u00f3n accidental.<\/p>\n\n\n\n<h3 class=\"wp-block-heading\"><strong>7.1. Medidas de seguridad utilizadas<\/strong><\/h3>\n\n\n\n<ul>\n<li><strong>Cifrado de datos<\/strong> \u2013 La informaci\u00f3n confidencial que recopilamos se almacena de forma encriptada para evitar el acceso no autorizado.<\/li>\n\n\n\n<li><strong>Protecci\u00f3n contra el acceso no autorizado<\/strong> \u2013 Implementamos firewalls, sistemas de detecci\u00f3n de intrusos y monitoreo continuo para prevenir ataques cibern\u00e9ticos.<\/li>\n\n\n\n<li><strong>Control de acceso restringido<\/strong> \u2013 S\u00f3lo los empleados autorizados pueden acceder a los datos personales, y esto se hace siguiendo estrictos protocolos de seguridad.<\/li>\n\n\n\n<li><strong>Monitoreo de vulnerabilidades<\/strong> \u2013 Realizamos auditor\u00edas peri\u00f3dicas para identificar y corregir posibles fallas en la seguridad de la informaci\u00f3n.<\/li>\n\n\n\n<li><strong>Entrenamiento en equipo<\/strong> \u2013 Nuestro equipo recibe capacitaci\u00f3n peri\u00f3dica sobre buenas pr\u00e1cticas de seguridad de la informaci\u00f3n y privacidad.<\/li>\n<\/ul>\n\n\n\n<h3 class=\"wp-block-heading\"><strong>7.2. Limitaciones de seguridad<\/strong><\/h3>\n\n\n\n<p>A pesar de nuestros esfuerzos por garantizar la seguridad de los datos, es importante recordar que <strong>Ning\u00fan sistema es a prueba de manipulaciones 100%<\/strong>Pueden ocurrir ataques cibern\u00e9ticos sofisticados y la seguridad tambi\u00e9n depende de las propias pr\u00e1cticas del usuario.<\/p>\n\n\n\n<p><strong>Recomendaciones para su protecci\u00f3n:<\/strong><\/p>\n\n\n\n<ul>\n<li><strong>Evite las contrase\u00f1as d\u00e9biles<\/strong> \u2013 Utilizar combinaciones fuertes y \u00fanicas para cada servicio;<\/li>\n\n\n\n<li><strong>No compartas tus credenciales<\/strong> - El <strong>Vamos Nerd<\/strong> nunca le pedir\u00e1 su contrase\u00f1a fuera del entorno del sitio web oficial;<\/li>\n\n\n\n<li><strong>Tenga cuidado con los enlaces sospechosos<\/strong> \u2013 No haga clic en enlaces desconocidos que dicen ser de <strong>Vamos Nerd<\/strong> sin verificar su autenticidad.<\/li>\n<\/ul>\n\n\n\n<p>Si nota alguna actividad sospechosa relacionada con su cuenta, comun\u00edquese con nosotros de inmediato a trav\u00e9s de la p\u00e1gina de contacto.<\/p>\n\n\n\n<h2 class=\"wp-block-heading\"><strong>8. Derechos de usuario y gesti\u00f3n de la informaci\u00f3n<\/strong><\/h2>\n\n\n\n<p>Usuarios de la <strong>Vamos Nerd<\/strong> tienen pleno control sobre sus datos personales y pueden ejercer diversos derechos, tal y como prev\u00e9 la legislaci\u00f3n vigente, incluido el <strong>Reglamento General de Protecci\u00f3n de Datos (RGPD)<\/strong> y el <strong>Ley de Privacidad del Consumidor de California (CCPA)<\/strong>.<\/p>\n\n\n\n<h3 class=\"wp-block-heading\"><strong>8.1. Sus derechos<\/strong><\/h3>\n\n\n\n<p>Usted tiene derecho a:<\/p>\n\n\n\n<ul>\n<li><strong>Acceda a sus datos<\/strong> \u2013 Solicitar una copia de la informaci\u00f3n personal que almacenamos sobre usted.<\/li>\n\n\n\n<li><strong>Informaci\u00f3n correcta<\/strong> \u2013 Si sus datos son incorrectos o no est\u00e1n actualizados, puede solicitar su correcci\u00f3n.<\/li>\n\n\n\n<li><strong>Solicitar eliminaci\u00f3n<\/strong> \u2013 Puede solicitar la eliminaci\u00f3n de sus datos personales de nuestro sistema, a menos que exista una necesidad legal de conservaci\u00f3n.<\/li>\n\n\n\n<li><strong>Restringir u oponerse al procesamiento<\/strong> \u2013 Si lo desea, puede limitar el uso de sus datos u oponerse al tratamiento que realizamos.<\/li>\n\n\n\n<li><strong>Solicitar portabilidad de datos<\/strong> \u2013 Si desea transferir sus datos a otro servicio, podemos proporcion\u00e1rselos en un formato estructurado y legible.<\/li>\n\n\n\n<li><strong>Darse de baja del marketing directo<\/strong> Puede cancelar la suscripci\u00f3n a nuestros correos electr\u00f3nicos promocionales en cualquier momento. Simplemente haga clic en el enlace para cancelar la suscripci\u00f3n en el pie de p\u00e1gina de nuestras comunicaciones o env\u00ede una solicitud a nuestro equipo de soporte.<\/li>\n<\/ul>\n\n\n\n<h3 class=\"wp-block-heading\"><strong>8.2. C\u00f3mo ejercer sus derechos<\/strong><\/h3>\n\n\n\n<p>Para ejercer cualquiera de estos derechos, env\u00ede un mensaje en la p\u00e1gina de contacto con el asunto \u201cSolicitud de Datos\u201d.<\/p>\n\n\n\n<p>Si es necesario, podemos solicitar confirmaci\u00f3n de la identidad del solicitante para prevenir fraudes y garantizar la seguridad de los datos.<\/p>\n\n\n\n<p>Responderemos a las solicitudes dentro del plazo legal. <strong>hasta 30 d\u00edas<\/strong>.<\/p>\n\n\n\n<h2 class=\"wp-block-heading\"><strong>9. Cookies y tecnolog\u00edas de seguimiento<\/strong><\/h2>\n\n\n\n<p>Las cookies son peque\u00f1os archivos de texto que se almacenan en su dispositivo cuando accede al sitio web. <strong>Vamos Nerd<\/strong>Nos ayudan a comprender c\u00f3mo interact\u00faas con nuestro sitio web, lo que nos permite mejorar tu experiencia y personalizar el contenido que mostramos.<\/p>\n\n\n\n<h3 class=\"wp-block-heading\"><strong>9.1. \u00bfC\u00f3mo utilizamos las cookies?<\/strong><\/h3>\n\n\n\n<ul>\n<li><strong>Personalizando la experiencia<\/strong> \u2013 Guardamos tus preferencias para optimizar tu experiencia de navegaci\u00f3n.<\/li>\n\n\n\n<li><strong>An\u00e1lisis de rendimiento<\/strong> \u2013 Recopilamos estad\u00edsticas sobre visitas, p\u00e1ginas m\u00e1s accedidas y tiempo de permanencia en el sitio para mejorar nuestros servicios.<\/li>\n\n\n\n<li><strong>Publicidad dirigida<\/strong> \u2013 Utilizamos cookies para mostrar anuncios relevantes seg\u00fan tus intereses.<\/li>\n<\/ul>\n\n\n\n<h3 class=\"wp-block-heading\"><strong>9.2. Tipos de cookies que utilizamos<\/strong><\/h3>\n\n\n\n<ul>\n<li><strong>Cookies esenciales<\/strong> Necesarias para el funcionamiento del sitio web. Sin ellas, algunas funciones podr\u00edan no estar disponibles.<\/li>\n\n\n\n<li><strong>Cookies de rendimiento<\/strong> \u2013 Recopilar datos sobre c\u00f3mo utiliza el sitio web, lo que ayuda a mejorar su experiencia.<\/li>\n\n\n\n<li><strong>Cookies publicitarias<\/strong> \u2013 Proporcionar anuncios relevantes seg\u00fan su perfil y navegaci\u00f3n.<\/li>\n\n\n\n<li><strong>Cookies de terceros<\/strong> \u2013 Utilizado por herramientas como <strong>Google Analytics<\/strong>, <strong>P\u00edxel de Facebook<\/strong> y plataformas publicitarias.<\/li>\n<\/ul>\n\n\n\n<h3 class=\"wp-block-heading\"><strong>9.3. Gesti\u00f3n de cookies<\/strong><\/h3>\n\n\n\n<p>Puede configurar su navegador para aceptar, rechazar o eliminar las cookies. Si decide bloquear todas las cookies, es posible que algunas funciones del sitio web se vean afectadas.<\/p>\n\n\n\n<p>Para deshabilitar las cookies, siga las instrucciones de su navegador:<\/p>\n\n\n\n<ul>\n<li><strong>Google Chrome<\/strong> <\/li>\n\n\n\n<li><strong>Mozilla Firefox<\/strong> <\/li>\n\n\n\n<li><strong>Microsoft Edge<\/strong> <\/li>\n\n\n\n<li><strong>Safari<\/strong><\/li>\n<\/ul>\n\n\n\n<p>Tambi\u00e9n puede inhabilitar los anuncios personalizados visitando www.aboutads.info.<\/p>\n\n\n\n<h2 class=\"wp-block-heading\"><strong>10. Actualizaciones y cambios en la Pol\u00edtica de Privacidad<\/strong><\/h2>\n\n\n\n<p>EL <strong>Vamos Nerd<\/strong> Es posible que actualicemos esta Pol\u00edtica de Privacidad peri\u00f3dicamente para reflejar cambios legales, nuevas tecnolog\u00edas o mejoras del servicio.<\/p>\n\n\n\n<h3 class=\"wp-block-heading\"><strong>10.1. \u00bfC\u00f3mo informaremos los cambios?<\/strong><\/h3>\n\n\n\n<ul>\n<li>Notificaci\u00f3n en el propio sitio web;<\/li>\n\n\n\n<li>Correo electr\u00f3nico para usuarios registrados;<\/li>\n\n\n\n<li>Actualizar la fecha de modificaci\u00f3n en el documento.<\/li>\n<\/ul>\n\n\n\n<p>La \u00faltima versi\u00f3n siempre estar\u00e1 disponible en el sitio web. Le recomendamos que revise esta p\u00e1gina peri\u00f3dicamente para mantenerse al tanto de cualquier cambio.<\/p>\n\n\n\n<p>Si contin\u00faa utilizando nuestros servicios despu\u00e9s de que se publiquen los cambios, entenderemos que acepta los nuevos t\u00e9rminos.<\/p>\n\n\n\n<h2 class=\"wp-block-heading\"><strong>11. C\u00f3mo contactarnos<\/strong><\/h2>\n\n\n\n<p>Si tiene alguna pregunta, sugerencia o necesita alguna aclaraci\u00f3n sobre esta Pol\u00edtica de Privacidad, p\u00f3ngase en contacto con nosotros a trav\u00e9s de la p\u00e1gina de contacto.<\/p>\n\n\n\n<p>Nuestro soporte est\u00e1 disponible para responder a sus solicitudes y garantizar su privacidad al navegar por el sitio. <strong>Vamos Nerd<\/strong>.<\/p>","protected":false},"excerpt":{"rendered":"<p>Actualizado el 28 de marzo de 2025. 1. Introducci\u00f3n \u00a1Bienvenido a Let&#039;s Go Nerd! Nuestro objetivo es conectarte con el mundo de los cursos, la tecnolog\u00eda, los videojuegos y la cultura geek, ofreci\u00e9ndote informaci\u00f3n actualizada y contenido exclusivo. La privacidad de nuestros usuarios es nuestra prioridad y nos tomamos muy en serio la seguridad de tus datos. Esta Pol\u00edtica de Privacidad [\u2026]<\/p>","protected":false},"author":5,"featured_media":0,"parent":0,"menu_order":0,"comment_status":"closed","ping_status":"closed","template":"page-nosidebar.php","meta":{"footnotes":""},"yoast_head":"<!-- This site is optimized with the Yoast SEO plugin v23.3 - https:\/\/yoast.com\/wordpress\/plugins\/seo\/ -->\n<title>Pol\u00edtica de Privacidade - Let&#039;s Go Nerd<\/title>\n<meta name=\"robots\" content=\"index, follow, max-snippet:-1, max-image-preview:large, max-video-preview:-1\" \/>\n<link rel=\"canonical\" href=\"https:\/\/letsgonerd.com\/es\/privacy\/\" \/>\n<meta property=\"og:locale\" content=\"es_MX\" \/>\n<meta property=\"og:type\" content=\"article\" \/>\n<meta property=\"og:title\" content=\"Pol\u00edtica de Privacidade - Let&#039;s Go Nerd\" \/>\n<meta property=\"og:description\" content=\"Atualizada em 28 de Mar\u00e7o de 2025. 1. Introdu\u00e7\u00e3o Bem-vindo ao Let&#8217;s Go Nerd! Nosso objetivo \u00e9 conectar voc\u00ea ao universo dos cursos, tecnologia, games e cultura geek, oferecendo informa\u00e7\u00f5es atualizadas e conte\u00fados exclusivos. A privacidade dos nossos usu\u00e1rios \u00e9 uma prioridade e levamos a seguran\u00e7a dos seus dados muito a s\u00e9rio. Esta Pol\u00edtica de [&hellip;]\" \/>\n<meta property=\"og:url\" content=\"https:\/\/letsgonerd.com\/es\/privacy\/\" \/>\n<meta property=\"og:site_name\" content=\"Let&#039;s Go Nerd\" \/>\n<meta property=\"article:modified_time\" content=\"2025-10-13T18:48:50+00:00\" \/>\n<meta name=\"twitter:card\" content=\"summary_large_image\" \/>\n<meta name=\"twitter:label1\" content=\"Est. reading time\" \/>\n\t<meta name=\"twitter:data1\" content=\"9 minutos\" \/>\n<script type=\"application\/ld+json\" class=\"yoast-schema-graph\">{\"@context\":\"https:\/\/schema.org\",\"@graph\":[{\"@type\":\"WebPage\",\"@id\":\"https:\/\/letsgonerd.com\/privacy\/\",\"url\":\"https:\/\/letsgonerd.com\/privacy\/\",\"name\":\"Pol\u00edtica de Privacidade - Let&#039;s Go Nerd\",\"isPartOf\":{\"@id\":\"https:\/\/letsgonerd.com\/#website\"},\"datePublished\":\"2025-02-04T16:30:46+00:00\",\"dateModified\":\"2025-10-13T18:48:50+00:00\",\"breadcrumb\":{\"@id\":\"https:\/\/letsgonerd.com\/privacy\/#breadcrumb\"},\"inLanguage\":\"es-MX\",\"potentialAction\":[{\"@type\":\"ReadAction\",\"target\":[\"https:\/\/letsgonerd.com\/privacy\/\"]}]},{\"@type\":\"BreadcrumbList\",\"@id\":\"https:\/\/letsgonerd.com\/privacy\/#breadcrumb\",\"itemListElement\":[{\"@type\":\"ListItem\",\"position\":1,\"name\":\"Home\",\"item\":\"https:\/\/letsgonerd.com\/\"},{\"@type\":\"ListItem\",\"position\":2,\"name\":\"Pol\u00edtica de Privacidade\"}]},{\"@type\":\"WebSite\",\"@id\":\"https:\/\/letsgonerd.com\/#website\",\"url\":\"https:\/\/letsgonerd.com\/\",\"name\":\"Let&#039;s Go Nerd\",\"description\":\"\",\"potentialAction\":[{\"@type\":\"SearchAction\",\"target\":{\"@type\":\"EntryPoint\",\"urlTemplate\":\"https:\/\/letsgonerd.com\/?s={search_term_string}\"},\"query-input\":\"required name=search_term_string\"}],\"inLanguage\":\"es-MX\"}]}<\/script>\n<!-- \/ Yoast SEO plugin. -->","yoast_head_json":{"title":"Pol\u00edtica de Privacidade - Let&#039;s Go Nerd","robots":{"index":"index","follow":"follow","max-snippet":"max-snippet:-1","max-image-preview":"max-image-preview:large","max-video-preview":"max-video-preview:-1"},"canonical":"https:\/\/letsgonerd.com\/es\/privacy\/","og_locale":"es_MX","og_type":"article","og_title":"Pol\u00edtica de Privacidade - Let&#039;s Go Nerd","og_description":"Atualizada em 28 de Mar\u00e7o de 2025. 1. Introdu\u00e7\u00e3o Bem-vindo ao Let&#8217;s Go Nerd! Nosso objetivo \u00e9 conectar voc\u00ea ao universo dos cursos, tecnologia, games e cultura geek, oferecendo informa\u00e7\u00f5es atualizadas e conte\u00fados exclusivos. A privacidade dos nossos usu\u00e1rios \u00e9 uma prioridade e levamos a seguran\u00e7a dos seus dados muito a s\u00e9rio. Esta Pol\u00edtica de [&hellip;]","og_url":"https:\/\/letsgonerd.com\/es\/privacy\/","og_site_name":"Let&#039;s Go Nerd","article_modified_time":"2025-10-13T18:48:50+00:00","twitter_card":"summary_large_image","twitter_misc":{"Est. reading time":"9 minutos"},"schema":{"@context":"https:\/\/schema.org","@graph":[{"@type":"WebPage","@id":"https:\/\/letsgonerd.com\/privacy\/","url":"https:\/\/letsgonerd.com\/privacy\/","name":"Pol\u00edtica de Privacidade - Let&#039;s Go Nerd","isPartOf":{"@id":"https:\/\/letsgonerd.com\/#website"},"datePublished":"2025-02-04T16:30:46+00:00","dateModified":"2025-10-13T18:48:50+00:00","breadcrumb":{"@id":"https:\/\/letsgonerd.com\/privacy\/#breadcrumb"},"inLanguage":"es-MX","potentialAction":[{"@type":"ReadAction","target":["https:\/\/letsgonerd.com\/privacy\/"]}]},{"@type":"BreadcrumbList","@id":"https:\/\/letsgonerd.com\/privacy\/#breadcrumb","itemListElement":[{"@type":"ListItem","position":1,"name":"Home","item":"https:\/\/letsgonerd.com\/"},{"@type":"ListItem","position":2,"name":"Pol\u00edtica de Privacidade"}]},{"@type":"WebSite","@id":"https:\/\/letsgonerd.com\/#website","url":"https:\/\/letsgonerd.com\/","name":"Let&#039;s Go Nerd","description":"","potentialAction":[{"@type":"SearchAction","target":{"@type":"EntryPoint","urlTemplate":"https:\/\/letsgonerd.com\/?s={search_term_string}"},"query-input":"required name=search_term_string"}],"inLanguage":"es-MX"}]}},"_links":{"self":[{"href":"https:\/\/letsgonerd.com\/es\/wp-json\/wp\/v2\/pages\/348"}],"collection":[{"href":"https:\/\/letsgonerd.com\/es\/wp-json\/wp\/v2\/pages"}],"about":[{"href":"https:\/\/letsgonerd.com\/es\/wp-json\/wp\/v2\/types\/page"}],"author":[{"embeddable":true,"href":"https:\/\/letsgonerd.com\/es\/wp-json\/wp\/v2\/users\/5"}],"replies":[{"embeddable":true,"href":"https:\/\/letsgonerd.com\/es\/wp-json\/wp\/v2\/comments?post=348"}],"version-history":[{"count":12,"href":"https:\/\/letsgonerd.com\/es\/wp-json\/wp\/v2\/pages\/348\/revisions"}],"predecessor-version":[{"id":946,"href":"https:\/\/letsgonerd.com\/es\/wp-json\/wp\/v2\/pages\/348\/revisions\/946"}],"wp:attachment":[{"href":"https:\/\/letsgonerd.com\/es\/wp-json\/wp\/v2\/media?parent=348"}],"curies":[{"name":"wp","href":"https:\/\/api.w.org\/{rel}","templated":true}]}}