{"id":361,"date":"2025-02-04T17:45:59","date_gmt":"2025-02-04T17:45:59","guid":{"rendered":"https:\/\/letsgonerd.com\/?page_id=361"},"modified":"2025-07-30T20:02:13","modified_gmt":"2025-07-30T20:02:13","slug":"about-us","status":"publish","type":"page","link":"https:\/\/letsgonerd.com\/en\/about-us\/","title":{"rendered":"About Us"},"content":{"rendered":"<h2 class=\"wp-block-heading\">Looking to learn something new and dive into the nerd universe?<\/h2>\n\n\n\n<p>At Let&#039;s Go Nerd, our mission is to connect you with the best of the geek, gamer and technology world. We believe that learning can be as fun as exploring a new game, watching a captivating anime or diving into a course that expands your horizons. Here, you&#039;ll find curated content about courses, technology, geek culture and everything that moves this vibrant universe.<\/p>\n\n\n\n<h2 class=\"wp-block-heading\"><strong>Who are we?<\/strong><\/h2>\n\n\n\n<p>Let&#039;s Go Nerd is a portal created by people who are passionate about technology, games, series and nerd culture. Our commitment is to provide quality information in an accessible and dynamic way, helping you discover new learning opportunities, innovative tools and the hottest trends in the digital world.<\/p>\n\n\n\n<h2 class=\"wp-block-heading\"><strong>Why are we here?<\/strong><\/h2>\n\n\n\n<p>We want to be your reference point for everything related to geek and technology. Whether it&#039;s finding online courses, tips on apps, news from the gaming world or unmissable recommendations, we&#039;re always updating our content to keep you informed and inspired.<\/p>\n\n\n\n<h2 class=\"wp-block-heading\"><strong>Your opinion matters!<\/strong><\/h2>\n\n\n\n<p>We love hearing from our readers! If you have any suggestions for content or would like to see a specific topic covered here, please get in touch. Together, we can make Let&#039;s Go Nerd an even more complete space for the nerd and geek community!<\/p>\n\n\n\n<p>Welcome to Let&#039;s Go Nerd, where learning and nerd culture go hand in hand!<\/p>","protected":false},"excerpt":{"rendered":"<p>Looking to learn something new and dive into the nerd universe? At Let&#039;s Go Nerd, our mission is to connect you with the best of the geek, gamer and technology world. We believe that learning can be as fun as exploring a new game, watching a captivating anime or diving into a course that expands your horizons. Here, you will find [\u2026]<\/p>","protected":false},"author":5,"featured_media":0,"parent":0,"menu_order":0,"comment_status":"closed","ping_status":"closed","template":"page-nosidebar.php","meta":{"footnotes":""},"yoast_head":"<!-- This site is optimized with the Yoast SEO plugin v23.3 - https:\/\/yoast.com\/wordpress\/plugins\/seo\/ -->\n<title>Sobre N\u00f3s - Let&#039;s Go Nerd<\/title>\n<meta name=\"robots\" content=\"index, follow, max-snippet:-1, max-image-preview:large, max-video-preview:-1\" \/>\n<link rel=\"canonical\" href=\"https:\/\/letsgonerd.com\/en\/about-us\/\" \/>\n<meta property=\"og:locale\" content=\"en_US\" \/>\n<meta property=\"og:type\" content=\"article\" \/>\n<meta property=\"og:title\" content=\"Sobre N\u00f3s - Let&#039;s Go Nerd\" \/>\n<meta property=\"og:description\" content=\"Procurando aprender algo novo e mergulhar no universo nerd? No Let&#8217;s Go Nerd, nossa miss\u00e3o \u00e9 conectar voc\u00ea ao melhor do mundo geek, gamer e tecnol\u00f3gico. Acreditamos que aprender pode ser t\u00e3o divertido quanto explorar um novo jogo, assistir a um anime cativante ou mergulhar em um curso que expande seus horizontes. Aqui, voc\u00ea encontra [&hellip;]\" \/>\n<meta property=\"og:url\" content=\"https:\/\/letsgonerd.com\/en\/about-us\/\" \/>\n<meta property=\"og:site_name\" content=\"Let&#039;s Go Nerd\" \/>\n<meta property=\"article:modified_time\" content=\"2025-07-30T20:02:13+00:00\" \/>\n<meta name=\"twitter:card\" content=\"summary_large_image\" \/>\n<meta name=\"twitter:label1\" content=\"Est. reading time\" \/>\n\t<meta name=\"twitter:data1\" content=\"2 minutes\" \/>\n<script type=\"application\/ld+json\" class=\"yoast-schema-graph\">{\"@context\":\"https:\/\/schema.org\",\"@graph\":[{\"@type\":\"WebPage\",\"@id\":\"https:\/\/letsgonerd.com\/about-us\/\",\"url\":\"https:\/\/letsgonerd.com\/about-us\/\",\"name\":\"Sobre N\u00f3s - Let&#039;s Go Nerd\",\"isPartOf\":{\"@id\":\"https:\/\/letsgonerd.com\/#website\"},\"datePublished\":\"2025-02-04T17:45:59+00:00\",\"dateModified\":\"2025-07-30T20:02:13+00:00\",\"breadcrumb\":{\"@id\":\"https:\/\/letsgonerd.com\/about-us\/#breadcrumb\"},\"inLanguage\":\"en-US\",\"potentialAction\":[{\"@type\":\"ReadAction\",\"target\":[\"https:\/\/letsgonerd.com\/about-us\/\"]}]},{\"@type\":\"BreadcrumbList\",\"@id\":\"https:\/\/letsgonerd.com\/about-us\/#breadcrumb\",\"itemListElement\":[{\"@type\":\"ListItem\",\"position\":1,\"name\":\"Home\",\"item\":\"https:\/\/letsgonerd.com\/\"},{\"@type\":\"ListItem\",\"position\":2,\"name\":\"Sobre N\u00f3s\"}]},{\"@type\":\"WebSite\",\"@id\":\"https:\/\/letsgonerd.com\/#website\",\"url\":\"https:\/\/letsgonerd.com\/\",\"name\":\"Let&#039;s Go Nerd\",\"description\":\"\",\"potentialAction\":[{\"@type\":\"SearchAction\",\"target\":{\"@type\":\"EntryPoint\",\"urlTemplate\":\"https:\/\/letsgonerd.com\/?s={search_term_string}\"},\"query-input\":\"required name=search_term_string\"}],\"inLanguage\":\"en-US\"}]}<\/script>\n<!-- \/ Yoast SEO plugin. -->","yoast_head_json":{"title":"Sobre N\u00f3s - Let&#039;s Go Nerd","robots":{"index":"index","follow":"follow","max-snippet":"max-snippet:-1","max-image-preview":"max-image-preview:large","max-video-preview":"max-video-preview:-1"},"canonical":"https:\/\/letsgonerd.com\/en\/about-us\/","og_locale":"en_US","og_type":"article","og_title":"Sobre N\u00f3s - Let&#039;s Go Nerd","og_description":"Procurando aprender algo novo e mergulhar no universo nerd? No Let&#8217;s Go Nerd, nossa miss\u00e3o \u00e9 conectar voc\u00ea ao melhor do mundo geek, gamer e tecnol\u00f3gico. Acreditamos que aprender pode ser t\u00e3o divertido quanto explorar um novo jogo, assistir a um anime cativante ou mergulhar em um curso que expande seus horizontes. Aqui, voc\u00ea encontra [&hellip;]","og_url":"https:\/\/letsgonerd.com\/en\/about-us\/","og_site_name":"Let&#039;s Go Nerd","article_modified_time":"2025-07-30T20:02:13+00:00","twitter_card":"summary_large_image","twitter_misc":{"Est. reading time":"2 minutes"},"schema":{"@context":"https:\/\/schema.org","@graph":[{"@type":"WebPage","@id":"https:\/\/letsgonerd.com\/about-us\/","url":"https:\/\/letsgonerd.com\/about-us\/","name":"Sobre N\u00f3s - Let&#039;s Go Nerd","isPartOf":{"@id":"https:\/\/letsgonerd.com\/#website"},"datePublished":"2025-02-04T17:45:59+00:00","dateModified":"2025-07-30T20:02:13+00:00","breadcrumb":{"@id":"https:\/\/letsgonerd.com\/about-us\/#breadcrumb"},"inLanguage":"en-US","potentialAction":[{"@type":"ReadAction","target":["https:\/\/letsgonerd.com\/about-us\/"]}]},{"@type":"BreadcrumbList","@id":"https:\/\/letsgonerd.com\/about-us\/#breadcrumb","itemListElement":[{"@type":"ListItem","position":1,"name":"Home","item":"https:\/\/letsgonerd.com\/"},{"@type":"ListItem","position":2,"name":"Sobre N\u00f3s"}]},{"@type":"WebSite","@id":"https:\/\/letsgonerd.com\/#website","url":"https:\/\/letsgonerd.com\/","name":"Let&#039;s Go Nerd","description":"","potentialAction":[{"@type":"SearchAction","target":{"@type":"EntryPoint","urlTemplate":"https:\/\/letsgonerd.com\/?s={search_term_string}"},"query-input":"required name=search_term_string"}],"inLanguage":"en-US"}]}},"_links":{"self":[{"href":"https:\/\/letsgonerd.com\/en\/wp-json\/wp\/v2\/pages\/361"}],"collection":[{"href":"https:\/\/letsgonerd.com\/en\/wp-json\/wp\/v2\/pages"}],"about":[{"href":"https:\/\/letsgonerd.com\/en\/wp-json\/wp\/v2\/types\/page"}],"author":[{"embeddable":true,"href":"https:\/\/letsgonerd.com\/en\/wp-json\/wp\/v2\/users\/5"}],"replies":[{"embeddable":true,"href":"https:\/\/letsgonerd.com\/en\/wp-json\/wp\/v2\/comments?post=361"}],"version-history":[{"count":1,"href":"https:\/\/letsgonerd.com\/en\/wp-json\/wp\/v2\/pages\/361\/revisions"}],"predecessor-version":[{"id":362,"href":"https:\/\/letsgonerd.com\/en\/wp-json\/wp\/v2\/pages\/361\/revisions\/362"}],"wp:attachment":[{"href":"https:\/\/letsgonerd.com\/en\/wp-json\/wp\/v2\/media?parent=361"}],"curies":[{"name":"wp","href":"https:\/\/api.w.org\/{rel}","templated":true}]}}